{"id":487,"date":"2020-11-30T08:36:36","date_gmt":"2020-11-30T07:36:36","guid":{"rendered":"http:\/\/shsab.hemsida.eu\/?page_id=487"},"modified":"2021-03-07T16:04:21","modified_gmt":"2021-03-07T15:04:21","slug":"koepvillkor","status":"publish","type":"page","link":"https:\/\/swehospitalsupply.se\/de\/koepvillkor\/","title":{"rendered":"Einkaufsbedingungen"},"content":{"rendered":"<h5>Unternehmen<\/h5>\n<p>F\u00fcr Unternehmen, Gemeinden, Bundesl\u00e4nder und Privatpersonen werden die Artikel mit der jeweils aktuellen Spedition verschickt. Die Versandkosten richten sich nach dem Gewicht und der Gr\u00f6\u00dfe der Sendung. Die Preise auf der Website verstehen sich stets zuz\u00fcglich Versandkosten. Der Versand wird der Rechnung hinzugef\u00fcgt.<\/p>\n<h5>Lieferverantwortung<\/h5>\n<p>Wenn Ihre Sendung unser Lager verlassen hat, geht die Lieferverantwortung auf die Spedition \u00fcber, die Ihre Bestellung liefert. Die SHS AB kann keine Liefergarantie f\u00fcr Artikel gew\u00e4hren, die bei der Bestellung nicht auf Lager sind, oder f\u00fcr Artikel, die unser Lager verlassen haben.<\/p>\n<h5>Nicht abgeholte Pakete<\/h5>\n<p>Wir behalten uns das Recht vor, die Kosten f\u00fcr die Bearbeitung zu berechnen, die bei Lieferhindernissen oder bei nicht abgeholten Paketen anfallen. Daher berechnen wir eine Geb\u00fchr von 285 SEK einschlie\u00dflich Mehrwertsteuer (R\u00fcckversand, Bearbeitungskosten) f\u00fcr Pakete, die nicht abgeholt wurden oder nicht geliefert werden k\u00f6nnen.<\/p>\n<h5>Lieferhindernisse<\/h5>\n<p>Bei Lieferhindernissen aufgrund falscher Angaben des Kunden zur Lieferadresse oder von Kontaktinformationen wie E-Mail-Adresse oder Handynummer f\u00fcr die Benachrichtigung durch \u201eSicher-Innovativ-Mitf\u00fchlend\u201c wird dem Kunden eine Geb\u00fchr berechnet. Stellen Sie daher vor dem Kauf sicher, dass alle Informationen korrekt sind.<\/p>\n<h5>Reklamationen<\/h5>\n<p>Die SHS AB befolgt die Richtlinien des schwedischen Verbraucherkaufgesetzes bez\u00fcglich des Rechts, unsere Produkte zu reklamieren. Das Reklamationsrecht gilt f\u00fcr Herstellungsfehler der von Ihnen bei uns gekauften Artikel. Die Reklamation muss innerhalb einer angemessenen Zeit eingereicht werden, nachdem Sie den Fehler festgestellt haben oder h\u00e4tten feststellen m\u00fcssen. Wenden Sie sich an unseren Kundendienst, wenn Sie einen Artikel reklamieren m\u00f6chten oder mit Ihrem Kauf nicht zufrieden sind. Es ist wichtig, dass Sie als Kunde den Fehler so genau wie m\u00f6glich beschreiben. Die SHS AB beh\u00e4lt sich das Recht vor, eine Reklamation abzulehnen, wenn sich herausstellt, dass das Produkt nach dem schwedischen Verbraucherkaufgesetz nicht fehlerhaft ist. Die SHS AB befolgt immer die jeweils aktuellen Richtlinien des \u00d6ffentlichen Reklamationsamts (siehe arn.se). Weitere Informationen finden Sie auch unter konsumentverket.se. Beschwerden k\u00f6nnen auch an die Website zur gemeinsamen Streitbeilegung der EU gerichtet werden: http:\/\/ec.europa.eu\/odr.<\/p>\n<h5>R\u00fccksendeadresse<\/h5>\n<p>SHS Swedish Hospital Supply AB G\u00c5RDFARIV\u00c4GEN 3 532 38 Skara V\u00e4stra G\u00f6talands l\u00e4n<\/p>\n<h5>R\u00fcckzahlung<\/h5>\n<p>Wenn wir den zur\u00fcckgegebenen Artikel erhalten und \u00fcberpr\u00fcft haben, erstatten wir den gesamten Kaufpreis so schnell wie m\u00f6glich, einschlie\u00dflich etwaiger Versandkosten (nicht die R\u00fccksendekosten), sp\u00e4testens jedoch innerhalb von 30 Tagen.<\/p>\n<h5>Personenbezogene Daten<\/h5>\n<p>Im Zusammenhang mit Ihrer Registrierung und\/oder Bestellung erkl\u00e4ren Sie sich damit einverstanden, dass wir Ihre Daten in unserem Unternehmen speichern und verwenden, um die Dienstleistungen\u00a0 auszuf\u00fchren und bereitzustellen, die Sie von uns erwarten k\u00f6nnen. Gem\u00e4\u00df dem schwedischen Gesetz \u00fcber personenbezogene Daten (PUL) haben Sie das Recht, Auskunft \u00fcber die Daten zu erhalten, die wir \u00fcber Sie registriert haben. Wenn Sie diese Daten f\u00fcr falsch oder irrelevant halten, k\u00f6nnen Sie eine Berichtigung oder L\u00f6schung aus unserem Kundenregister verlangen. Wenden Sie sich daf\u00fcr an unseren Kundendienst.<\/p>\n<p>&nbsp;<\/p>\n","protected":false},"excerpt":{"rendered":"<p>Unternehmen F\u00fcr Unternehmen, Gemeinden, Bundesl\u00e4nder und Privatpersonen werden die Artikel mit der jeweils aktuellen Spedition verschickt. Die Versandkosten richten sich nach dem Gewicht und der Gr\u00f6\u00dfe der Sendung. Die Preise auf der Website verstehen sich stets zuz\u00fcglich Versandkosten. Der Versand wird der Rechnung hinzugef\u00fcgt. Lieferverantwortung Wenn Ihre Sendung unser Lager verlassen hat, geht die Lieferverantwortung [&hellip;]<\/p>\n","protected":false},"author":1,"featured_media":0,"parent":0,"menu_order":5,"comment_status":"closed","ping_status":"closed","template":"page-templates\/kopvillkor.php","meta":{"_acf_changed":false,"_monsterinsights_skip_tracking":false,"_monsterinsights_sitenote_active":false,"_monsterinsights_sitenote_note":"","_monsterinsights_sitenote_category":0,"footnotes":""},"class_list":["post-487","page","type-page","status-publish","hentry"],"acf":[],"yoast_head":"<!-- This site is optimized with the Yoast SEO plugin v24.1 - https:\/\/yoast.com\/wordpress\/plugins\/seo\/ -->\n<title>Einkaufsbedingungen - Swedish Hospital Supplies<\/title>\n<meta name=\"robots\" content=\"index, follow, max-snippet:-1, max-image-preview:large, max-video-preview:-1\" \/>\n<link rel=\"canonical\" href=\"https:\/\/swehospitalsupply.se\/sv\/kopvillkor\/\" \/>\n<meta property=\"og:locale\" content=\"de_DE\" \/>\n<meta property=\"og:type\" content=\"article\" \/>\n<meta property=\"og:title\" content=\"Einkaufsbedingungen - Swedish Hospital Supplies\" \/>\n<meta property=\"og:description\" content=\"Unternehmen F\u00fcr Unternehmen, Gemeinden, Bundesl\u00e4nder und Privatpersonen werden die Artikel mit der jeweils aktuellen Spedition verschickt. Die Versandkosten richten sich nach dem Gewicht und der Gr\u00f6\u00dfe der Sendung. Die Preise auf der Website verstehen sich stets zuz\u00fcglich Versandkosten. Der Versand wird der Rechnung hinzugef\u00fcgt. Lieferverantwortung Wenn Ihre Sendung unser Lager verlassen hat, geht die Lieferverantwortung [&hellip;]\" \/>\n<meta property=\"og:url\" content=\"https:\/\/swehospitalsupply.se\/sv\/kopvillkor\/\" \/>\n<meta property=\"og:site_name\" content=\"Swedish Hospital Supplies\" \/>\n<meta property=\"article:modified_time\" content=\"2021-03-07T15:04:21+00:00\" \/>\n<meta name=\"twitter:card\" content=\"summary_large_image\" \/>\n<meta name=\"twitter:label1\" content=\"Gesch\u00e4tzte Lesezeit\" \/>\n\t<meta name=\"twitter:data1\" content=\"2\u00a0Minuten\" \/>\n<script type=\"application\/ld+json\" class=\"yoast-schema-graph\">{\"@context\":\"https:\/\/schema.org\",\"@graph\":[{\"@type\":\"WebPage\",\"@id\":\"https:\/\/swehospitalsupply.se\/sv\/kopvillkor\/\",\"url\":\"https:\/\/swehospitalsupply.se\/sv\/kopvillkor\/\",\"name\":\"Einkaufsbedingungen - Swedish Hospital Supplies\",\"isPartOf\":{\"@id\":\"https:\/\/swehospitalsupply.se\/sv\/#website\"},\"datePublished\":\"2020-11-30T07:36:36+00:00\",\"dateModified\":\"2021-03-07T15:04:21+00:00\",\"breadcrumb\":{\"@id\":\"https:\/\/swehospitalsupply.se\/sv\/kopvillkor\/#breadcrumb\"},\"inLanguage\":\"de\",\"potentialAction\":[{\"@type\":\"ReadAction\",\"target\":[\"https:\/\/swehospitalsupply.se\/sv\/kopvillkor\/\"]}]},{\"@type\":\"BreadcrumbList\",\"@id\":\"https:\/\/swehospitalsupply.se\/sv\/kopvillkor\/#breadcrumb\",\"itemListElement\":[{\"@type\":\"ListItem\",\"position\":1,\"name\":\"Home\",\"item\":\"https:\/\/swehospitalsupply.se\/de\/\"},{\"@type\":\"ListItem\",\"position\":2,\"name\":\"Einkaufsbedingungen\"}]},{\"@type\":\"WebSite\",\"@id\":\"https:\/\/swehospitalsupply.se\/sv\/#website\",\"url\":\"https:\/\/swehospitalsupply.se\/sv\/\",\"name\":\"Swedish Hospital Supplies\",\"description\":\"Produkter f\u00f6r V\u00e5rden, Milit\u00e4ren, Fritid, Polis och R\u00e4ddningstj\u00e4nst\",\"publisher\":{\"@id\":\"https:\/\/swehospitalsupply.se\/sv\/#organization\"},\"potentialAction\":[{\"@type\":\"SearchAction\",\"target\":{\"@type\":\"EntryPoint\",\"urlTemplate\":\"https:\/\/swehospitalsupply.se\/sv\/?s={search_term_string}\"},\"query-input\":{\"@type\":\"PropertyValueSpecification\",\"valueRequired\":true,\"valueName\":\"search_term_string\"}}],\"inLanguage\":\"de\"},{\"@type\":\"Organization\",\"@id\":\"https:\/\/swehospitalsupply.se\/sv\/#organization\",\"name\":\"Swedish Hospital Supply\",\"url\":\"https:\/\/swehospitalsupply.se\/sv\/\",\"logo\":{\"@type\":\"ImageObject\",\"inLanguage\":\"de\",\"@id\":\"https:\/\/swehospitalsupply.se\/sv\/#\/schema\/logo\/image\/\",\"url\":\"https:\/\/swehospitalsupply.se\/wp-content\/uploads\/2020\/10\/SHS-Logo.png\",\"contentUrl\":\"https:\/\/swehospitalsupply.se\/wp-content\/uploads\/2020\/10\/SHS-Logo.png\",\"width\":2720,\"height\":1223,\"caption\":\"Swedish Hospital Supply\"},\"image\":{\"@id\":\"https:\/\/swehospitalsupply.se\/sv\/#\/schema\/logo\/image\/\"},\"sameAs\":[\"https:\/\/www.instagram.com\/swedish_hospital_supply_ab\/\"]}]}<\/script>\n<!-- \/ Yoast SEO plugin. -->","yoast_head_json":{"title":"Einkaufsbedingungen - Swedish Hospital Supplies","robots":{"index":"index","follow":"follow","max-snippet":"max-snippet:-1","max-image-preview":"max-image-preview:large","max-video-preview":"max-video-preview:-1"},"canonical":"https:\/\/swehospitalsupply.se\/sv\/kopvillkor\/","og_locale":"de_DE","og_type":"article","og_title":"Einkaufsbedingungen - Swedish Hospital Supplies","og_description":"Unternehmen F\u00fcr Unternehmen, Gemeinden, Bundesl\u00e4nder und Privatpersonen werden die Artikel mit der jeweils aktuellen Spedition verschickt. Die Versandkosten richten sich nach dem Gewicht und der Gr\u00f6\u00dfe der Sendung. Die Preise auf der Website verstehen sich stets zuz\u00fcglich Versandkosten. Der Versand wird der Rechnung hinzugef\u00fcgt. Lieferverantwortung Wenn Ihre Sendung unser Lager verlassen hat, geht die Lieferverantwortung [&hellip;]","og_url":"https:\/\/swehospitalsupply.se\/sv\/kopvillkor\/","og_site_name":"Swedish Hospital Supplies","article_modified_time":"2021-03-07T15:04:21+00:00","twitter_card":"summary_large_image","twitter_misc":{"Gesch\u00e4tzte Lesezeit":"2\u00a0Minuten"},"schema":{"@context":"https:\/\/schema.org","@graph":[{"@type":"WebPage","@id":"https:\/\/swehospitalsupply.se\/sv\/kopvillkor\/","url":"https:\/\/swehospitalsupply.se\/sv\/kopvillkor\/","name":"Einkaufsbedingungen - Swedish Hospital Supplies","isPartOf":{"@id":"https:\/\/swehospitalsupply.se\/sv\/#website"},"datePublished":"2020-11-30T07:36:36+00:00","dateModified":"2021-03-07T15:04:21+00:00","breadcrumb":{"@id":"https:\/\/swehospitalsupply.se\/sv\/kopvillkor\/#breadcrumb"},"inLanguage":"de","potentialAction":[{"@type":"ReadAction","target":["https:\/\/swehospitalsupply.se\/sv\/kopvillkor\/"]}]},{"@type":"BreadcrumbList","@id":"https:\/\/swehospitalsupply.se\/sv\/kopvillkor\/#breadcrumb","itemListElement":[{"@type":"ListItem","position":1,"name":"Home","item":"https:\/\/swehospitalsupply.se\/de\/"},{"@type":"ListItem","position":2,"name":"Einkaufsbedingungen"}]},{"@type":"WebSite","@id":"https:\/\/swehospitalsupply.se\/sv\/#website","url":"https:\/\/swehospitalsupply.se\/sv\/","name":"Swedish Hospital Supplies","description":"Produkter f\u00f6r V\u00e5rden, Milit\u00e4ren, Fritid, Polis och R\u00e4ddningstj\u00e4nst","publisher":{"@id":"https:\/\/swehospitalsupply.se\/sv\/#organization"},"potentialAction":[{"@type":"SearchAction","target":{"@type":"EntryPoint","urlTemplate":"https:\/\/swehospitalsupply.se\/sv\/?s={search_term_string}"},"query-input":{"@type":"PropertyValueSpecification","valueRequired":true,"valueName":"search_term_string"}}],"inLanguage":"de"},{"@type":"Organization","@id":"https:\/\/swehospitalsupply.se\/sv\/#organization","name":"Swedish Hospital Supply","url":"https:\/\/swehospitalsupply.se\/sv\/","logo":{"@type":"ImageObject","inLanguage":"de","@id":"https:\/\/swehospitalsupply.se\/sv\/#\/schema\/logo\/image\/","url":"https:\/\/swehospitalsupply.se\/wp-content\/uploads\/2020\/10\/SHS-Logo.png","contentUrl":"https:\/\/swehospitalsupply.se\/wp-content\/uploads\/2020\/10\/SHS-Logo.png","width":2720,"height":1223,"caption":"Swedish Hospital Supply"},"image":{"@id":"https:\/\/swehospitalsupply.se\/sv\/#\/schema\/logo\/image\/"},"sameAs":["https:\/\/www.instagram.com\/swedish_hospital_supply_ab\/"]}]}},"_links":{"self":[{"href":"https:\/\/swehospitalsupply.se\/de\/wp-json\/wp\/v2\/pages\/487","targetHints":{"allow":["GET"]}}],"collection":[{"href":"https:\/\/swehospitalsupply.se\/de\/wp-json\/wp\/v2\/pages"}],"about":[{"href":"https:\/\/swehospitalsupply.se\/de\/wp-json\/wp\/v2\/types\/page"}],"author":[{"embeddable":true,"href":"https:\/\/swehospitalsupply.se\/de\/wp-json\/wp\/v2\/users\/1"}],"replies":[{"embeddable":true,"href":"https:\/\/swehospitalsupply.se\/de\/wp-json\/wp\/v2\/comments?post=487"}],"version-history":[{"count":0,"href":"https:\/\/swehospitalsupply.se\/de\/wp-json\/wp\/v2\/pages\/487\/revisions"}],"wp:attachment":[{"href":"https:\/\/swehospitalsupply.se\/de\/wp-json\/wp\/v2\/media?parent=487"}],"curies":[{"name":"wp","href":"https:\/\/api.w.org\/{rel}","templated":true}]}}