{"id":2025,"date":"2023-10-05T13:47:07","date_gmt":"2023-10-05T11:47:07","guid":{"rendered":"https:\/\/swehospitalsupply.se\/produkt\/noseezz\/"},"modified":"2024-10-21T13:40:30","modified_gmt":"2024-10-21T11:40:30","slug":"noseezz","status":"publish","type":"product","link":"https:\/\/swehospitalsupply.se\/en\/product\/noseezz\/","title":{"rendered":"Noseezz"},"content":{"rendered":"<p>Children aged 0\u20133 cannot blow or clean their nose themselves.\u00a0Noseezz nasal aspirator aims to help the child blow and clean it&#8217;s nose when the child is\u00a0having a cold.<\/p>\n<p>Noseezz is a smooth and simple nasal aspirator that helps parents clean their\u00a0child&#8217;s nose in a discreet way and in most situations.\u00a0Noseezz is compressed with the same composure and movement as when a\u00a0&#8220;nasal spray&#8221; is to be sprayed.<\/p>\n<p>&nbsp;<\/p>\n","protected":false},"excerpt":{"rendered":"<p>Noseezz is a smooth and simple nasal aspirator that helps parents clean their child&#8217;s nose.<\/p>\n","protected":false},"featured_media":2021,"comment_status":"closed","ping_status":"closed","template":"","meta":{"_acf_changed":false,"_monsterinsights_skip_tracking":false,"_monsterinsights_sitenote_active":false,"_monsterinsights_sitenote_note":"","_monsterinsights_sitenote_category":0},"product_cat":[259,268],"product_tag":[],"class_list":{"0":"post-2025","1":"product","2":"type-product","3":"status-publish","4":"has-post-thumbnail","6":"product_cat-breathing-anesthesia","7":"product_cat-nasal-suction","9":"first","10":"instock","11":"featured","12":"taxable","13":"shipping-taxable","14":"purchasable","15":"product-type-simple"},"acf":[],"yoast_head":"<!-- This site is optimized with the Yoast SEO plugin v24.1 - https:\/\/yoast.com\/wordpress\/plugins\/seo\/ -->\n<title>Noseezz - Swedish Hospital Supplies<\/title>\n<meta name=\"robots\" content=\"index, follow, max-snippet:-1, max-image-preview:large, max-video-preview:-1\" \/>\n<link rel=\"canonical\" href=\"https:\/\/swehospitalsupply.se\/en\/product\/noseezz\/\" \/>\n<meta property=\"og:locale\" content=\"en_US\" \/>\n<meta property=\"og:type\" content=\"article\" \/>\n<meta property=\"og:title\" content=\"Noseezz - Swedish Hospital Supplies\" \/>\n<meta property=\"og:description\" content=\"Noseezz is a smooth and simple nasal aspirator that helps parents clean their child&#039;s nose.\" \/>\n<meta property=\"og:url\" content=\"https:\/\/swehospitalsupply.se\/en\/product\/noseezz\/\" \/>\n<meta property=\"og:site_name\" content=\"Swedish Hospital Supplies\" \/>\n<meta property=\"article:modified_time\" content=\"2024-10-21T11:40:30+00:00\" \/>\n<meta property=\"og:image\" content=\"https:\/\/swehospitalsupply.se\/wp-content\/uploads\/2023\/10\/Produktbild-noseezz.jpeg\" \/>\n\t<meta property=\"og:image:width\" content=\"960\" \/>\n\t<meta property=\"og:image:height\" content=\"1036\" \/>\n\t<meta property=\"og:image:type\" content=\"image\/jpeg\" \/>\n<meta name=\"twitter:card\" content=\"summary_large_image\" \/>\n<meta name=\"twitter:label1\" content=\"Est. reading time\" \/>\n\t<meta name=\"twitter:data1\" content=\"1 minute\" \/>\n<script type=\"application\/ld+json\" class=\"yoast-schema-graph\">{\"@context\":\"https:\/\/schema.org\",\"@graph\":[{\"@type\":\"WebPage\",\"@id\":\"https:\/\/swehospitalsupply.se\/en\/product\/noseezz\/\",\"url\":\"https:\/\/swehospitalsupply.se\/en\/product\/noseezz\/\",\"name\":\"Noseezz - Swedish Hospital Supplies\",\"isPartOf\":{\"@id\":\"https:\/\/swehospitalsupply.se\/sv\/#website\"},\"primaryImageOfPage\":{\"@id\":\"https:\/\/swehospitalsupply.se\/en\/product\/noseezz\/#primaryimage\"},\"image\":{\"@id\":\"https:\/\/swehospitalsupply.se\/en\/product\/noseezz\/#primaryimage\"},\"thumbnailUrl\":\"https:\/\/swehospitalsupply.se\/wp-content\/uploads\/2023\/10\/Produktbild-noseezz.jpeg\",\"datePublished\":\"2023-10-05T11:47:07+00:00\",\"dateModified\":\"2024-10-21T11:40:30+00:00\",\"breadcrumb\":{\"@id\":\"https:\/\/swehospitalsupply.se\/en\/product\/noseezz\/#breadcrumb\"},\"inLanguage\":\"en-US\",\"potentialAction\":[{\"@type\":\"ReadAction\",\"target\":[\"https:\/\/swehospitalsupply.se\/en\/product\/noseezz\/\"]}]},{\"@type\":\"ImageObject\",\"inLanguage\":\"en-US\",\"@id\":\"https:\/\/swehospitalsupply.se\/en\/product\/noseezz\/#primaryimage\",\"url\":\"https:\/\/swehospitalsupply.se\/wp-content\/uploads\/2023\/10\/Produktbild-noseezz.jpeg\",\"contentUrl\":\"https:\/\/swehospitalsupply.se\/wp-content\/uploads\/2023\/10\/Produktbild-noseezz.jpeg\",\"width\":960,\"height\":1036},{\"@type\":\"BreadcrumbList\",\"@id\":\"https:\/\/swehospitalsupply.se\/en\/product\/noseezz\/#breadcrumb\",\"itemListElement\":[{\"@type\":\"ListItem\",\"position\":1,\"name\":\"Home\",\"item\":\"https:\/\/swehospitalsupply.se\/en\/\"},{\"@type\":\"ListItem\",\"position\":2,\"name\":\"Products\",\"item\":\"https:\/\/swehospitalsupply.se\/en\/webbutik\/\"},{\"@type\":\"ListItem\",\"position\":3,\"name\":\"Noseezz\"}]},{\"@type\":\"WebSite\",\"@id\":\"https:\/\/swehospitalsupply.se\/sv\/#website\",\"url\":\"https:\/\/swehospitalsupply.se\/sv\/\",\"name\":\"Swedish Hospital Supplies\",\"description\":\"Produkter f\u00f6r V\u00e5rden, Milit\u00e4ren, Fritid, Polis och R\u00e4ddningstj\u00e4nst\",\"publisher\":{\"@id\":\"https:\/\/swehospitalsupply.se\/sv\/#organization\"},\"potentialAction\":[{\"@type\":\"SearchAction\",\"target\":{\"@type\":\"EntryPoint\",\"urlTemplate\":\"https:\/\/swehospitalsupply.se\/sv\/?s={search_term_string}\"},\"query-input\":{\"@type\":\"PropertyValueSpecification\",\"valueRequired\":true,\"valueName\":\"search_term_string\"}}],\"inLanguage\":\"en-US\"},{\"@type\":\"Organization\",\"@id\":\"https:\/\/swehospitalsupply.se\/sv\/#organization\",\"name\":\"Swedish Hospital Supply\",\"url\":\"https:\/\/swehospitalsupply.se\/sv\/\",\"logo\":{\"@type\":\"ImageObject\",\"inLanguage\":\"en-US\",\"@id\":\"https:\/\/swehospitalsupply.se\/sv\/#\/schema\/logo\/image\/\",\"url\":\"https:\/\/swehospitalsupply.se\/wp-content\/uploads\/2020\/10\/SHS-Logo.png\",\"contentUrl\":\"https:\/\/swehospitalsupply.se\/wp-content\/uploads\/2020\/10\/SHS-Logo.png\",\"width\":2720,\"height\":1223,\"caption\":\"Swedish Hospital Supply\"},\"image\":{\"@id\":\"https:\/\/swehospitalsupply.se\/sv\/#\/schema\/logo\/image\/\"},\"sameAs\":[\"https:\/\/www.instagram.com\/swedish_hospital_supply_ab\/\"]}]}<\/script>\n<!-- \/ Yoast SEO plugin. -->","yoast_head_json":{"title":"Noseezz - Swedish Hospital Supplies","robots":{"index":"index","follow":"follow","max-snippet":"max-snippet:-1","max-image-preview":"max-image-preview:large","max-video-preview":"max-video-preview:-1"},"canonical":"https:\/\/swehospitalsupply.se\/en\/product\/noseezz\/","og_locale":"en_US","og_type":"article","og_title":"Noseezz - Swedish Hospital Supplies","og_description":"Noseezz is a smooth and simple nasal aspirator that helps parents clean their child's nose.","og_url":"https:\/\/swehospitalsupply.se\/en\/product\/noseezz\/","og_site_name":"Swedish Hospital Supplies","article_modified_time":"2024-10-21T11:40:30+00:00","og_image":[{"width":960,"height":1036,"url":"https:\/\/swehospitalsupply.se\/wp-content\/uploads\/2023\/10\/Produktbild-noseezz.jpeg","type":"image\/jpeg"}],"twitter_card":"summary_large_image","twitter_misc":{"Est. reading time":"1 minute"},"schema":{"@context":"https:\/\/schema.org","@graph":[{"@type":"WebPage","@id":"https:\/\/swehospitalsupply.se\/en\/product\/noseezz\/","url":"https:\/\/swehospitalsupply.se\/en\/product\/noseezz\/","name":"Noseezz - Swedish Hospital Supplies","isPartOf":{"@id":"https:\/\/swehospitalsupply.se\/sv\/#website"},"primaryImageOfPage":{"@id":"https:\/\/swehospitalsupply.se\/en\/product\/noseezz\/#primaryimage"},"image":{"@id":"https:\/\/swehospitalsupply.se\/en\/product\/noseezz\/#primaryimage"},"thumbnailUrl":"https:\/\/swehospitalsupply.se\/wp-content\/uploads\/2023\/10\/Produktbild-noseezz.jpeg","datePublished":"2023-10-05T11:47:07+00:00","dateModified":"2024-10-21T11:40:30+00:00","breadcrumb":{"@id":"https:\/\/swehospitalsupply.se\/en\/product\/noseezz\/#breadcrumb"},"inLanguage":"en-US","potentialAction":[{"@type":"ReadAction","target":["https:\/\/swehospitalsupply.se\/en\/product\/noseezz\/"]}]},{"@type":"ImageObject","inLanguage":"en-US","@id":"https:\/\/swehospitalsupply.se\/en\/product\/noseezz\/#primaryimage","url":"https:\/\/swehospitalsupply.se\/wp-content\/uploads\/2023\/10\/Produktbild-noseezz.jpeg","contentUrl":"https:\/\/swehospitalsupply.se\/wp-content\/uploads\/2023\/10\/Produktbild-noseezz.jpeg","width":960,"height":1036},{"@type":"BreadcrumbList","@id":"https:\/\/swehospitalsupply.se\/en\/product\/noseezz\/#breadcrumb","itemListElement":[{"@type":"ListItem","position":1,"name":"Home","item":"https:\/\/swehospitalsupply.se\/en\/"},{"@type":"ListItem","position":2,"name":"Products","item":"https:\/\/swehospitalsupply.se\/en\/webbutik\/"},{"@type":"ListItem","position":3,"name":"Noseezz"}]},{"@type":"WebSite","@id":"https:\/\/swehospitalsupply.se\/sv\/#website","url":"https:\/\/swehospitalsupply.se\/sv\/","name":"Swedish Hospital Supplies","description":"Produkter f\u00f6r V\u00e5rden, Milit\u00e4ren, Fritid, Polis och R\u00e4ddningstj\u00e4nst","publisher":{"@id":"https:\/\/swehospitalsupply.se\/sv\/#organization"},"potentialAction":[{"@type":"SearchAction","target":{"@type":"EntryPoint","urlTemplate":"https:\/\/swehospitalsupply.se\/sv\/?s={search_term_string}"},"query-input":{"@type":"PropertyValueSpecification","valueRequired":true,"valueName":"search_term_string"}}],"inLanguage":"en-US"},{"@type":"Organization","@id":"https:\/\/swehospitalsupply.se\/sv\/#organization","name":"Swedish Hospital Supply","url":"https:\/\/swehospitalsupply.se\/sv\/","logo":{"@type":"ImageObject","inLanguage":"en-US","@id":"https:\/\/swehospitalsupply.se\/sv\/#\/schema\/logo\/image\/","url":"https:\/\/swehospitalsupply.se\/wp-content\/uploads\/2020\/10\/SHS-Logo.png","contentUrl":"https:\/\/swehospitalsupply.se\/wp-content\/uploads\/2020\/10\/SHS-Logo.png","width":2720,"height":1223,"caption":"Swedish Hospital Supply"},"image":{"@id":"https:\/\/swehospitalsupply.se\/sv\/#\/schema\/logo\/image\/"},"sameAs":["https:\/\/www.instagram.com\/swedish_hospital_supply_ab\/"]}]}},"_links":{"self":[{"href":"https:\/\/swehospitalsupply.se\/en\/wp-json\/wp\/v2\/product\/2025","targetHints":{"allow":["GET"]}}],"collection":[{"href":"https:\/\/swehospitalsupply.se\/en\/wp-json\/wp\/v2\/product"}],"about":[{"href":"https:\/\/swehospitalsupply.se\/en\/wp-json\/wp\/v2\/types\/product"}],"replies":[{"embeddable":true,"href":"https:\/\/swehospitalsupply.se\/en\/wp-json\/wp\/v2\/comments?post=2025"}],"wp:featuredmedia":[{"embeddable":true,"href":"https:\/\/swehospitalsupply.se\/en\/wp-json\/wp\/v2\/media\/2021"}],"wp:attachment":[{"href":"https:\/\/swehospitalsupply.se\/en\/wp-json\/wp\/v2\/media?parent=2025"}],"wp:term":[{"taxonomy":"product_cat","embeddable":true,"href":"https:\/\/swehospitalsupply.se\/en\/wp-json\/wp\/v2\/product_cat?post=2025"},{"taxonomy":"product_tag","embeddable":true,"href":"https:\/\/swehospitalsupply.se\/en\/wp-json\/wp\/v2\/product_tag?post=2025"}],"curies":[{"name":"wp","href":"https:\/\/api.w.org\/{rel}","templated":true}]}}