{"id":644,"date":"2020-09-22T16:06:42","date_gmt":"2020-09-22T14:06:42","guid":{"rendered":"http:\/\/shsab.hemsida.eu\/produkt\/uni-bag\/"},"modified":"2026-01-22T10:36:47","modified_gmt":"2026-01-22T09:36:47","slug":"uni-bag","status":"publish","type":"product","link":"https:\/\/swehospitalsupply.se\/en\/product\/uni-bag\/","title":{"rendered":"UNI-BAG"},"content":{"rendered":"<div>\n<p><span lang=\"EN-GB\">Has the same function as the P-BAG but is supplied with a white, factory-assembled funnel on the bag.<br \/>\nSpecially adapted for users with impaired grip function.<\/span><\/p>\n<\/div>\n","protected":false},"excerpt":{"rendered":"<div><span lang=\"EN-GB\">Specially adapted for users with impaired grip function.<\/span><\/div>\n","protected":false},"featured_media":1719,"comment_status":"closed","ping_status":"closed","template":"","meta":{"_acf_changed":false,"_monsterinsights_skip_tracking":false,"_monsterinsights_sitenote_active":false,"_monsterinsights_sitenote_note":"","_monsterinsights_sitenote_category":0},"product_cat":[262,280],"product_tag":[],"class_list":{"0":"post-644","1":"product","2":"type-product","3":"status-publish","4":"has-post-thumbnail","6":"product_cat-incontinence-urology","7":"product_cat-urine-collection","8":"pa_farg-vit-graderad-pase-en","9":"pa_forpackning-50-st-en","10":"pa_forpackning-pall-40-st-en","11":"pa_rymd-1500-ml-en","13":"first","14":"outofstock","15":"taxable","16":"shipping-taxable","17":"product-type-simple"},"acf":[],"yoast_head":"<!-- This site is optimized with the Yoast SEO plugin v24.1 - https:\/\/yoast.com\/wordpress\/plugins\/seo\/ -->\n<title>UNI-BAG - Swedish Hospital Supplies<\/title>\n<meta name=\"robots\" content=\"index, follow, max-snippet:-1, max-image-preview:large, max-video-preview:-1\" \/>\n<link rel=\"canonical\" href=\"https:\/\/swehospitalsupply.se\/en\/product\/uni-bag\/\" \/>\n<meta property=\"og:locale\" content=\"en_US\" \/>\n<meta property=\"og:type\" content=\"article\" \/>\n<meta property=\"og:title\" content=\"UNI-BAG - Swedish Hospital Supplies\" \/>\n<meta property=\"og:description\" content=\"Specially adapted for users with impaired grip function.\" \/>\n<meta property=\"og:url\" content=\"https:\/\/swehospitalsupply.se\/en\/product\/uni-bag\/\" \/>\n<meta property=\"og:site_name\" content=\"Swedish Hospital Supplies\" \/>\n<meta property=\"article:modified_time\" content=\"2026-01-22T09:36:47+00:00\" \/>\n<meta property=\"og:image\" content=\"https:\/\/swehospitalsupply.se\/wp-content\/uploads\/2020\/10\/mfr_22308-unibag-scaled.jpg\" \/>\n\t<meta property=\"og:image:width\" content=\"2560\" \/>\n\t<meta property=\"og:image:height\" content=\"1707\" \/>\n\t<meta property=\"og:image:type\" content=\"image\/jpeg\" \/>\n<meta name=\"twitter:card\" content=\"summary_large_image\" \/>\n<meta name=\"twitter:label1\" content=\"Est. reading time\" \/>\n\t<meta name=\"twitter:data1\" content=\"1 minute\" \/>\n<script type=\"application\/ld+json\" class=\"yoast-schema-graph\">{\"@context\":\"https:\/\/schema.org\",\"@graph\":[{\"@type\":\"WebPage\",\"@id\":\"https:\/\/swehospitalsupply.se\/en\/product\/uni-bag\/\",\"url\":\"https:\/\/swehospitalsupply.se\/en\/product\/uni-bag\/\",\"name\":\"UNI-BAG - Swedish Hospital Supplies\",\"isPartOf\":{\"@id\":\"https:\/\/swehospitalsupply.se\/sv\/#website\"},\"primaryImageOfPage\":{\"@id\":\"https:\/\/swehospitalsupply.se\/en\/product\/uni-bag\/#primaryimage\"},\"image\":{\"@id\":\"https:\/\/swehospitalsupply.se\/en\/product\/uni-bag\/#primaryimage\"},\"thumbnailUrl\":\"https:\/\/swehospitalsupply.se\/wp-content\/uploads\/2020\/10\/mfr_22308-unibag-scaled.jpg\",\"datePublished\":\"2020-09-22T14:06:42+00:00\",\"dateModified\":\"2026-01-22T09:36:47+00:00\",\"breadcrumb\":{\"@id\":\"https:\/\/swehospitalsupply.se\/en\/product\/uni-bag\/#breadcrumb\"},\"inLanguage\":\"en-US\",\"potentialAction\":[{\"@type\":\"ReadAction\",\"target\":[\"https:\/\/swehospitalsupply.se\/en\/product\/uni-bag\/\"]}]},{\"@type\":\"ImageObject\",\"inLanguage\":\"en-US\",\"@id\":\"https:\/\/swehospitalsupply.se\/en\/product\/uni-bag\/#primaryimage\",\"url\":\"https:\/\/swehospitalsupply.se\/wp-content\/uploads\/2020\/10\/mfr_22308-unibag-scaled.jpg\",\"contentUrl\":\"https:\/\/swehospitalsupply.se\/wp-content\/uploads\/2020\/10\/mfr_22308-unibag-scaled.jpg\",\"width\":2560,\"height\":1707},{\"@type\":\"BreadcrumbList\",\"@id\":\"https:\/\/swehospitalsupply.se\/en\/product\/uni-bag\/#breadcrumb\",\"itemListElement\":[{\"@type\":\"ListItem\",\"position\":1,\"name\":\"Home\",\"item\":\"https:\/\/swehospitalsupply.se\/en\/\"},{\"@type\":\"ListItem\",\"position\":2,\"name\":\"Products\",\"item\":\"https:\/\/swehospitalsupply.se\/en\/webbutik\/\"},{\"@type\":\"ListItem\",\"position\":3,\"name\":\"UNI-BAG\"}]},{\"@type\":\"WebSite\",\"@id\":\"https:\/\/swehospitalsupply.se\/sv\/#website\",\"url\":\"https:\/\/swehospitalsupply.se\/sv\/\",\"name\":\"Swedish Hospital Supplies\",\"description\":\"Produkter f\u00f6r V\u00e5rden, Milit\u00e4ren, Fritid, Polis och R\u00e4ddningstj\u00e4nst\",\"publisher\":{\"@id\":\"https:\/\/swehospitalsupply.se\/sv\/#organization\"},\"potentialAction\":[{\"@type\":\"SearchAction\",\"target\":{\"@type\":\"EntryPoint\",\"urlTemplate\":\"https:\/\/swehospitalsupply.se\/sv\/?s={search_term_string}\"},\"query-input\":{\"@type\":\"PropertyValueSpecification\",\"valueRequired\":true,\"valueName\":\"search_term_string\"}}],\"inLanguage\":\"en-US\"},{\"@type\":\"Organization\",\"@id\":\"https:\/\/swehospitalsupply.se\/sv\/#organization\",\"name\":\"Swedish Hospital Supply\",\"url\":\"https:\/\/swehospitalsupply.se\/sv\/\",\"logo\":{\"@type\":\"ImageObject\",\"inLanguage\":\"en-US\",\"@id\":\"https:\/\/swehospitalsupply.se\/sv\/#\/schema\/logo\/image\/\",\"url\":\"https:\/\/swehospitalsupply.se\/wp-content\/uploads\/2020\/10\/SHS-Logo.png\",\"contentUrl\":\"https:\/\/swehospitalsupply.se\/wp-content\/uploads\/2020\/10\/SHS-Logo.png\",\"width\":2720,\"height\":1223,\"caption\":\"Swedish Hospital Supply\"},\"image\":{\"@id\":\"https:\/\/swehospitalsupply.se\/sv\/#\/schema\/logo\/image\/\"},\"sameAs\":[\"https:\/\/www.instagram.com\/swedish_hospital_supply_ab\/\"]}]}<\/script>\n<!-- \/ Yoast SEO plugin. -->","yoast_head_json":{"title":"UNI-BAG - Swedish Hospital Supplies","robots":{"index":"index","follow":"follow","max-snippet":"max-snippet:-1","max-image-preview":"max-image-preview:large","max-video-preview":"max-video-preview:-1"},"canonical":"https:\/\/swehospitalsupply.se\/en\/product\/uni-bag\/","og_locale":"en_US","og_type":"article","og_title":"UNI-BAG - Swedish Hospital Supplies","og_description":"Specially adapted for users with impaired grip function.","og_url":"https:\/\/swehospitalsupply.se\/en\/product\/uni-bag\/","og_site_name":"Swedish Hospital Supplies","article_modified_time":"2026-01-22T09:36:47+00:00","og_image":[{"width":2560,"height":1707,"url":"https:\/\/swehospitalsupply.se\/wp-content\/uploads\/2020\/10\/mfr_22308-unibag-scaled.jpg","type":"image\/jpeg"}],"twitter_card":"summary_large_image","twitter_misc":{"Est. reading time":"1 minute"},"schema":{"@context":"https:\/\/schema.org","@graph":[{"@type":"WebPage","@id":"https:\/\/swehospitalsupply.se\/en\/product\/uni-bag\/","url":"https:\/\/swehospitalsupply.se\/en\/product\/uni-bag\/","name":"UNI-BAG - Swedish Hospital Supplies","isPartOf":{"@id":"https:\/\/swehospitalsupply.se\/sv\/#website"},"primaryImageOfPage":{"@id":"https:\/\/swehospitalsupply.se\/en\/product\/uni-bag\/#primaryimage"},"image":{"@id":"https:\/\/swehospitalsupply.se\/en\/product\/uni-bag\/#primaryimage"},"thumbnailUrl":"https:\/\/swehospitalsupply.se\/wp-content\/uploads\/2020\/10\/mfr_22308-unibag-scaled.jpg","datePublished":"2020-09-22T14:06:42+00:00","dateModified":"2026-01-22T09:36:47+00:00","breadcrumb":{"@id":"https:\/\/swehospitalsupply.se\/en\/product\/uni-bag\/#breadcrumb"},"inLanguage":"en-US","potentialAction":[{"@type":"ReadAction","target":["https:\/\/swehospitalsupply.se\/en\/product\/uni-bag\/"]}]},{"@type":"ImageObject","inLanguage":"en-US","@id":"https:\/\/swehospitalsupply.se\/en\/product\/uni-bag\/#primaryimage","url":"https:\/\/swehospitalsupply.se\/wp-content\/uploads\/2020\/10\/mfr_22308-unibag-scaled.jpg","contentUrl":"https:\/\/swehospitalsupply.se\/wp-content\/uploads\/2020\/10\/mfr_22308-unibag-scaled.jpg","width":2560,"height":1707},{"@type":"BreadcrumbList","@id":"https:\/\/swehospitalsupply.se\/en\/product\/uni-bag\/#breadcrumb","itemListElement":[{"@type":"ListItem","position":1,"name":"Home","item":"https:\/\/swehospitalsupply.se\/en\/"},{"@type":"ListItem","position":2,"name":"Products","item":"https:\/\/swehospitalsupply.se\/en\/webbutik\/"},{"@type":"ListItem","position":3,"name":"UNI-BAG"}]},{"@type":"WebSite","@id":"https:\/\/swehospitalsupply.se\/sv\/#website","url":"https:\/\/swehospitalsupply.se\/sv\/","name":"Swedish Hospital Supplies","description":"Produkter f\u00f6r V\u00e5rden, Milit\u00e4ren, Fritid, Polis och R\u00e4ddningstj\u00e4nst","publisher":{"@id":"https:\/\/swehospitalsupply.se\/sv\/#organization"},"potentialAction":[{"@type":"SearchAction","target":{"@type":"EntryPoint","urlTemplate":"https:\/\/swehospitalsupply.se\/sv\/?s={search_term_string}"},"query-input":{"@type":"PropertyValueSpecification","valueRequired":true,"valueName":"search_term_string"}}],"inLanguage":"en-US"},{"@type":"Organization","@id":"https:\/\/swehospitalsupply.se\/sv\/#organization","name":"Swedish Hospital Supply","url":"https:\/\/swehospitalsupply.se\/sv\/","logo":{"@type":"ImageObject","inLanguage":"en-US","@id":"https:\/\/swehospitalsupply.se\/sv\/#\/schema\/logo\/image\/","url":"https:\/\/swehospitalsupply.se\/wp-content\/uploads\/2020\/10\/SHS-Logo.png","contentUrl":"https:\/\/swehospitalsupply.se\/wp-content\/uploads\/2020\/10\/SHS-Logo.png","width":2720,"height":1223,"caption":"Swedish Hospital Supply"},"image":{"@id":"https:\/\/swehospitalsupply.se\/sv\/#\/schema\/logo\/image\/"},"sameAs":["https:\/\/www.instagram.com\/swedish_hospital_supply_ab\/"]}]}},"_links":{"self":[{"href":"https:\/\/swehospitalsupply.se\/en\/wp-json\/wp\/v2\/product\/644","targetHints":{"allow":["GET"]}}],"collection":[{"href":"https:\/\/swehospitalsupply.se\/en\/wp-json\/wp\/v2\/product"}],"about":[{"href":"https:\/\/swehospitalsupply.se\/en\/wp-json\/wp\/v2\/types\/product"}],"replies":[{"embeddable":true,"href":"https:\/\/swehospitalsupply.se\/en\/wp-json\/wp\/v2\/comments?post=644"}],"wp:featuredmedia":[{"embeddable":true,"href":"https:\/\/swehospitalsupply.se\/en\/wp-json\/wp\/v2\/media\/1719"}],"wp:attachment":[{"href":"https:\/\/swehospitalsupply.se\/en\/wp-json\/wp\/v2\/media?parent=644"}],"wp:term":[{"taxonomy":"product_cat","embeddable":true,"href":"https:\/\/swehospitalsupply.se\/en\/wp-json\/wp\/v2\/product_cat?post=644"},{"taxonomy":"product_tag","embeddable":true,"href":"https:\/\/swehospitalsupply.se\/en\/wp-json\/wp\/v2\/product_tag?post=644"}],"curies":[{"name":"wp","href":"https:\/\/api.w.org\/{rel}","templated":true}]}}