{"id":1253,"date":"2020-10-05T10:54:46","date_gmt":"2020-10-05T08:54:46","guid":{"rendered":"http:\/\/shsab.hemsida.eu\/produkt\/p-bag-sap-2\/"},"modified":"2024-10-21T13:52:01","modified_gmt":"2024-10-21T11:52:01","slug":"p-bag-sap-2","status":"publish","type":"product","link":"https:\/\/swehospitalsupply.se\/es\/producto\/p-bag-sap-2\/","title":{"rendered":"P-BAG SAP"},"content":{"rendered":"<div><span lang=\"ES\">Absorbe r\u00e1pida y eficazmente la orina pues contiene un material superabsorbente. Recurso ideal para hospitales, asilos, cuidados de ancianos, etc.<br \/>\nUn sustituto de manejo sencillo e higi\u00e9nico para botellas, c\u00f3modos y, hasta cierto punto, pa\u00f1ales tanto para hombres como para mujeres.<\/span><\/div>\n","protected":false},"excerpt":{"rendered":"<div><span lang=\"ES\">Absorbe r\u00e1pida y eficazmente la orina pues contiene un material superabsorbente. <\/span><\/div>\n","protected":false},"featured_media":1741,"comment_status":"closed","ping_status":"closed","template":"","meta":{"_acf_changed":false,"_monsterinsights_skip_tracking":false,"_monsterinsights_sitenote_active":false,"_monsterinsights_sitenote_note":"","_monsterinsights_sitenote_category":0},"product_cat":[264,282],"product_tag":[],"class_list":{"0":"post-1253","1":"product","2":"type-product","3":"status-publish","4":"has-post-thumbnail","6":"product_cat-incontinencia-urologia","7":"product_cat-recoleccion-de-orina","8":"pa_farg-verde","9":"pa_forpackning-3-piezas","10":"pa_forpackning-pall-25-piezas","11":"pa_rymd-1500-ml-es","13":"first","14":"outofstock","15":"taxable","16":"shipping-taxable","17":"product-type-simple"},"acf":[],"yoast_head":"<!-- This site is optimized with the Yoast SEO plugin v24.1 - https:\/\/yoast.com\/wordpress\/plugins\/seo\/ -->\n<title>P-BAG SAP - Swedish Hospital Supplies<\/title>\n<meta name=\"robots\" content=\"index, follow, max-snippet:-1, max-image-preview:large, max-video-preview:-1\" \/>\n<link rel=\"canonical\" href=\"https:\/\/swehospitalsupply.se\/es\/producto\/p-bag-sap-2\/\" \/>\n<meta property=\"og:locale\" content=\"es_ES\" \/>\n<meta property=\"og:type\" content=\"article\" \/>\n<meta property=\"og:title\" content=\"P-BAG SAP - Swedish Hospital Supplies\" \/>\n<meta property=\"og:description\" content=\"Absorbe r\u00e1pida y eficazmente la orina pues contiene un material superabsorbente.\" \/>\n<meta property=\"og:url\" content=\"https:\/\/swehospitalsupply.se\/es\/producto\/p-bag-sap-2\/\" \/>\n<meta property=\"og:site_name\" content=\"Swedish Hospital Supplies\" \/>\n<meta property=\"article:modified_time\" content=\"2024-10-21T11:52:01+00:00\" \/>\n<meta property=\"og:image\" content=\"https:\/\/swehospitalsupply.se\/wp-content\/uploads\/2020\/10\/mfr_22325-p-bag-sap2-scaled.jpg\" \/>\n\t<meta property=\"og:image:width\" content=\"2560\" \/>\n\t<meta property=\"og:image:height\" content=\"2544\" \/>\n\t<meta property=\"og:image:type\" content=\"image\/jpeg\" \/>\n<meta name=\"twitter:card\" content=\"summary_large_image\" \/>\n<meta name=\"twitter:label1\" content=\"Tiempo de lectura\" \/>\n\t<meta name=\"twitter:data1\" content=\"1 minuto\" \/>\n<script type=\"application\/ld+json\" class=\"yoast-schema-graph\">{\"@context\":\"https:\/\/schema.org\",\"@graph\":[{\"@type\":\"WebPage\",\"@id\":\"https:\/\/swehospitalsupply.se\/es\/producto\/p-bag-sap-2\/\",\"url\":\"https:\/\/swehospitalsupply.se\/es\/producto\/p-bag-sap-2\/\",\"name\":\"P-BAG SAP - Swedish Hospital Supplies\",\"isPartOf\":{\"@id\":\"https:\/\/swehospitalsupply.se\/sv\/#website\"},\"primaryImageOfPage\":{\"@id\":\"https:\/\/swehospitalsupply.se\/es\/producto\/p-bag-sap-2\/#primaryimage\"},\"image\":{\"@id\":\"https:\/\/swehospitalsupply.se\/es\/producto\/p-bag-sap-2\/#primaryimage\"},\"thumbnailUrl\":\"https:\/\/swehospitalsupply.se\/wp-content\/uploads\/2020\/10\/mfr_22325-p-bag-sap2-scaled.jpg\",\"datePublished\":\"2020-10-05T08:54:46+00:00\",\"dateModified\":\"2024-10-21T11:52:01+00:00\",\"breadcrumb\":{\"@id\":\"https:\/\/swehospitalsupply.se\/es\/producto\/p-bag-sap-2\/#breadcrumb\"},\"inLanguage\":\"es\",\"potentialAction\":[{\"@type\":\"ReadAction\",\"target\":[\"https:\/\/swehospitalsupply.se\/es\/producto\/p-bag-sap-2\/\"]}]},{\"@type\":\"ImageObject\",\"inLanguage\":\"es\",\"@id\":\"https:\/\/swehospitalsupply.se\/es\/producto\/p-bag-sap-2\/#primaryimage\",\"url\":\"https:\/\/swehospitalsupply.se\/wp-content\/uploads\/2020\/10\/mfr_22325-p-bag-sap2-scaled.jpg\",\"contentUrl\":\"https:\/\/swehospitalsupply.se\/wp-content\/uploads\/2020\/10\/mfr_22325-p-bag-sap2-scaled.jpg\",\"width\":2560,\"height\":2544},{\"@type\":\"BreadcrumbList\",\"@id\":\"https:\/\/swehospitalsupply.se\/es\/producto\/p-bag-sap-2\/#breadcrumb\",\"itemListElement\":[{\"@type\":\"ListItem\",\"position\":1,\"name\":\"Home\",\"item\":\"https:\/\/swehospitalsupply.se\/es\/\"},{\"@type\":\"ListItem\",\"position\":2,\"name\":\"Tienda en l\u00ednea\",\"item\":\"https:\/\/swehospitalsupply.se\/es\/butik\/\"},{\"@type\":\"ListItem\",\"position\":3,\"name\":\"P-BAG SAP\"}]},{\"@type\":\"WebSite\",\"@id\":\"https:\/\/swehospitalsupply.se\/sv\/#website\",\"url\":\"https:\/\/swehospitalsupply.se\/sv\/\",\"name\":\"Swedish Hospital Supplies\",\"description\":\"Produkter f\u00f6r V\u00e5rden, Milit\u00e4ren, Fritid, Polis och R\u00e4ddningstj\u00e4nst\",\"publisher\":{\"@id\":\"https:\/\/swehospitalsupply.se\/sv\/#organization\"},\"potentialAction\":[{\"@type\":\"SearchAction\",\"target\":{\"@type\":\"EntryPoint\",\"urlTemplate\":\"https:\/\/swehospitalsupply.se\/sv\/?s={search_term_string}\"},\"query-input\":{\"@type\":\"PropertyValueSpecification\",\"valueRequired\":true,\"valueName\":\"search_term_string\"}}],\"inLanguage\":\"es\"},{\"@type\":\"Organization\",\"@id\":\"https:\/\/swehospitalsupply.se\/sv\/#organization\",\"name\":\"Swedish Hospital Supply\",\"url\":\"https:\/\/swehospitalsupply.se\/sv\/\",\"logo\":{\"@type\":\"ImageObject\",\"inLanguage\":\"es\",\"@id\":\"https:\/\/swehospitalsupply.se\/sv\/#\/schema\/logo\/image\/\",\"url\":\"https:\/\/swehospitalsupply.se\/wp-content\/uploads\/2020\/10\/SHS-Logo.png\",\"contentUrl\":\"https:\/\/swehospitalsupply.se\/wp-content\/uploads\/2020\/10\/SHS-Logo.png\",\"width\":2720,\"height\":1223,\"caption\":\"Swedish Hospital Supply\"},\"image\":{\"@id\":\"https:\/\/swehospitalsupply.se\/sv\/#\/schema\/logo\/image\/\"},\"sameAs\":[\"https:\/\/www.instagram.com\/swedish_hospital_supply_ab\/\"]}]}<\/script>\n<!-- \/ Yoast SEO plugin. -->","yoast_head_json":{"title":"P-BAG SAP - Swedish Hospital Supplies","robots":{"index":"index","follow":"follow","max-snippet":"max-snippet:-1","max-image-preview":"max-image-preview:large","max-video-preview":"max-video-preview:-1"},"canonical":"https:\/\/swehospitalsupply.se\/es\/producto\/p-bag-sap-2\/","og_locale":"es_ES","og_type":"article","og_title":"P-BAG SAP - Swedish Hospital Supplies","og_description":"Absorbe r\u00e1pida y eficazmente la orina pues contiene un material superabsorbente.","og_url":"https:\/\/swehospitalsupply.se\/es\/producto\/p-bag-sap-2\/","og_site_name":"Swedish Hospital Supplies","article_modified_time":"2024-10-21T11:52:01+00:00","og_image":[{"width":2560,"height":2544,"url":"https:\/\/swehospitalsupply.se\/wp-content\/uploads\/2020\/10\/mfr_22325-p-bag-sap2-scaled.jpg","type":"image\/jpeg"}],"twitter_card":"summary_large_image","twitter_misc":{"Tiempo de lectura":"1 minuto"},"schema":{"@context":"https:\/\/schema.org","@graph":[{"@type":"WebPage","@id":"https:\/\/swehospitalsupply.se\/es\/producto\/p-bag-sap-2\/","url":"https:\/\/swehospitalsupply.se\/es\/producto\/p-bag-sap-2\/","name":"P-BAG SAP - Swedish Hospital Supplies","isPartOf":{"@id":"https:\/\/swehospitalsupply.se\/sv\/#website"},"primaryImageOfPage":{"@id":"https:\/\/swehospitalsupply.se\/es\/producto\/p-bag-sap-2\/#primaryimage"},"image":{"@id":"https:\/\/swehospitalsupply.se\/es\/producto\/p-bag-sap-2\/#primaryimage"},"thumbnailUrl":"https:\/\/swehospitalsupply.se\/wp-content\/uploads\/2020\/10\/mfr_22325-p-bag-sap2-scaled.jpg","datePublished":"2020-10-05T08:54:46+00:00","dateModified":"2024-10-21T11:52:01+00:00","breadcrumb":{"@id":"https:\/\/swehospitalsupply.se\/es\/producto\/p-bag-sap-2\/#breadcrumb"},"inLanguage":"es","potentialAction":[{"@type":"ReadAction","target":["https:\/\/swehospitalsupply.se\/es\/producto\/p-bag-sap-2\/"]}]},{"@type":"ImageObject","inLanguage":"es","@id":"https:\/\/swehospitalsupply.se\/es\/producto\/p-bag-sap-2\/#primaryimage","url":"https:\/\/swehospitalsupply.se\/wp-content\/uploads\/2020\/10\/mfr_22325-p-bag-sap2-scaled.jpg","contentUrl":"https:\/\/swehospitalsupply.se\/wp-content\/uploads\/2020\/10\/mfr_22325-p-bag-sap2-scaled.jpg","width":2560,"height":2544},{"@type":"BreadcrumbList","@id":"https:\/\/swehospitalsupply.se\/es\/producto\/p-bag-sap-2\/#breadcrumb","itemListElement":[{"@type":"ListItem","position":1,"name":"Home","item":"https:\/\/swehospitalsupply.se\/es\/"},{"@type":"ListItem","position":2,"name":"Tienda en l\u00ednea","item":"https:\/\/swehospitalsupply.se\/es\/butik\/"},{"@type":"ListItem","position":3,"name":"P-BAG SAP"}]},{"@type":"WebSite","@id":"https:\/\/swehospitalsupply.se\/sv\/#website","url":"https:\/\/swehospitalsupply.se\/sv\/","name":"Swedish Hospital Supplies","description":"Produkter f\u00f6r V\u00e5rden, Milit\u00e4ren, Fritid, Polis och R\u00e4ddningstj\u00e4nst","publisher":{"@id":"https:\/\/swehospitalsupply.se\/sv\/#organization"},"potentialAction":[{"@type":"SearchAction","target":{"@type":"EntryPoint","urlTemplate":"https:\/\/swehospitalsupply.se\/sv\/?s={search_term_string}"},"query-input":{"@type":"PropertyValueSpecification","valueRequired":true,"valueName":"search_term_string"}}],"inLanguage":"es"},{"@type":"Organization","@id":"https:\/\/swehospitalsupply.se\/sv\/#organization","name":"Swedish Hospital Supply","url":"https:\/\/swehospitalsupply.se\/sv\/","logo":{"@type":"ImageObject","inLanguage":"es","@id":"https:\/\/swehospitalsupply.se\/sv\/#\/schema\/logo\/image\/","url":"https:\/\/swehospitalsupply.se\/wp-content\/uploads\/2020\/10\/SHS-Logo.png","contentUrl":"https:\/\/swehospitalsupply.se\/wp-content\/uploads\/2020\/10\/SHS-Logo.png","width":2720,"height":1223,"caption":"Swedish Hospital Supply"},"image":{"@id":"https:\/\/swehospitalsupply.se\/sv\/#\/schema\/logo\/image\/"},"sameAs":["https:\/\/www.instagram.com\/swedish_hospital_supply_ab\/"]}]}},"_links":{"self":[{"href":"https:\/\/swehospitalsupply.se\/es\/wp-json\/wp\/v2\/product\/1253","targetHints":{"allow":["GET"]}}],"collection":[{"href":"https:\/\/swehospitalsupply.se\/es\/wp-json\/wp\/v2\/product"}],"about":[{"href":"https:\/\/swehospitalsupply.se\/es\/wp-json\/wp\/v2\/types\/product"}],"replies":[{"embeddable":true,"href":"https:\/\/swehospitalsupply.se\/es\/wp-json\/wp\/v2\/comments?post=1253"}],"wp:featuredmedia":[{"embeddable":true,"href":"https:\/\/swehospitalsupply.se\/es\/wp-json\/wp\/v2\/media\/1741"}],"wp:attachment":[{"href":"https:\/\/swehospitalsupply.se\/es\/wp-json\/wp\/v2\/media?parent=1253"}],"wp:term":[{"taxonomy":"product_cat","embeddable":true,"href":"https:\/\/swehospitalsupply.se\/es\/wp-json\/wp\/v2\/product_cat?post=1253"},{"taxonomy":"product_tag","embeddable":true,"href":"https:\/\/swehospitalsupply.se\/es\/wp-json\/wp\/v2\/product_tag?post=1253"}],"curies":[{"name":"wp","href":"https:\/\/api.w.org\/{rel}","templated":true}]}}