{"id":1267,"date":"2020-09-22T16:07:42","date_gmt":"2020-09-22T14:07:42","guid":{"rendered":"http:\/\/shsab.hemsida.eu\/produkt\/allkopp-azul\/"},"modified":"2024-10-28T15:50:59","modified_gmt":"2024-10-28T14:50:59","slug":"allkopp-azul","status":"publish","type":"product","link":"https:\/\/swehospitalsupply.se\/es\/producto\/allkopp-azul\/","title":{"rendered":"Allkopp azul"},"content":{"rendered":"<p>El nuevo vaso de muestra con funci\u00f3n todo en uno.<br \/>\nAllkopp ha sido desarrollado y fabricado en Suecia.<\/p>\n","protected":false},"excerpt":{"rendered":"<p>El nuevo vaso de muestra con funci\u00f3n todo en uno.<br \/>\nAllkopp ha sido desarrollado y fabricado en Suecia.<\/p>\n","protected":false},"featured_media":1758,"comment_status":"closed","ping_status":"closed","template":"","meta":{"_acf_changed":false,"_monsterinsights_skip_tracking":false,"_monsterinsights_sitenote_active":false,"_monsterinsights_sitenote_note":"","_monsterinsights_sitenote_category":0},"product_cat":[264,282,252,255],"product_tag":[],"class_list":{"0":"post-1267","1":"product","2":"type-product","3":"status-publish","4":"has-post-thumbnail","6":"product_cat-incontinencia-urologia","7":"product_cat-recoleccion-de-orina","8":"product_cat-otros-accesorios","9":"product_cat-allkoppen-es","10":"pa_farg-azul","11":"pa_forpackning-100-piezas","12":"pa_forpackning-pall-72-piezas","13":"pa_rymd-150-ml-es","15":"first","16":"instock","17":"taxable","18":"shipping-taxable","19":"product-type-simple"},"acf":[],"yoast_head":"<!-- This site is optimized with the Yoast SEO plugin v24.1 - https:\/\/yoast.com\/wordpress\/plugins\/seo\/ -->\n<title>Allkopp azul - Swedish Hospital Supplies<\/title>\n<meta name=\"robots\" content=\"index, follow, max-snippet:-1, max-image-preview:large, max-video-preview:-1\" \/>\n<link rel=\"canonical\" href=\"https:\/\/swehospitalsupply.se\/sv\/producto\/allkopp-bla\/\" \/>\n<meta property=\"og:locale\" content=\"es_ES\" \/>\n<meta property=\"og:type\" content=\"article\" \/>\n<meta property=\"og:title\" content=\"Allkopp azul - Swedish Hospital Supplies\" \/>\n<meta property=\"og:description\" content=\"El nuevo vaso de muestra con funci\u00f3n todo en uno. Allkopp ha sido desarrollado y fabricado en Suecia.\" \/>\n<meta property=\"og:url\" content=\"https:\/\/swehospitalsupply.se\/sv\/producto\/allkopp-bla\/\" \/>\n<meta property=\"og:site_name\" content=\"Swedish Hospital Supplies\" \/>\n<meta property=\"article:modified_time\" content=\"2024-10-28T14:50:59+00:00\" \/>\n<meta property=\"og:image\" content=\"https:\/\/swehospitalsupply.se\/wp-content\/uploads\/2020\/09\/40-1.jpg\" \/>\n\t<meta property=\"og:image:width\" content=\"800\" \/>\n\t<meta property=\"og:image:height\" content=\"800\" \/>\n\t<meta property=\"og:image:type\" content=\"image\/jpeg\" \/>\n<meta name=\"twitter:card\" content=\"summary_large_image\" \/>\n<meta name=\"twitter:label1\" content=\"Tiempo de lectura\" \/>\n\t<meta name=\"twitter:data1\" content=\"1 minuto\" \/>\n<script type=\"application\/ld+json\" class=\"yoast-schema-graph\">{\"@context\":\"https:\/\/schema.org\",\"@graph\":[{\"@type\":\"WebPage\",\"@id\":\"https:\/\/swehospitalsupply.se\/sv\/producto\/allkopp-bla\/\",\"url\":\"https:\/\/swehospitalsupply.se\/sv\/producto\/allkopp-bla\/\",\"name\":\"Allkopp azul - Swedish Hospital Supplies\",\"isPartOf\":{\"@id\":\"https:\/\/swehospitalsupply.se\/sv\/#website\"},\"primaryImageOfPage\":{\"@id\":\"https:\/\/swehospitalsupply.se\/sv\/producto\/allkopp-bla\/#primaryimage\"},\"image\":{\"@id\":\"https:\/\/swehospitalsupply.se\/sv\/producto\/allkopp-bla\/#primaryimage\"},\"thumbnailUrl\":\"https:\/\/swehospitalsupply.se\/wp-content\/uploads\/2020\/09\/40-1.jpg\",\"datePublished\":\"2020-09-22T14:07:42+00:00\",\"dateModified\":\"2024-10-28T14:50:59+00:00\",\"breadcrumb\":{\"@id\":\"https:\/\/swehospitalsupply.se\/sv\/producto\/allkopp-bla\/#breadcrumb\"},\"inLanguage\":\"es\",\"potentialAction\":[{\"@type\":\"ReadAction\",\"target\":[\"https:\/\/swehospitalsupply.se\/sv\/producto\/allkopp-bla\/\"]}]},{\"@type\":\"ImageObject\",\"inLanguage\":\"es\",\"@id\":\"https:\/\/swehospitalsupply.se\/sv\/producto\/allkopp-bla\/#primaryimage\",\"url\":\"https:\/\/swehospitalsupply.se\/wp-content\/uploads\/2020\/09\/40-1.jpg\",\"contentUrl\":\"https:\/\/swehospitalsupply.se\/wp-content\/uploads\/2020\/09\/40-1.jpg\",\"width\":800,\"height\":800,\"caption\":\"40 1\"},{\"@type\":\"BreadcrumbList\",\"@id\":\"https:\/\/swehospitalsupply.se\/sv\/producto\/allkopp-bla\/#breadcrumb\",\"itemListElement\":[{\"@type\":\"ListItem\",\"position\":1,\"name\":\"Home\",\"item\":\"https:\/\/swehospitalsupply.se\/es\/\"},{\"@type\":\"ListItem\",\"position\":2,\"name\":\"Tienda en l\u00ednea\",\"item\":\"https:\/\/swehospitalsupply.se\/es\/butik\/\"},{\"@type\":\"ListItem\",\"position\":3,\"name\":\"Allkopp azul\"}]},{\"@type\":\"WebSite\",\"@id\":\"https:\/\/swehospitalsupply.se\/sv\/#website\",\"url\":\"https:\/\/swehospitalsupply.se\/sv\/\",\"name\":\"Swedish Hospital Supplies\",\"description\":\"Produkter f\u00f6r V\u00e5rden, Milit\u00e4ren, Fritid, Polis och R\u00e4ddningstj\u00e4nst\",\"publisher\":{\"@id\":\"https:\/\/swehospitalsupply.se\/sv\/#organization\"},\"potentialAction\":[{\"@type\":\"SearchAction\",\"target\":{\"@type\":\"EntryPoint\",\"urlTemplate\":\"https:\/\/swehospitalsupply.se\/sv\/?s={search_term_string}\"},\"query-input\":{\"@type\":\"PropertyValueSpecification\",\"valueRequired\":true,\"valueName\":\"search_term_string\"}}],\"inLanguage\":\"es\"},{\"@type\":\"Organization\",\"@id\":\"https:\/\/swehospitalsupply.se\/sv\/#organization\",\"name\":\"Swedish Hospital Supply\",\"url\":\"https:\/\/swehospitalsupply.se\/sv\/\",\"logo\":{\"@type\":\"ImageObject\",\"inLanguage\":\"es\",\"@id\":\"https:\/\/swehospitalsupply.se\/sv\/#\/schema\/logo\/image\/\",\"url\":\"https:\/\/swehospitalsupply.se\/wp-content\/uploads\/2020\/10\/SHS-Logo.png\",\"contentUrl\":\"https:\/\/swehospitalsupply.se\/wp-content\/uploads\/2020\/10\/SHS-Logo.png\",\"width\":2720,\"height\":1223,\"caption\":\"Swedish Hospital Supply\"},\"image\":{\"@id\":\"https:\/\/swehospitalsupply.se\/sv\/#\/schema\/logo\/image\/\"},\"sameAs\":[\"https:\/\/www.instagram.com\/swedish_hospital_supply_ab\/\"]}]}<\/script>\n<!-- \/ Yoast SEO plugin. -->","yoast_head_json":{"title":"Allkopp azul - Swedish Hospital Supplies","robots":{"index":"index","follow":"follow","max-snippet":"max-snippet:-1","max-image-preview":"max-image-preview:large","max-video-preview":"max-video-preview:-1"},"canonical":"https:\/\/swehospitalsupply.se\/sv\/producto\/allkopp-bla\/","og_locale":"es_ES","og_type":"article","og_title":"Allkopp azul - Swedish Hospital Supplies","og_description":"El nuevo vaso de muestra con funci\u00f3n todo en uno. Allkopp ha sido desarrollado y fabricado en Suecia.","og_url":"https:\/\/swehospitalsupply.se\/sv\/producto\/allkopp-bla\/","og_site_name":"Swedish Hospital Supplies","article_modified_time":"2024-10-28T14:50:59+00:00","og_image":[{"width":800,"height":800,"url":"https:\/\/swehospitalsupply.se\/wp-content\/uploads\/2020\/09\/40-1.jpg","type":"image\/jpeg"}],"twitter_card":"summary_large_image","twitter_misc":{"Tiempo de lectura":"1 minuto"},"schema":{"@context":"https:\/\/schema.org","@graph":[{"@type":"WebPage","@id":"https:\/\/swehospitalsupply.se\/sv\/producto\/allkopp-bla\/","url":"https:\/\/swehospitalsupply.se\/sv\/producto\/allkopp-bla\/","name":"Allkopp azul - Swedish Hospital Supplies","isPartOf":{"@id":"https:\/\/swehospitalsupply.se\/sv\/#website"},"primaryImageOfPage":{"@id":"https:\/\/swehospitalsupply.se\/sv\/producto\/allkopp-bla\/#primaryimage"},"image":{"@id":"https:\/\/swehospitalsupply.se\/sv\/producto\/allkopp-bla\/#primaryimage"},"thumbnailUrl":"https:\/\/swehospitalsupply.se\/wp-content\/uploads\/2020\/09\/40-1.jpg","datePublished":"2020-09-22T14:07:42+00:00","dateModified":"2024-10-28T14:50:59+00:00","breadcrumb":{"@id":"https:\/\/swehospitalsupply.se\/sv\/producto\/allkopp-bla\/#breadcrumb"},"inLanguage":"es","potentialAction":[{"@type":"ReadAction","target":["https:\/\/swehospitalsupply.se\/sv\/producto\/allkopp-bla\/"]}]},{"@type":"ImageObject","inLanguage":"es","@id":"https:\/\/swehospitalsupply.se\/sv\/producto\/allkopp-bla\/#primaryimage","url":"https:\/\/swehospitalsupply.se\/wp-content\/uploads\/2020\/09\/40-1.jpg","contentUrl":"https:\/\/swehospitalsupply.se\/wp-content\/uploads\/2020\/09\/40-1.jpg","width":800,"height":800,"caption":"40 1"},{"@type":"BreadcrumbList","@id":"https:\/\/swehospitalsupply.se\/sv\/producto\/allkopp-bla\/#breadcrumb","itemListElement":[{"@type":"ListItem","position":1,"name":"Home","item":"https:\/\/swehospitalsupply.se\/es\/"},{"@type":"ListItem","position":2,"name":"Tienda en l\u00ednea","item":"https:\/\/swehospitalsupply.se\/es\/butik\/"},{"@type":"ListItem","position":3,"name":"Allkopp azul"}]},{"@type":"WebSite","@id":"https:\/\/swehospitalsupply.se\/sv\/#website","url":"https:\/\/swehospitalsupply.se\/sv\/","name":"Swedish Hospital Supplies","description":"Produkter f\u00f6r V\u00e5rden, Milit\u00e4ren, Fritid, Polis och R\u00e4ddningstj\u00e4nst","publisher":{"@id":"https:\/\/swehospitalsupply.se\/sv\/#organization"},"potentialAction":[{"@type":"SearchAction","target":{"@type":"EntryPoint","urlTemplate":"https:\/\/swehospitalsupply.se\/sv\/?s={search_term_string}"},"query-input":{"@type":"PropertyValueSpecification","valueRequired":true,"valueName":"search_term_string"}}],"inLanguage":"es"},{"@type":"Organization","@id":"https:\/\/swehospitalsupply.se\/sv\/#organization","name":"Swedish Hospital Supply","url":"https:\/\/swehospitalsupply.se\/sv\/","logo":{"@type":"ImageObject","inLanguage":"es","@id":"https:\/\/swehospitalsupply.se\/sv\/#\/schema\/logo\/image\/","url":"https:\/\/swehospitalsupply.se\/wp-content\/uploads\/2020\/10\/SHS-Logo.png","contentUrl":"https:\/\/swehospitalsupply.se\/wp-content\/uploads\/2020\/10\/SHS-Logo.png","width":2720,"height":1223,"caption":"Swedish Hospital Supply"},"image":{"@id":"https:\/\/swehospitalsupply.se\/sv\/#\/schema\/logo\/image\/"},"sameAs":["https:\/\/www.instagram.com\/swedish_hospital_supply_ab\/"]}]}},"_links":{"self":[{"href":"https:\/\/swehospitalsupply.se\/es\/wp-json\/wp\/v2\/product\/1267","targetHints":{"allow":["GET"]}}],"collection":[{"href":"https:\/\/swehospitalsupply.se\/es\/wp-json\/wp\/v2\/product"}],"about":[{"href":"https:\/\/swehospitalsupply.se\/es\/wp-json\/wp\/v2\/types\/product"}],"replies":[{"embeddable":true,"href":"https:\/\/swehospitalsupply.se\/es\/wp-json\/wp\/v2\/comments?post=1267"}],"wp:featuredmedia":[{"embeddable":true,"href":"https:\/\/swehospitalsupply.se\/es\/wp-json\/wp\/v2\/media\/1758"}],"wp:attachment":[{"href":"https:\/\/swehospitalsupply.se\/es\/wp-json\/wp\/v2\/media?parent=1267"}],"wp:term":[{"taxonomy":"product_cat","embeddable":true,"href":"https:\/\/swehospitalsupply.se\/es\/wp-json\/wp\/v2\/product_cat?post=1267"},{"taxonomy":"product_tag","embeddable":true,"href":"https:\/\/swehospitalsupply.se\/es\/wp-json\/wp\/v2\/product_tag?post=1267"}],"curies":[{"name":"wp","href":"https:\/\/api.w.org\/{rel}","templated":true}]}}