{"id":1288,"date":"2020-09-22T16:05:42","date_gmt":"2020-09-22T14:05:42","guid":{"rendered":"http:\/\/shsab.hemsida.eu\/produkt\/p-bag\/"},"modified":"2024-10-21T13:54:23","modified_gmt":"2024-10-21T11:54:23","slug":"p-bag","status":"publish","type":"product","link":"https:\/\/swehospitalsupply.se\/es\/producto\/p-bag\/","title":{"rendered":"P-BAG"},"content":{"rendered":"<p>Recurso extraordinario para hospitales, cuidados en el domicilio, etc. La P-BAG es unisex, la pueden usar tanto hombres como mujeres sin ning\u00fan problema, cuando el volumen de la orina necesite analizarse.<\/p>\n","protected":false},"excerpt":{"rendered":"<p><span lang=\"ES\">Recurso extraordinario para hospitales, cuidados en el domicilio, etc. <\/span><\/p>\n","protected":false},"featured_media":1751,"comment_status":"closed","ping_status":"closed","template":"","meta":{"_acf_changed":false,"_monsterinsights_skip_tracking":false,"_monsterinsights_sitenote_active":false,"_monsterinsights_sitenote_note":"","_monsterinsights_sitenote_category":0},"product_cat":[264,282],"product_tag":[],"class_list":{"0":"post-1288","1":"product","2":"type-product","3":"status-publish","4":"has-post-thumbnail","6":"product_cat-incontinencia-urologia","7":"product_cat-recoleccion-de-orina","8":"pa_farg-blanco-bolsa-graduada","9":"pa_forpackning-30-piezas","10":"pa_forpackning-pall-56-es","11":"pa_rymd-1500-ml-es","13":"first","14":"outofstock","15":"taxable","16":"shipping-taxable","17":"product-type-simple"},"acf":[],"yoast_head":"<!-- This site is optimized with the Yoast SEO plugin v24.1 - https:\/\/yoast.com\/wordpress\/plugins\/seo\/ -->\n<title>P-BAG - Swedish Hospital Supplies<\/title>\n<meta name=\"robots\" content=\"index, follow, max-snippet:-1, max-image-preview:large, max-video-preview:-1\" \/>\n<link rel=\"canonical\" href=\"https:\/\/swehospitalsupply.se\/es\/producto\/p-bag\/\" \/>\n<meta property=\"og:locale\" content=\"es_ES\" \/>\n<meta property=\"og:type\" content=\"article\" \/>\n<meta property=\"og:title\" content=\"P-BAG - Swedish Hospital Supplies\" \/>\n<meta property=\"og:description\" content=\"Recurso extraordinario para hospitales, cuidados en el domicilio, etc.\" \/>\n<meta property=\"og:url\" content=\"https:\/\/swehospitalsupply.se\/es\/producto\/p-bag\/\" \/>\n<meta property=\"og:site_name\" content=\"Swedish Hospital Supplies\" \/>\n<meta property=\"article:modified_time\" content=\"2024-10-21T11:54:23+00:00\" \/>\n<meta property=\"og:image\" content=\"https:\/\/swehospitalsupply.se\/wp-content\/uploads\/2020\/09\/mfr_22328-p-bag22341-scaled.jpg\" \/>\n\t<meta property=\"og:image:width\" content=\"2560\" \/>\n\t<meta property=\"og:image:height\" content=\"1944\" \/>\n\t<meta property=\"og:image:type\" content=\"image\/jpeg\" \/>\n<meta name=\"twitter:card\" content=\"summary_large_image\" \/>\n<meta name=\"twitter:label1\" content=\"Tiempo de lectura\" \/>\n\t<meta name=\"twitter:data1\" content=\"1 minuto\" \/>\n<script type=\"application\/ld+json\" class=\"yoast-schema-graph\">{\"@context\":\"https:\/\/schema.org\",\"@graph\":[{\"@type\":\"WebPage\",\"@id\":\"https:\/\/swehospitalsupply.se\/es\/producto\/p-bag\/\",\"url\":\"https:\/\/swehospitalsupply.se\/es\/producto\/p-bag\/\",\"name\":\"P-BAG - Swedish Hospital Supplies\",\"isPartOf\":{\"@id\":\"https:\/\/swehospitalsupply.se\/sv\/#website\"},\"primaryImageOfPage\":{\"@id\":\"https:\/\/swehospitalsupply.se\/es\/producto\/p-bag\/#primaryimage\"},\"image\":{\"@id\":\"https:\/\/swehospitalsupply.se\/es\/producto\/p-bag\/#primaryimage\"},\"thumbnailUrl\":\"https:\/\/swehospitalsupply.se\/wp-content\/uploads\/2020\/09\/mfr_22328-p-bag22341-scaled.jpg\",\"datePublished\":\"2020-09-22T14:05:42+00:00\",\"dateModified\":\"2024-10-21T11:54:23+00:00\",\"breadcrumb\":{\"@id\":\"https:\/\/swehospitalsupply.se\/es\/producto\/p-bag\/#breadcrumb\"},\"inLanguage\":\"es\",\"potentialAction\":[{\"@type\":\"ReadAction\",\"target\":[\"https:\/\/swehospitalsupply.se\/es\/producto\/p-bag\/\"]}]},{\"@type\":\"ImageObject\",\"inLanguage\":\"es\",\"@id\":\"https:\/\/swehospitalsupply.se\/es\/producto\/p-bag\/#primaryimage\",\"url\":\"https:\/\/swehospitalsupply.se\/wp-content\/uploads\/2020\/09\/mfr_22328-p-bag22341-scaled.jpg\",\"contentUrl\":\"https:\/\/swehospitalsupply.se\/wp-content\/uploads\/2020\/09\/mfr_22328-p-bag22341-scaled.jpg\",\"width\":2560,\"height\":1944,\"caption\":\"mfr 22328 p bag22341\"},{\"@type\":\"BreadcrumbList\",\"@id\":\"https:\/\/swehospitalsupply.se\/es\/producto\/p-bag\/#breadcrumb\",\"itemListElement\":[{\"@type\":\"ListItem\",\"position\":1,\"name\":\"Home\",\"item\":\"https:\/\/swehospitalsupply.se\/es\/\"},{\"@type\":\"ListItem\",\"position\":2,\"name\":\"Tienda en l\u00ednea\",\"item\":\"https:\/\/swehospitalsupply.se\/es\/butik\/\"},{\"@type\":\"ListItem\",\"position\":3,\"name\":\"P-BAG\"}]},{\"@type\":\"WebSite\",\"@id\":\"https:\/\/swehospitalsupply.se\/sv\/#website\",\"url\":\"https:\/\/swehospitalsupply.se\/sv\/\",\"name\":\"Swedish Hospital Supplies\",\"description\":\"Produkter f\u00f6r V\u00e5rden, Milit\u00e4ren, Fritid, Polis och R\u00e4ddningstj\u00e4nst\",\"publisher\":{\"@id\":\"https:\/\/swehospitalsupply.se\/sv\/#organization\"},\"potentialAction\":[{\"@type\":\"SearchAction\",\"target\":{\"@type\":\"EntryPoint\",\"urlTemplate\":\"https:\/\/swehospitalsupply.se\/sv\/?s={search_term_string}\"},\"query-input\":{\"@type\":\"PropertyValueSpecification\",\"valueRequired\":true,\"valueName\":\"search_term_string\"}}],\"inLanguage\":\"es\"},{\"@type\":\"Organization\",\"@id\":\"https:\/\/swehospitalsupply.se\/sv\/#organization\",\"name\":\"Swedish Hospital Supply\",\"url\":\"https:\/\/swehospitalsupply.se\/sv\/\",\"logo\":{\"@type\":\"ImageObject\",\"inLanguage\":\"es\",\"@id\":\"https:\/\/swehospitalsupply.se\/sv\/#\/schema\/logo\/image\/\",\"url\":\"https:\/\/swehospitalsupply.se\/wp-content\/uploads\/2020\/10\/SHS-Logo.png\",\"contentUrl\":\"https:\/\/swehospitalsupply.se\/wp-content\/uploads\/2020\/10\/SHS-Logo.png\",\"width\":2720,\"height\":1223,\"caption\":\"Swedish Hospital Supply\"},\"image\":{\"@id\":\"https:\/\/swehospitalsupply.se\/sv\/#\/schema\/logo\/image\/\"},\"sameAs\":[\"https:\/\/www.instagram.com\/swedish_hospital_supply_ab\/\"]}]}<\/script>\n<!-- \/ Yoast SEO plugin. -->","yoast_head_json":{"title":"P-BAG - Swedish Hospital Supplies","robots":{"index":"index","follow":"follow","max-snippet":"max-snippet:-1","max-image-preview":"max-image-preview:large","max-video-preview":"max-video-preview:-1"},"canonical":"https:\/\/swehospitalsupply.se\/es\/producto\/p-bag\/","og_locale":"es_ES","og_type":"article","og_title":"P-BAG - Swedish Hospital Supplies","og_description":"Recurso extraordinario para hospitales, cuidados en el domicilio, etc.","og_url":"https:\/\/swehospitalsupply.se\/es\/producto\/p-bag\/","og_site_name":"Swedish Hospital Supplies","article_modified_time":"2024-10-21T11:54:23+00:00","og_image":[{"width":2560,"height":1944,"url":"https:\/\/swehospitalsupply.se\/wp-content\/uploads\/2020\/09\/mfr_22328-p-bag22341-scaled.jpg","type":"image\/jpeg"}],"twitter_card":"summary_large_image","twitter_misc":{"Tiempo de lectura":"1 minuto"},"schema":{"@context":"https:\/\/schema.org","@graph":[{"@type":"WebPage","@id":"https:\/\/swehospitalsupply.se\/es\/producto\/p-bag\/","url":"https:\/\/swehospitalsupply.se\/es\/producto\/p-bag\/","name":"P-BAG - Swedish Hospital Supplies","isPartOf":{"@id":"https:\/\/swehospitalsupply.se\/sv\/#website"},"primaryImageOfPage":{"@id":"https:\/\/swehospitalsupply.se\/es\/producto\/p-bag\/#primaryimage"},"image":{"@id":"https:\/\/swehospitalsupply.se\/es\/producto\/p-bag\/#primaryimage"},"thumbnailUrl":"https:\/\/swehospitalsupply.se\/wp-content\/uploads\/2020\/09\/mfr_22328-p-bag22341-scaled.jpg","datePublished":"2020-09-22T14:05:42+00:00","dateModified":"2024-10-21T11:54:23+00:00","breadcrumb":{"@id":"https:\/\/swehospitalsupply.se\/es\/producto\/p-bag\/#breadcrumb"},"inLanguage":"es","potentialAction":[{"@type":"ReadAction","target":["https:\/\/swehospitalsupply.se\/es\/producto\/p-bag\/"]}]},{"@type":"ImageObject","inLanguage":"es","@id":"https:\/\/swehospitalsupply.se\/es\/producto\/p-bag\/#primaryimage","url":"https:\/\/swehospitalsupply.se\/wp-content\/uploads\/2020\/09\/mfr_22328-p-bag22341-scaled.jpg","contentUrl":"https:\/\/swehospitalsupply.se\/wp-content\/uploads\/2020\/09\/mfr_22328-p-bag22341-scaled.jpg","width":2560,"height":1944,"caption":"mfr 22328 p bag22341"},{"@type":"BreadcrumbList","@id":"https:\/\/swehospitalsupply.se\/es\/producto\/p-bag\/#breadcrumb","itemListElement":[{"@type":"ListItem","position":1,"name":"Home","item":"https:\/\/swehospitalsupply.se\/es\/"},{"@type":"ListItem","position":2,"name":"Tienda en l\u00ednea","item":"https:\/\/swehospitalsupply.se\/es\/butik\/"},{"@type":"ListItem","position":3,"name":"P-BAG"}]},{"@type":"WebSite","@id":"https:\/\/swehospitalsupply.se\/sv\/#website","url":"https:\/\/swehospitalsupply.se\/sv\/","name":"Swedish Hospital Supplies","description":"Produkter f\u00f6r V\u00e5rden, Milit\u00e4ren, Fritid, Polis och R\u00e4ddningstj\u00e4nst","publisher":{"@id":"https:\/\/swehospitalsupply.se\/sv\/#organization"},"potentialAction":[{"@type":"SearchAction","target":{"@type":"EntryPoint","urlTemplate":"https:\/\/swehospitalsupply.se\/sv\/?s={search_term_string}"},"query-input":{"@type":"PropertyValueSpecification","valueRequired":true,"valueName":"search_term_string"}}],"inLanguage":"es"},{"@type":"Organization","@id":"https:\/\/swehospitalsupply.se\/sv\/#organization","name":"Swedish Hospital Supply","url":"https:\/\/swehospitalsupply.se\/sv\/","logo":{"@type":"ImageObject","inLanguage":"es","@id":"https:\/\/swehospitalsupply.se\/sv\/#\/schema\/logo\/image\/","url":"https:\/\/swehospitalsupply.se\/wp-content\/uploads\/2020\/10\/SHS-Logo.png","contentUrl":"https:\/\/swehospitalsupply.se\/wp-content\/uploads\/2020\/10\/SHS-Logo.png","width":2720,"height":1223,"caption":"Swedish Hospital Supply"},"image":{"@id":"https:\/\/swehospitalsupply.se\/sv\/#\/schema\/logo\/image\/"},"sameAs":["https:\/\/www.instagram.com\/swedish_hospital_supply_ab\/"]}]}},"_links":{"self":[{"href":"https:\/\/swehospitalsupply.se\/es\/wp-json\/wp\/v2\/product\/1288","targetHints":{"allow":["GET"]}}],"collection":[{"href":"https:\/\/swehospitalsupply.se\/es\/wp-json\/wp\/v2\/product"}],"about":[{"href":"https:\/\/swehospitalsupply.se\/es\/wp-json\/wp\/v2\/types\/product"}],"replies":[{"embeddable":true,"href":"https:\/\/swehospitalsupply.se\/es\/wp-json\/wp\/v2\/comments?post=1288"}],"wp:featuredmedia":[{"embeddable":true,"href":"https:\/\/swehospitalsupply.se\/es\/wp-json\/wp\/v2\/media\/1751"}],"wp:attachment":[{"href":"https:\/\/swehospitalsupply.se\/es\/wp-json\/wp\/v2\/media?parent=1288"}],"wp:term":[{"taxonomy":"product_cat","embeddable":true,"href":"https:\/\/swehospitalsupply.se\/es\/wp-json\/wp\/v2\/product_cat?post=1288"},{"taxonomy":"product_tag","embeddable":true,"href":"https:\/\/swehospitalsupply.se\/es\/wp-json\/wp\/v2\/product_tag?post=1288"}],"curies":[{"name":"wp","href":"https:\/\/api.w.org\/{rel}","templated":true}]}}