{"id":147,"date":"2020-09-23T13:41:53","date_gmt":"2020-09-23T11:41:53","guid":{"rendered":"http:\/\/shsab.hemsida.eu\/?page_id=147"},"modified":"2021-06-16T13:58:43","modified_gmt":"2021-06-16T11:58:43","slug":"bli-aterforsaljare","status":"publish","type":"page","link":"https:\/\/swehospitalsupply.se\/sv\/bli-aterforsaljare\/","title":{"rendered":"Bli \u00e5terf\u00f6rs\u00e4ljare"},"content":{"rendered":"","protected":false},"excerpt":{"rendered":"","protected":false},"author":1,"featured_media":0,"parent":0,"menu_order":1,"comment_status":"closed","ping_status":"closed","template":"page-templates\/blikund.php","meta":{"_acf_changed":false,"_monsterinsights_skip_tracking":false,"_monsterinsights_sitenote_active":false,"_monsterinsights_sitenote_note":"","_monsterinsights_sitenote_category":0,"footnotes":""},"class_list":["post-147","page","type-page","status-publish","hentry"],"acf":[],"yoast_head":"<!-- This site is optimized with the Yoast SEO plugin v24.1 - https:\/\/yoast.com\/wordpress\/plugins\/seo\/ -->\n<title>Bli \u00e5terf\u00f6rs\u00e4ljare - Ans\u00f6k idag - Swedish Hospital Supplies<\/title>\n<meta name=\"description\" content=\"Bli \u00e5terf\u00f6rs\u00e4ljare till oss och v\u00e5ra produkter p\u00e5 Swedish Hospital Supplies. Unika produkter inom Sjukv\u00e5rd, Milit\u00e4r och R\u00e4ddningstj\u00e4nst.\" \/>\n<meta name=\"robots\" content=\"index, follow, max-snippet:-1, max-image-preview:large, max-video-preview:-1\" \/>\n<link rel=\"canonical\" href=\"https:\/\/swehospitalsupply.se\/sv\/bli-aterforsaljare\/\" \/>\n<meta property=\"og:locale\" content=\"sv_SE\" \/>\n<meta property=\"og:type\" content=\"article\" \/>\n<meta property=\"og:title\" content=\"Bli \u00e5terf\u00f6rs\u00e4ljare - Ans\u00f6k idag - Swedish Hospital Supplies\" \/>\n<meta property=\"og:description\" content=\"Bli \u00e5terf\u00f6rs\u00e4ljare till oss och v\u00e5ra produkter p\u00e5 Swedish Hospital Supplies. Unika produkter inom Sjukv\u00e5rd, Milit\u00e4r och R\u00e4ddningstj\u00e4nst.\" \/>\n<meta property=\"og:url\" content=\"https:\/\/swehospitalsupply.se\/sv\/bli-aterforsaljare\/\" \/>\n<meta property=\"og:site_name\" content=\"Swedish Hospital Supplies\" \/>\n<meta property=\"article:modified_time\" content=\"2021-06-16T11:58:43+00:00\" \/>\n<meta name=\"twitter:card\" content=\"summary_large_image\" \/>\n<script type=\"application\/ld+json\" class=\"yoast-schema-graph\">{\"@context\":\"https:\/\/schema.org\",\"@graph\":[{\"@type\":\"WebPage\",\"@id\":\"https:\/\/swehospitalsupply.se\/sv\/bli-aterforsaljare\/\",\"url\":\"https:\/\/swehospitalsupply.se\/sv\/bli-aterforsaljare\/\",\"name\":\"Bli \u00e5terf\u00f6rs\u00e4ljare - Ans\u00f6k idag - Swedish Hospital Supplies\",\"isPartOf\":{\"@id\":\"https:\/\/swehospitalsupply.se\/sv\/#website\"},\"datePublished\":\"2020-09-23T11:41:53+00:00\",\"dateModified\":\"2021-06-16T11:58:43+00:00\",\"description\":\"Bli \u00e5terf\u00f6rs\u00e4ljare till oss och v\u00e5ra produkter p\u00e5 Swedish Hospital Supplies. Unika produkter inom Sjukv\u00e5rd, Milit\u00e4r och R\u00e4ddningstj\u00e4nst.\",\"breadcrumb\":{\"@id\":\"https:\/\/swehospitalsupply.se\/sv\/bli-aterforsaljare\/#breadcrumb\"},\"inLanguage\":\"sv-SE\",\"potentialAction\":[{\"@type\":\"ReadAction\",\"target\":[\"https:\/\/swehospitalsupply.se\/sv\/bli-aterforsaljare\/\"]}]},{\"@type\":\"BreadcrumbList\",\"@id\":\"https:\/\/swehospitalsupply.se\/sv\/bli-aterforsaljare\/#breadcrumb\",\"itemListElement\":[{\"@type\":\"ListItem\",\"position\":1,\"name\":\"Home\",\"item\":\"https:\/\/swehospitalsupply.se\/sv\/\"},{\"@type\":\"ListItem\",\"position\":2,\"name\":\"Bli \u00e5terf\u00f6rs\u00e4ljare\"}]},{\"@type\":\"WebSite\",\"@id\":\"https:\/\/swehospitalsupply.se\/sv\/#website\",\"url\":\"https:\/\/swehospitalsupply.se\/sv\/\",\"name\":\"Swedish Hospital Supplies\",\"description\":\"Produkter f\u00f6r V\u00e5rden, Milit\u00e4ren, Fritid, Polis och R\u00e4ddningstj\u00e4nst\",\"publisher\":{\"@id\":\"https:\/\/swehospitalsupply.se\/sv\/#organization\"},\"potentialAction\":[{\"@type\":\"SearchAction\",\"target\":{\"@type\":\"EntryPoint\",\"urlTemplate\":\"https:\/\/swehospitalsupply.se\/sv\/?s={search_term_string}\"},\"query-input\":{\"@type\":\"PropertyValueSpecification\",\"valueRequired\":true,\"valueName\":\"search_term_string\"}}],\"inLanguage\":\"sv-SE\"},{\"@type\":\"Organization\",\"@id\":\"https:\/\/swehospitalsupply.se\/sv\/#organization\",\"name\":\"Swedish Hospital Supply\",\"url\":\"https:\/\/swehospitalsupply.se\/sv\/\",\"logo\":{\"@type\":\"ImageObject\",\"inLanguage\":\"sv-SE\",\"@id\":\"https:\/\/swehospitalsupply.se\/sv\/#\/schema\/logo\/image\/\",\"url\":\"https:\/\/swehospitalsupply.se\/wp-content\/uploads\/2020\/10\/SHS-Logo.png\",\"contentUrl\":\"https:\/\/swehospitalsupply.se\/wp-content\/uploads\/2020\/10\/SHS-Logo.png\",\"width\":2720,\"height\":1223,\"caption\":\"Swedish Hospital Supply\"},\"image\":{\"@id\":\"https:\/\/swehospitalsupply.se\/sv\/#\/schema\/logo\/image\/\"},\"sameAs\":[\"https:\/\/www.instagram.com\/swedish_hospital_supply_ab\/\"]}]}<\/script>\n<!-- \/ Yoast SEO plugin. -->","yoast_head_json":{"title":"Bli \u00e5terf\u00f6rs\u00e4ljare - Ans\u00f6k idag - Swedish Hospital Supplies","description":"Bli \u00e5terf\u00f6rs\u00e4ljare till oss och v\u00e5ra produkter p\u00e5 Swedish Hospital Supplies. Unika produkter inom Sjukv\u00e5rd, Milit\u00e4r och R\u00e4ddningstj\u00e4nst.","robots":{"index":"index","follow":"follow","max-snippet":"max-snippet:-1","max-image-preview":"max-image-preview:large","max-video-preview":"max-video-preview:-1"},"canonical":"https:\/\/swehospitalsupply.se\/sv\/bli-aterforsaljare\/","og_locale":"sv_SE","og_type":"article","og_title":"Bli \u00e5terf\u00f6rs\u00e4ljare - Ans\u00f6k idag - Swedish Hospital Supplies","og_description":"Bli \u00e5terf\u00f6rs\u00e4ljare till oss och v\u00e5ra produkter p\u00e5 Swedish Hospital Supplies. Unika produkter inom Sjukv\u00e5rd, Milit\u00e4r och R\u00e4ddningstj\u00e4nst.","og_url":"https:\/\/swehospitalsupply.se\/sv\/bli-aterforsaljare\/","og_site_name":"Swedish Hospital Supplies","article_modified_time":"2021-06-16T11:58:43+00:00","twitter_card":"summary_large_image","schema":{"@context":"https:\/\/schema.org","@graph":[{"@type":"WebPage","@id":"https:\/\/swehospitalsupply.se\/sv\/bli-aterforsaljare\/","url":"https:\/\/swehospitalsupply.se\/sv\/bli-aterforsaljare\/","name":"Bli \u00e5terf\u00f6rs\u00e4ljare - Ans\u00f6k idag - Swedish Hospital Supplies","isPartOf":{"@id":"https:\/\/swehospitalsupply.se\/sv\/#website"},"datePublished":"2020-09-23T11:41:53+00:00","dateModified":"2021-06-16T11:58:43+00:00","description":"Bli \u00e5terf\u00f6rs\u00e4ljare till oss och v\u00e5ra produkter p\u00e5 Swedish Hospital Supplies. Unika produkter inom Sjukv\u00e5rd, Milit\u00e4r och R\u00e4ddningstj\u00e4nst.","breadcrumb":{"@id":"https:\/\/swehospitalsupply.se\/sv\/bli-aterforsaljare\/#breadcrumb"},"inLanguage":"sv-SE","potentialAction":[{"@type":"ReadAction","target":["https:\/\/swehospitalsupply.se\/sv\/bli-aterforsaljare\/"]}]},{"@type":"BreadcrumbList","@id":"https:\/\/swehospitalsupply.se\/sv\/bli-aterforsaljare\/#breadcrumb","itemListElement":[{"@type":"ListItem","position":1,"name":"Home","item":"https:\/\/swehospitalsupply.se\/sv\/"},{"@type":"ListItem","position":2,"name":"Bli \u00e5terf\u00f6rs\u00e4ljare"}]},{"@type":"WebSite","@id":"https:\/\/swehospitalsupply.se\/sv\/#website","url":"https:\/\/swehospitalsupply.se\/sv\/","name":"Swedish Hospital Supplies","description":"Produkter f\u00f6r V\u00e5rden, Milit\u00e4ren, Fritid, Polis och R\u00e4ddningstj\u00e4nst","publisher":{"@id":"https:\/\/swehospitalsupply.se\/sv\/#organization"},"potentialAction":[{"@type":"SearchAction","target":{"@type":"EntryPoint","urlTemplate":"https:\/\/swehospitalsupply.se\/sv\/?s={search_term_string}"},"query-input":{"@type":"PropertyValueSpecification","valueRequired":true,"valueName":"search_term_string"}}],"inLanguage":"sv-SE"},{"@type":"Organization","@id":"https:\/\/swehospitalsupply.se\/sv\/#organization","name":"Swedish Hospital Supply","url":"https:\/\/swehospitalsupply.se\/sv\/","logo":{"@type":"ImageObject","inLanguage":"sv-SE","@id":"https:\/\/swehospitalsupply.se\/sv\/#\/schema\/logo\/image\/","url":"https:\/\/swehospitalsupply.se\/wp-content\/uploads\/2020\/10\/SHS-Logo.png","contentUrl":"https:\/\/swehospitalsupply.se\/wp-content\/uploads\/2020\/10\/SHS-Logo.png","width":2720,"height":1223,"caption":"Swedish Hospital Supply"},"image":{"@id":"https:\/\/swehospitalsupply.se\/sv\/#\/schema\/logo\/image\/"},"sameAs":["https:\/\/www.instagram.com\/swedish_hospital_supply_ab\/"]}]}},"_links":{"self":[{"href":"https:\/\/swehospitalsupply.se\/sv\/wp-json\/wp\/v2\/pages\/147","targetHints":{"allow":["GET"]}}],"collection":[{"href":"https:\/\/swehospitalsupply.se\/sv\/wp-json\/wp\/v2\/pages"}],"about":[{"href":"https:\/\/swehospitalsupply.se\/sv\/wp-json\/wp\/v2\/types\/page"}],"author":[{"embeddable":true,"href":"https:\/\/swehospitalsupply.se\/sv\/wp-json\/wp\/v2\/users\/1"}],"replies":[{"embeddable":true,"href":"https:\/\/swehospitalsupply.se\/sv\/wp-json\/wp\/v2\/comments?post=147"}],"version-history":[{"count":0,"href":"https:\/\/swehospitalsupply.se\/sv\/wp-json\/wp\/v2\/pages\/147\/revisions"}],"wp:attachment":[{"href":"https:\/\/swehospitalsupply.se\/sv\/wp-json\/wp\/v2\/media?parent=147"}],"curies":[{"name":"wp","href":"https:\/\/api.w.org\/{rel}","templated":true}]}}