{"id":2,"date":"2019-02-07T12:57:21","date_gmt":"2019-02-07T12:57:21","guid":{"rendered":"http:\/\/shsab.hemsida.eu\/?page_id=2"},"modified":"2025-01-09T13:45:29","modified_gmt":"2025-01-09T12:45:29","slug":"sample-page","status":"publish","type":"page","link":"https:\/\/swehospitalsupply.se\/sv\/","title":{"rendered":"Sjukv\u00e5rdsprodukter"},"content":{"rendered":"","protected":false},"excerpt":{"rendered":"","protected":false},"author":1,"featured_media":0,"parent":0,"menu_order":2,"comment_status":"closed","ping_status":"closed","template":"page-templates\/startsida.php","meta":{"_acf_changed":false,"_monsterinsights_skip_tracking":false,"_monsterinsights_sitenote_active":false,"_monsterinsights_sitenote_note":"","_monsterinsights_sitenote_category":0,"footnotes":""},"class_list":["post-2","page","type-page","status-publish","hentry"],"acf":[],"yoast_head":"<!-- This site is optimized with the Yoast SEO plugin v24.1 - https:\/\/yoast.com\/wordpress\/plugins\/seo\/ -->\n<title>Sjukv\u00e5rdsprodukter - R\u00e4ddningstj\u00e4nst, Milit\u00e4r, H\u00e4lsa o Sjukv\u00e5rd - SHS AB<\/title>\n<meta name=\"description\" content=\"Sjukv\u00e5rdsprodukter \u00e4r en del av v\u00e5r produktportf\u00f6lj inom SHS. Vi har \u00e4ven produkter f\u00f6r Sjukv\u00e5rd, Milit\u00e4r, R\u00e4ddningstj\u00e4nst och Fritid\" \/>\n<meta name=\"robots\" content=\"index, follow, max-snippet:-1, max-image-preview:large, max-video-preview:-1\" \/>\n<link rel=\"canonical\" href=\"https:\/\/swehospitalsupply.se\/sv\/\" \/>\n<meta property=\"og:locale\" content=\"sv_SE\" \/>\n<meta property=\"og:type\" content=\"article\" \/>\n<meta property=\"og:title\" content=\"Sjukv\u00e5rdsprodukter - R\u00e4ddningstj\u00e4nst, Milit\u00e4r, H\u00e4lsa o Sjukv\u00e5rd - SHS AB\" \/>\n<meta property=\"og:description\" content=\"Sjukv\u00e5rdsprodukter \u00e4r en del av v\u00e5r produktportf\u00f6lj inom SHS. Vi har \u00e4ven produkter f\u00f6r Sjukv\u00e5rd, Milit\u00e4r, R\u00e4ddningstj\u00e4nst och Fritid\" \/>\n<meta property=\"og:url\" content=\"https:\/\/swehospitalsupply.se\/sv\/\" \/>\n<meta property=\"og:site_name\" content=\"Swedish Hospital Supplies\" \/>\n<meta property=\"article:modified_time\" content=\"2025-01-09T12:45:29+00:00\" \/>\n<meta property=\"og:image\" content=\"https:\/\/swehospitalsupply.se\/wp-content\/uploads\/2021\/05\/Facebook.jpg\" \/>\n\t<meta property=\"og:image:width\" content=\"1200\" \/>\n\t<meta property=\"og:image:height\" content=\"630\" \/>\n\t<meta property=\"og:image:type\" content=\"image\/jpeg\" \/>\n<meta name=\"twitter:card\" content=\"summary_large_image\" \/>\n<meta name=\"twitter:label1\" content=\"Ber\u00e4knad l\u00e4stid\" \/>\n\t<meta name=\"twitter:data1\" content=\"2 minuter\" \/>\n<script type=\"application\/ld+json\" class=\"yoast-schema-graph\">{\"@context\":\"https:\/\/schema.org\",\"@graph\":[{\"@type\":\"WebPage\",\"@id\":\"https:\/\/swehospitalsupply.se\/sv\/\",\"url\":\"https:\/\/swehospitalsupply.se\/sv\/\",\"name\":\"Sjukv\u00e5rdsprodukter - R\u00e4ddningstj\u00e4nst, Milit\u00e4r, H\u00e4lsa o Sjukv\u00e5rd - SHS AB\",\"isPartOf\":{\"@id\":\"https:\/\/swehospitalsupply.se\/sv\/#website\"},\"datePublished\":\"2019-02-07T12:57:21+00:00\",\"dateModified\":\"2025-01-09T12:45:29+00:00\",\"description\":\"Sjukv\u00e5rdsprodukter \u00e4r en del av v\u00e5r produktportf\u00f6lj inom SHS. Vi har \u00e4ven produkter f\u00f6r Sjukv\u00e5rd, Milit\u00e4r, R\u00e4ddningstj\u00e4nst och Fritid\",\"breadcrumb\":{\"@id\":\"https:\/\/swehospitalsupply.se\/sv\/#breadcrumb\"},\"inLanguage\":\"sv-SE\",\"potentialAction\":[{\"@type\":\"ReadAction\",\"target\":[\"https:\/\/swehospitalsupply.se\/sv\/\"]}]},{\"@type\":\"BreadcrumbList\",\"@id\":\"https:\/\/swehospitalsupply.se\/sv\/#breadcrumb\",\"itemListElement\":[{\"@type\":\"ListItem\",\"position\":1,\"name\":\"Home\",\"item\":\"https:\/\/swehospitalsupply.se\/sv\/\"},{\"@type\":\"ListItem\",\"position\":2,\"name\":\"Sjukv\u00e5rdsprodukter\"}]},{\"@type\":\"WebSite\",\"@id\":\"https:\/\/swehospitalsupply.se\/sv\/#website\",\"url\":\"https:\/\/swehospitalsupply.se\/sv\/\",\"name\":\"Swedish Hospital Supplies\",\"description\":\"Produkter f\u00f6r V\u00e5rden, Milit\u00e4ren, Fritid, Polis och R\u00e4ddningstj\u00e4nst\",\"publisher\":{\"@id\":\"https:\/\/swehospitalsupply.se\/sv\/#organization\"},\"potentialAction\":[{\"@type\":\"SearchAction\",\"target\":{\"@type\":\"EntryPoint\",\"urlTemplate\":\"https:\/\/swehospitalsupply.se\/sv\/?s={search_term_string}\"},\"query-input\":{\"@type\":\"PropertyValueSpecification\",\"valueRequired\":true,\"valueName\":\"search_term_string\"}}],\"inLanguage\":\"sv-SE\"},{\"@type\":\"Organization\",\"@id\":\"https:\/\/swehospitalsupply.se\/sv\/#organization\",\"name\":\"Swedish Hospital Supply\",\"url\":\"https:\/\/swehospitalsupply.se\/sv\/\",\"logo\":{\"@type\":\"ImageObject\",\"inLanguage\":\"sv-SE\",\"@id\":\"https:\/\/swehospitalsupply.se\/sv\/#\/schema\/logo\/image\/\",\"url\":\"https:\/\/swehospitalsupply.se\/wp-content\/uploads\/2020\/10\/SHS-Logo.png\",\"contentUrl\":\"https:\/\/swehospitalsupply.se\/wp-content\/uploads\/2020\/10\/SHS-Logo.png\",\"width\":2720,\"height\":1223,\"caption\":\"Swedish Hospital Supply\"},\"image\":{\"@id\":\"https:\/\/swehospitalsupply.se\/sv\/#\/schema\/logo\/image\/\"},\"sameAs\":[\"https:\/\/www.instagram.com\/swedish_hospital_supply_ab\/\"]}]}<\/script>\n<!-- \/ Yoast SEO plugin. -->","yoast_head_json":{"title":"Sjukv\u00e5rdsprodukter - R\u00e4ddningstj\u00e4nst, Milit\u00e4r, H\u00e4lsa o Sjukv\u00e5rd - SHS AB","description":"Sjukv\u00e5rdsprodukter \u00e4r en del av v\u00e5r produktportf\u00f6lj inom SHS. Vi har \u00e4ven produkter f\u00f6r Sjukv\u00e5rd, Milit\u00e4r, R\u00e4ddningstj\u00e4nst och Fritid","robots":{"index":"index","follow":"follow","max-snippet":"max-snippet:-1","max-image-preview":"max-image-preview:large","max-video-preview":"max-video-preview:-1"},"canonical":"https:\/\/swehospitalsupply.se\/sv\/","og_locale":"sv_SE","og_type":"article","og_title":"Sjukv\u00e5rdsprodukter - R\u00e4ddningstj\u00e4nst, Milit\u00e4r, H\u00e4lsa o Sjukv\u00e5rd - SHS AB","og_description":"Sjukv\u00e5rdsprodukter \u00e4r en del av v\u00e5r produktportf\u00f6lj inom SHS. Vi har \u00e4ven produkter f\u00f6r Sjukv\u00e5rd, Milit\u00e4r, R\u00e4ddningstj\u00e4nst och Fritid","og_url":"https:\/\/swehospitalsupply.se\/sv\/","og_site_name":"Swedish Hospital Supplies","article_modified_time":"2025-01-09T12:45:29+00:00","og_image":[{"width":1200,"height":630,"url":"https:\/\/swehospitalsupply.se\/wp-content\/uploads\/2021\/05\/Facebook.jpg","type":"image\/jpeg"}],"twitter_card":"summary_large_image","twitter_misc":{"Ber\u00e4knad l\u00e4stid":"2 minuter"},"schema":{"@context":"https:\/\/schema.org","@graph":[{"@type":"WebPage","@id":"https:\/\/swehospitalsupply.se\/sv\/","url":"https:\/\/swehospitalsupply.se\/sv\/","name":"Sjukv\u00e5rdsprodukter - R\u00e4ddningstj\u00e4nst, Milit\u00e4r, H\u00e4lsa o Sjukv\u00e5rd - SHS AB","isPartOf":{"@id":"https:\/\/swehospitalsupply.se\/sv\/#website"},"datePublished":"2019-02-07T12:57:21+00:00","dateModified":"2025-01-09T12:45:29+00:00","description":"Sjukv\u00e5rdsprodukter \u00e4r en del av v\u00e5r produktportf\u00f6lj inom SHS. Vi har \u00e4ven produkter f\u00f6r Sjukv\u00e5rd, Milit\u00e4r, R\u00e4ddningstj\u00e4nst och Fritid","breadcrumb":{"@id":"https:\/\/swehospitalsupply.se\/sv\/#breadcrumb"},"inLanguage":"sv-SE","potentialAction":[{"@type":"ReadAction","target":["https:\/\/swehospitalsupply.se\/sv\/"]}]},{"@type":"BreadcrumbList","@id":"https:\/\/swehospitalsupply.se\/sv\/#breadcrumb","itemListElement":[{"@type":"ListItem","position":1,"name":"Home","item":"https:\/\/swehospitalsupply.se\/sv\/"},{"@type":"ListItem","position":2,"name":"Sjukv\u00e5rdsprodukter"}]},{"@type":"WebSite","@id":"https:\/\/swehospitalsupply.se\/sv\/#website","url":"https:\/\/swehospitalsupply.se\/sv\/","name":"Swedish Hospital Supplies","description":"Produkter f\u00f6r V\u00e5rden, Milit\u00e4ren, Fritid, Polis och R\u00e4ddningstj\u00e4nst","publisher":{"@id":"https:\/\/swehospitalsupply.se\/sv\/#organization"},"potentialAction":[{"@type":"SearchAction","target":{"@type":"EntryPoint","urlTemplate":"https:\/\/swehospitalsupply.se\/sv\/?s={search_term_string}"},"query-input":{"@type":"PropertyValueSpecification","valueRequired":true,"valueName":"search_term_string"}}],"inLanguage":"sv-SE"},{"@type":"Organization","@id":"https:\/\/swehospitalsupply.se\/sv\/#organization","name":"Swedish Hospital Supply","url":"https:\/\/swehospitalsupply.se\/sv\/","logo":{"@type":"ImageObject","inLanguage":"sv-SE","@id":"https:\/\/swehospitalsupply.se\/sv\/#\/schema\/logo\/image\/","url":"https:\/\/swehospitalsupply.se\/wp-content\/uploads\/2020\/10\/SHS-Logo.png","contentUrl":"https:\/\/swehospitalsupply.se\/wp-content\/uploads\/2020\/10\/SHS-Logo.png","width":2720,"height":1223,"caption":"Swedish Hospital Supply"},"image":{"@id":"https:\/\/swehospitalsupply.se\/sv\/#\/schema\/logo\/image\/"},"sameAs":["https:\/\/www.instagram.com\/swedish_hospital_supply_ab\/"]}]}},"_links":{"self":[{"href":"https:\/\/swehospitalsupply.se\/sv\/wp-json\/wp\/v2\/pages\/2","targetHints":{"allow":["GET"]}}],"collection":[{"href":"https:\/\/swehospitalsupply.se\/sv\/wp-json\/wp\/v2\/pages"}],"about":[{"href":"https:\/\/swehospitalsupply.se\/sv\/wp-json\/wp\/v2\/types\/page"}],"author":[{"embeddable":true,"href":"https:\/\/swehospitalsupply.se\/sv\/wp-json\/wp\/v2\/users\/1"}],"replies":[{"embeddable":true,"href":"https:\/\/swehospitalsupply.se\/sv\/wp-json\/wp\/v2\/comments?post=2"}],"version-history":[{"count":11,"href":"https:\/\/swehospitalsupply.se\/sv\/wp-json\/wp\/v2\/pages\/2\/revisions"}],"predecessor-version":[{"id":2446,"href":"https:\/\/swehospitalsupply.se\/sv\/wp-json\/wp\/v2\/pages\/2\/revisions\/2446"}],"wp:attachment":[{"href":"https:\/\/swehospitalsupply.se\/sv\/wp-json\/wp\/v2\/media?parent=2"}],"curies":[{"name":"wp","href":"https:\/\/api.w.org\/{rel}","templated":true}]}}