{"id":1985,"date":"2023-10-05T13:32:00","date_gmt":"2023-10-05T11:32:00","guid":{"rendered":"https:\/\/swehospitalsupply.se\/?post_type=product&#038;p=1985"},"modified":"2024-10-08T13:32:52","modified_gmt":"2024-10-08T11:32:52","slug":"combi-spoon","status":"publish","type":"product","link":"https:\/\/swehospitalsupply.se\/sv\/produkt\/combi-spoon\/","title":{"rendered":"Combi-Spoon"},"content":{"rendered":"<p>Combi-Spoon \u00e4r ett bestick med sked, gaffel och kniv i ett. Alla bestick samlade i\u00a0ett kan hj\u00e4lpa patienter\/brukare att sj\u00e4lvst\u00e4ndigt \u00e4ta sin m\u00e5ltid trots p\u00e5verkad\u00a0funktion.<\/p>\n<p>Combi-Spoon hj\u00e4lper patienter\/brukare och personal inom v\u00e5rden att m\u00f6ta en\u00a0del av den problematik som kan uppst\u00e5 vid m\u00e5ltiden.<\/p>\n","protected":false},"excerpt":{"rendered":"<p>Combi-Spoon \u00e4r ett bestick med sked, gaffel och kniv i ett.<\/p>\n","protected":false},"featured_media":1990,"comment_status":"closed","ping_status":"closed","template":"","meta":{"_acf_changed":false,"_monsterinsights_skip_tracking":false,"_monsterinsights_sitenote_active":false,"_monsterinsights_sitenote_note":"","_monsterinsights_sitenote_category":0},"product_cat":[224,225],"product_tag":[],"class_list":{"0":"post-1985","1":"product","2":"type-product","3":"status-publish","4":"has-post-thumbnail","6":"product_cat-ovriga-tillbehor","7":"product_cat-multiskeden","9":"first","10":"instock","11":"taxable","12":"shipping-taxable","13":"product-type-simple"},"acf":[],"yoast_head":"<!-- This site is optimized with the Yoast SEO plugin v24.1 - https:\/\/yoast.com\/wordpress\/plugins\/seo\/ -->\n<title>Combi-Spoon - Swedish Hospital Supplies<\/title>\n<meta name=\"robots\" content=\"index, follow, max-snippet:-1, max-image-preview:large, max-video-preview:-1\" \/>\n<link rel=\"canonical\" href=\"https:\/\/swehospitalsupply.se\/sv\/produkt\/combi-spoon\/\" \/>\n<meta property=\"og:locale\" content=\"sv_SE\" \/>\n<meta property=\"og:type\" content=\"article\" \/>\n<meta property=\"og:title\" content=\"Combi-Spoon - Swedish Hospital Supplies\" \/>\n<meta property=\"og:description\" content=\"Combi-Spoon \u00e4r ett bestick med sked, gaffel och kniv i ett.\" \/>\n<meta property=\"og:url\" content=\"https:\/\/swehospitalsupply.se\/sv\/produkt\/combi-spoon\/\" \/>\n<meta property=\"og:site_name\" content=\"Swedish Hospital Supplies\" \/>\n<meta property=\"article:modified_time\" content=\"2024-10-08T11:32:52+00:00\" \/>\n<meta property=\"og:image\" content=\"https:\/\/swehospitalsupply.se\/wp-content\/uploads\/2023\/10\/Combi-Spoon-2-st.jpg\" \/>\n\t<meta property=\"og:image:width\" content=\"1595\" \/>\n\t<meta property=\"og:image:height\" content=\"1343\" \/>\n\t<meta property=\"og:image:type\" content=\"image\/jpeg\" \/>\n<meta name=\"twitter:card\" content=\"summary_large_image\" \/>\n<meta name=\"twitter:label1\" content=\"Ber\u00e4knad l\u00e4stid\" \/>\n\t<meta name=\"twitter:data1\" content=\"1 minut\" \/>\n<script type=\"application\/ld+json\" class=\"yoast-schema-graph\">{\"@context\":\"https:\/\/schema.org\",\"@graph\":[{\"@type\":\"WebPage\",\"@id\":\"https:\/\/swehospitalsupply.se\/sv\/produkt\/combi-spoon\/\",\"url\":\"https:\/\/swehospitalsupply.se\/sv\/produkt\/combi-spoon\/\",\"name\":\"Combi-Spoon - Swedish Hospital Supplies\",\"isPartOf\":{\"@id\":\"https:\/\/swehospitalsupply.se\/sv\/#website\"},\"primaryImageOfPage\":{\"@id\":\"https:\/\/swehospitalsupply.se\/sv\/produkt\/combi-spoon\/#primaryimage\"},\"image\":{\"@id\":\"https:\/\/swehospitalsupply.se\/sv\/produkt\/combi-spoon\/#primaryimage\"},\"thumbnailUrl\":\"https:\/\/swehospitalsupply.se\/wp-content\/uploads\/2023\/10\/Combi-Spoon-2-st.jpg\",\"datePublished\":\"2023-10-05T11:32:00+00:00\",\"dateModified\":\"2024-10-08T11:32:52+00:00\",\"breadcrumb\":{\"@id\":\"https:\/\/swehospitalsupply.se\/sv\/produkt\/combi-spoon\/#breadcrumb\"},\"inLanguage\":\"sv-SE\",\"potentialAction\":[{\"@type\":\"ReadAction\",\"target\":[\"https:\/\/swehospitalsupply.se\/sv\/produkt\/combi-spoon\/\"]}]},{\"@type\":\"ImageObject\",\"inLanguage\":\"sv-SE\",\"@id\":\"https:\/\/swehospitalsupply.se\/sv\/produkt\/combi-spoon\/#primaryimage\",\"url\":\"https:\/\/swehospitalsupply.se\/wp-content\/uploads\/2023\/10\/Combi-Spoon-2-st.jpg\",\"contentUrl\":\"https:\/\/swehospitalsupply.se\/wp-content\/uploads\/2023\/10\/Combi-Spoon-2-st.jpg\",\"width\":1595,\"height\":1343,\"caption\":\"Combi Spoon 2 st\"},{\"@type\":\"BreadcrumbList\",\"@id\":\"https:\/\/swehospitalsupply.se\/sv\/produkt\/combi-spoon\/#breadcrumb\",\"itemListElement\":[{\"@type\":\"ListItem\",\"position\":1,\"name\":\"Home\",\"item\":\"https:\/\/swehospitalsupply.se\/sv\/\"},{\"@type\":\"ListItem\",\"position\":2,\"name\":\"Webbutik\",\"item\":\"https:\/\/swehospitalsupply.se\/sv\/butik\/\"},{\"@type\":\"ListItem\",\"position\":3,\"name\":\"Combi-Spoon\"}]},{\"@type\":\"WebSite\",\"@id\":\"https:\/\/swehospitalsupply.se\/sv\/#website\",\"url\":\"https:\/\/swehospitalsupply.se\/sv\/\",\"name\":\"Swedish Hospital Supplies\",\"description\":\"Produkter f\u00f6r V\u00e5rden, Milit\u00e4ren, Fritid, Polis och R\u00e4ddningstj\u00e4nst\",\"publisher\":{\"@id\":\"https:\/\/swehospitalsupply.se\/sv\/#organization\"},\"potentialAction\":[{\"@type\":\"SearchAction\",\"target\":{\"@type\":\"EntryPoint\",\"urlTemplate\":\"https:\/\/swehospitalsupply.se\/sv\/?s={search_term_string}\"},\"query-input\":{\"@type\":\"PropertyValueSpecification\",\"valueRequired\":true,\"valueName\":\"search_term_string\"}}],\"inLanguage\":\"sv-SE\"},{\"@type\":\"Organization\",\"@id\":\"https:\/\/swehospitalsupply.se\/sv\/#organization\",\"name\":\"Swedish Hospital Supply\",\"url\":\"https:\/\/swehospitalsupply.se\/sv\/\",\"logo\":{\"@type\":\"ImageObject\",\"inLanguage\":\"sv-SE\",\"@id\":\"https:\/\/swehospitalsupply.se\/sv\/#\/schema\/logo\/image\/\",\"url\":\"https:\/\/swehospitalsupply.se\/wp-content\/uploads\/2020\/10\/SHS-Logo.png\",\"contentUrl\":\"https:\/\/swehospitalsupply.se\/wp-content\/uploads\/2020\/10\/SHS-Logo.png\",\"width\":2720,\"height\":1223,\"caption\":\"Swedish Hospital Supply\"},\"image\":{\"@id\":\"https:\/\/swehospitalsupply.se\/sv\/#\/schema\/logo\/image\/\"},\"sameAs\":[\"https:\/\/www.instagram.com\/swedish_hospital_supply_ab\/\"]}]}<\/script>\n<!-- \/ Yoast SEO plugin. -->","yoast_head_json":{"title":"Combi-Spoon - Swedish Hospital Supplies","robots":{"index":"index","follow":"follow","max-snippet":"max-snippet:-1","max-image-preview":"max-image-preview:large","max-video-preview":"max-video-preview:-1"},"canonical":"https:\/\/swehospitalsupply.se\/sv\/produkt\/combi-spoon\/","og_locale":"sv_SE","og_type":"article","og_title":"Combi-Spoon - Swedish Hospital Supplies","og_description":"Combi-Spoon \u00e4r ett bestick med sked, gaffel och kniv i ett.","og_url":"https:\/\/swehospitalsupply.se\/sv\/produkt\/combi-spoon\/","og_site_name":"Swedish Hospital Supplies","article_modified_time":"2024-10-08T11:32:52+00:00","og_image":[{"width":1595,"height":1343,"url":"https:\/\/swehospitalsupply.se\/wp-content\/uploads\/2023\/10\/Combi-Spoon-2-st.jpg","type":"image\/jpeg"}],"twitter_card":"summary_large_image","twitter_misc":{"Ber\u00e4knad l\u00e4stid":"1 minut"},"schema":{"@context":"https:\/\/schema.org","@graph":[{"@type":"WebPage","@id":"https:\/\/swehospitalsupply.se\/sv\/produkt\/combi-spoon\/","url":"https:\/\/swehospitalsupply.se\/sv\/produkt\/combi-spoon\/","name":"Combi-Spoon - Swedish Hospital Supplies","isPartOf":{"@id":"https:\/\/swehospitalsupply.se\/sv\/#website"},"primaryImageOfPage":{"@id":"https:\/\/swehospitalsupply.se\/sv\/produkt\/combi-spoon\/#primaryimage"},"image":{"@id":"https:\/\/swehospitalsupply.se\/sv\/produkt\/combi-spoon\/#primaryimage"},"thumbnailUrl":"https:\/\/swehospitalsupply.se\/wp-content\/uploads\/2023\/10\/Combi-Spoon-2-st.jpg","datePublished":"2023-10-05T11:32:00+00:00","dateModified":"2024-10-08T11:32:52+00:00","breadcrumb":{"@id":"https:\/\/swehospitalsupply.se\/sv\/produkt\/combi-spoon\/#breadcrumb"},"inLanguage":"sv-SE","potentialAction":[{"@type":"ReadAction","target":["https:\/\/swehospitalsupply.se\/sv\/produkt\/combi-spoon\/"]}]},{"@type":"ImageObject","inLanguage":"sv-SE","@id":"https:\/\/swehospitalsupply.se\/sv\/produkt\/combi-spoon\/#primaryimage","url":"https:\/\/swehospitalsupply.se\/wp-content\/uploads\/2023\/10\/Combi-Spoon-2-st.jpg","contentUrl":"https:\/\/swehospitalsupply.se\/wp-content\/uploads\/2023\/10\/Combi-Spoon-2-st.jpg","width":1595,"height":1343,"caption":"Combi Spoon 2 st"},{"@type":"BreadcrumbList","@id":"https:\/\/swehospitalsupply.se\/sv\/produkt\/combi-spoon\/#breadcrumb","itemListElement":[{"@type":"ListItem","position":1,"name":"Home","item":"https:\/\/swehospitalsupply.se\/sv\/"},{"@type":"ListItem","position":2,"name":"Webbutik","item":"https:\/\/swehospitalsupply.se\/sv\/butik\/"},{"@type":"ListItem","position":3,"name":"Combi-Spoon"}]},{"@type":"WebSite","@id":"https:\/\/swehospitalsupply.se\/sv\/#website","url":"https:\/\/swehospitalsupply.se\/sv\/","name":"Swedish Hospital Supplies","description":"Produkter f\u00f6r V\u00e5rden, Milit\u00e4ren, Fritid, Polis och R\u00e4ddningstj\u00e4nst","publisher":{"@id":"https:\/\/swehospitalsupply.se\/sv\/#organization"},"potentialAction":[{"@type":"SearchAction","target":{"@type":"EntryPoint","urlTemplate":"https:\/\/swehospitalsupply.se\/sv\/?s={search_term_string}"},"query-input":{"@type":"PropertyValueSpecification","valueRequired":true,"valueName":"search_term_string"}}],"inLanguage":"sv-SE"},{"@type":"Organization","@id":"https:\/\/swehospitalsupply.se\/sv\/#organization","name":"Swedish Hospital Supply","url":"https:\/\/swehospitalsupply.se\/sv\/","logo":{"@type":"ImageObject","inLanguage":"sv-SE","@id":"https:\/\/swehospitalsupply.se\/sv\/#\/schema\/logo\/image\/","url":"https:\/\/swehospitalsupply.se\/wp-content\/uploads\/2020\/10\/SHS-Logo.png","contentUrl":"https:\/\/swehospitalsupply.se\/wp-content\/uploads\/2020\/10\/SHS-Logo.png","width":2720,"height":1223,"caption":"Swedish Hospital Supply"},"image":{"@id":"https:\/\/swehospitalsupply.se\/sv\/#\/schema\/logo\/image\/"},"sameAs":["https:\/\/www.instagram.com\/swedish_hospital_supply_ab\/"]}]}},"_links":{"self":[{"href":"https:\/\/swehospitalsupply.se\/sv\/wp-json\/wp\/v2\/product\/1985","targetHints":{"allow":["GET"]}}],"collection":[{"href":"https:\/\/swehospitalsupply.se\/sv\/wp-json\/wp\/v2\/product"}],"about":[{"href":"https:\/\/swehospitalsupply.se\/sv\/wp-json\/wp\/v2\/types\/product"}],"replies":[{"embeddable":true,"href":"https:\/\/swehospitalsupply.se\/sv\/wp-json\/wp\/v2\/comments?post=1985"}],"wp:featuredmedia":[{"embeddable":true,"href":"https:\/\/swehospitalsupply.se\/sv\/wp-json\/wp\/v2\/media\/1990"}],"wp:attachment":[{"href":"https:\/\/swehospitalsupply.se\/sv\/wp-json\/wp\/v2\/media?parent=1985"}],"wp:term":[{"taxonomy":"product_cat","embeddable":true,"href":"https:\/\/swehospitalsupply.se\/sv\/wp-json\/wp\/v2\/product_cat?post=1985"},{"taxonomy":"product_tag","embeddable":true,"href":"https:\/\/swehospitalsupply.se\/sv\/wp-json\/wp\/v2\/product_tag?post=1985"}],"curies":[{"name":"wp","href":"https:\/\/api.w.org\/{rel}","templated":true}]}}