{"id":2362,"date":"2024-10-09T14:06:13","date_gmt":"2024-10-09T12:06:13","guid":{"rendered":"https:\/\/swehospitalsupply.se\/?post_type=product&#038;p=2362"},"modified":"2024-10-09T14:06:14","modified_gmt":"2024-10-09T12:06:14","slug":"sugkateter-plus-med-vakuumkontroll","status":"publish","type":"product","link":"https:\/\/swehospitalsupply.se\/sv\/produkt\/sugkateter-plus-med-vakuumkontroll\/","title":{"rendered":"Sugkateter, Plus, med vakuumkontroll"},"content":{"rendered":"<p>F\u00f6r sugbehandling i n\u00e4sa, hals eller lungor.<\/p>\n<p>1. Mindre laterala \u00f6gon ger en b\u00e4ttre sugf\u00f6rm\u00e5ga genom distala \u00f6gat<br \/>\n2. 2 laterala \u00f6gon<br \/>\n3. Centimeter markeringar<br \/>\n4. F\u00e4rgkodade konnektorer f\u00f6r enklare dimensionsidentifiering<\/p>\n<p><a href=\"https:\/\/swehospitalsupply.se\/wp-content\/uploads\/2024\/10\/Sugkateter-Plus-med-vakuumkontroll.png\"><img decoding=\"async\" class=\"alignnone size-full wp-image-2363\" title=\"Sugkateter Plus med vakuumkontroll\" src=\"https:\/\/swehospitalsupply.se\/wp-content\/uploads\/2024\/10\/Sugkateter-Plus-med-vakuumkontroll.png\" alt=\"Sugkateter Plus med vakuumkontroll\" width=\"1358\" height=\"346\" \/><\/a><\/p>\n","protected":false},"excerpt":{"rendered":"<p>F\u00f6r sugbehandling i n\u00e4sa, hals eller lungor.<\/p>\n","protected":false},"featured_media":2371,"comment_status":"closed","ping_status":"closed","template":"","meta":{"_acf_changed":false,"_monsterinsights_skip_tracking":false,"_monsterinsights_sitenote_active":false,"_monsterinsights_sitenote_note":"","_monsterinsights_sitenote_category":0},"product_cat":[219,223],"product_tag":[],"class_list":{"0":"post-2362","1":"product","2":"type-product","3":"status-publish","4":"has-post-thumbnail","6":"product_cat-andning-anestesi","7":"product_cat-sugkateter","9":"first","10":"outofstock","11":"taxable","12":"shipping-taxable","13":"product-type-simple"},"acf":[],"yoast_head":"<!-- This site is optimized with the Yoast SEO plugin v24.1 - https:\/\/yoast.com\/wordpress\/plugins\/seo\/ -->\n<title>Sugkateter, Plus, med vakuumkontroll - Swedish Hospital Supplies<\/title>\n<meta name=\"robots\" content=\"index, follow, max-snippet:-1, max-image-preview:large, max-video-preview:-1\" \/>\n<link rel=\"canonical\" href=\"https:\/\/swehospitalsupply.se\/sv\/produkt\/sugkateter-plus-med-vakuumkontroll\/\" \/>\n<meta property=\"og:locale\" content=\"sv_SE\" \/>\n<meta property=\"og:type\" content=\"article\" \/>\n<meta property=\"og:title\" content=\"Sugkateter, Plus, med vakuumkontroll - Swedish Hospital Supplies\" \/>\n<meta property=\"og:description\" content=\"F\u00f6r sugbehandling i n\u00e4sa, hals eller lungor.\" \/>\n<meta property=\"og:url\" content=\"https:\/\/swehospitalsupply.se\/sv\/produkt\/sugkateter-plus-med-vakuumkontroll\/\" \/>\n<meta property=\"og:site_name\" content=\"Swedish Hospital Supplies\" \/>\n<meta property=\"article:modified_time\" content=\"2024-10-09T12:06:14+00:00\" \/>\n<meta property=\"og:image\" content=\"https:\/\/swehospitalsupply.se\/wp-content\/uploads\/2024\/10\/Sugkateter-Plus-vakuumkontroll-Sugkateter-PVC-ftalat-fri.jpg\" \/>\n\t<meta property=\"og:image:width\" content=\"350\" \/>\n\t<meta property=\"og:image:height\" content=\"500\" \/>\n\t<meta property=\"og:image:type\" content=\"image\/jpeg\" \/>\n<meta name=\"twitter:card\" content=\"summary_large_image\" \/>\n<meta name=\"twitter:label1\" content=\"Ber\u00e4knad l\u00e4stid\" \/>\n\t<meta name=\"twitter:data1\" content=\"1 minut\" \/>\n<script type=\"application\/ld+json\" class=\"yoast-schema-graph\">{\"@context\":\"https:\/\/schema.org\",\"@graph\":[{\"@type\":\"WebPage\",\"@id\":\"https:\/\/swehospitalsupply.se\/sv\/produkt\/sugkateter-plus-med-vakuumkontroll\/\",\"url\":\"https:\/\/swehospitalsupply.se\/sv\/produkt\/sugkateter-plus-med-vakuumkontroll\/\",\"name\":\"Sugkateter, Plus, med vakuumkontroll - Swedish Hospital Supplies\",\"isPartOf\":{\"@id\":\"https:\/\/swehospitalsupply.se\/sv\/#website\"},\"primaryImageOfPage\":{\"@id\":\"https:\/\/swehospitalsupply.se\/sv\/produkt\/sugkateter-plus-med-vakuumkontroll\/#primaryimage\"},\"image\":{\"@id\":\"https:\/\/swehospitalsupply.se\/sv\/produkt\/sugkateter-plus-med-vakuumkontroll\/#primaryimage\"},\"thumbnailUrl\":\"https:\/\/swehospitalsupply.se\/wp-content\/uploads\/2024\/10\/Sugkateter-Plus-vakuumkontroll-Sugkateter-PVC-ftalat-fri.jpg\",\"datePublished\":\"2024-10-09T12:06:13+00:00\",\"dateModified\":\"2024-10-09T12:06:14+00:00\",\"breadcrumb\":{\"@id\":\"https:\/\/swehospitalsupply.se\/sv\/produkt\/sugkateter-plus-med-vakuumkontroll\/#breadcrumb\"},\"inLanguage\":\"sv-SE\",\"potentialAction\":[{\"@type\":\"ReadAction\",\"target\":[\"https:\/\/swehospitalsupply.se\/sv\/produkt\/sugkateter-plus-med-vakuumkontroll\/\"]}]},{\"@type\":\"ImageObject\",\"inLanguage\":\"sv-SE\",\"@id\":\"https:\/\/swehospitalsupply.se\/sv\/produkt\/sugkateter-plus-med-vakuumkontroll\/#primaryimage\",\"url\":\"https:\/\/swehospitalsupply.se\/wp-content\/uploads\/2024\/10\/Sugkateter-Plus-vakuumkontroll-Sugkateter-PVC-ftalat-fri.jpg\",\"contentUrl\":\"https:\/\/swehospitalsupply.se\/wp-content\/uploads\/2024\/10\/Sugkateter-Plus-vakuumkontroll-Sugkateter-PVC-ftalat-fri.jpg\",\"width\":350,\"height\":500,\"caption\":\"Sugkateter Plus vakuumkontroll Sugkateter PVC ftalat fri\"},{\"@type\":\"BreadcrumbList\",\"@id\":\"https:\/\/swehospitalsupply.se\/sv\/produkt\/sugkateter-plus-med-vakuumkontroll\/#breadcrumb\",\"itemListElement\":[{\"@type\":\"ListItem\",\"position\":1,\"name\":\"Home\",\"item\":\"https:\/\/swehospitalsupply.se\/sv\/\"},{\"@type\":\"ListItem\",\"position\":2,\"name\":\"Webbutik\",\"item\":\"https:\/\/swehospitalsupply.se\/sv\/butik\/\"},{\"@type\":\"ListItem\",\"position\":3,\"name\":\"Sugkateter, Plus, med vakuumkontroll\"}]},{\"@type\":\"WebSite\",\"@id\":\"https:\/\/swehospitalsupply.se\/sv\/#website\",\"url\":\"https:\/\/swehospitalsupply.se\/sv\/\",\"name\":\"Swedish Hospital Supplies\",\"description\":\"Produkter f\u00f6r V\u00e5rden, Milit\u00e4ren, Fritid, Polis och R\u00e4ddningstj\u00e4nst\",\"publisher\":{\"@id\":\"https:\/\/swehospitalsupply.se\/sv\/#organization\"},\"potentialAction\":[{\"@type\":\"SearchAction\",\"target\":{\"@type\":\"EntryPoint\",\"urlTemplate\":\"https:\/\/swehospitalsupply.se\/sv\/?s={search_term_string}\"},\"query-input\":{\"@type\":\"PropertyValueSpecification\",\"valueRequired\":true,\"valueName\":\"search_term_string\"}}],\"inLanguage\":\"sv-SE\"},{\"@type\":\"Organization\",\"@id\":\"https:\/\/swehospitalsupply.se\/sv\/#organization\",\"name\":\"Swedish Hospital Supply\",\"url\":\"https:\/\/swehospitalsupply.se\/sv\/\",\"logo\":{\"@type\":\"ImageObject\",\"inLanguage\":\"sv-SE\",\"@id\":\"https:\/\/swehospitalsupply.se\/sv\/#\/schema\/logo\/image\/\",\"url\":\"https:\/\/swehospitalsupply.se\/wp-content\/uploads\/2020\/10\/SHS-Logo.png\",\"contentUrl\":\"https:\/\/swehospitalsupply.se\/wp-content\/uploads\/2020\/10\/SHS-Logo.png\",\"width\":2720,\"height\":1223,\"caption\":\"Swedish Hospital Supply\"},\"image\":{\"@id\":\"https:\/\/swehospitalsupply.se\/sv\/#\/schema\/logo\/image\/\"},\"sameAs\":[\"https:\/\/www.instagram.com\/swedish_hospital_supply_ab\/\"]}]}<\/script>\n<!-- \/ Yoast SEO plugin. -->","yoast_head_json":{"title":"Sugkateter, Plus, med vakuumkontroll - Swedish Hospital Supplies","robots":{"index":"index","follow":"follow","max-snippet":"max-snippet:-1","max-image-preview":"max-image-preview:large","max-video-preview":"max-video-preview:-1"},"canonical":"https:\/\/swehospitalsupply.se\/sv\/produkt\/sugkateter-plus-med-vakuumkontroll\/","og_locale":"sv_SE","og_type":"article","og_title":"Sugkateter, Plus, med vakuumkontroll - Swedish Hospital Supplies","og_description":"F\u00f6r sugbehandling i n\u00e4sa, hals eller lungor.","og_url":"https:\/\/swehospitalsupply.se\/sv\/produkt\/sugkateter-plus-med-vakuumkontroll\/","og_site_name":"Swedish Hospital Supplies","article_modified_time":"2024-10-09T12:06:14+00:00","og_image":[{"width":350,"height":500,"url":"https:\/\/swehospitalsupply.se\/wp-content\/uploads\/2024\/10\/Sugkateter-Plus-vakuumkontroll-Sugkateter-PVC-ftalat-fri.jpg","type":"image\/jpeg"}],"twitter_card":"summary_large_image","twitter_misc":{"Ber\u00e4knad l\u00e4stid":"1 minut"},"schema":{"@context":"https:\/\/schema.org","@graph":[{"@type":"WebPage","@id":"https:\/\/swehospitalsupply.se\/sv\/produkt\/sugkateter-plus-med-vakuumkontroll\/","url":"https:\/\/swehospitalsupply.se\/sv\/produkt\/sugkateter-plus-med-vakuumkontroll\/","name":"Sugkateter, Plus, med vakuumkontroll - Swedish Hospital Supplies","isPartOf":{"@id":"https:\/\/swehospitalsupply.se\/sv\/#website"},"primaryImageOfPage":{"@id":"https:\/\/swehospitalsupply.se\/sv\/produkt\/sugkateter-plus-med-vakuumkontroll\/#primaryimage"},"image":{"@id":"https:\/\/swehospitalsupply.se\/sv\/produkt\/sugkateter-plus-med-vakuumkontroll\/#primaryimage"},"thumbnailUrl":"https:\/\/swehospitalsupply.se\/wp-content\/uploads\/2024\/10\/Sugkateter-Plus-vakuumkontroll-Sugkateter-PVC-ftalat-fri.jpg","datePublished":"2024-10-09T12:06:13+00:00","dateModified":"2024-10-09T12:06:14+00:00","breadcrumb":{"@id":"https:\/\/swehospitalsupply.se\/sv\/produkt\/sugkateter-plus-med-vakuumkontroll\/#breadcrumb"},"inLanguage":"sv-SE","potentialAction":[{"@type":"ReadAction","target":["https:\/\/swehospitalsupply.se\/sv\/produkt\/sugkateter-plus-med-vakuumkontroll\/"]}]},{"@type":"ImageObject","inLanguage":"sv-SE","@id":"https:\/\/swehospitalsupply.se\/sv\/produkt\/sugkateter-plus-med-vakuumkontroll\/#primaryimage","url":"https:\/\/swehospitalsupply.se\/wp-content\/uploads\/2024\/10\/Sugkateter-Plus-vakuumkontroll-Sugkateter-PVC-ftalat-fri.jpg","contentUrl":"https:\/\/swehospitalsupply.se\/wp-content\/uploads\/2024\/10\/Sugkateter-Plus-vakuumkontroll-Sugkateter-PVC-ftalat-fri.jpg","width":350,"height":500,"caption":"Sugkateter Plus vakuumkontroll Sugkateter PVC ftalat fri"},{"@type":"BreadcrumbList","@id":"https:\/\/swehospitalsupply.se\/sv\/produkt\/sugkateter-plus-med-vakuumkontroll\/#breadcrumb","itemListElement":[{"@type":"ListItem","position":1,"name":"Home","item":"https:\/\/swehospitalsupply.se\/sv\/"},{"@type":"ListItem","position":2,"name":"Webbutik","item":"https:\/\/swehospitalsupply.se\/sv\/butik\/"},{"@type":"ListItem","position":3,"name":"Sugkateter, Plus, med vakuumkontroll"}]},{"@type":"WebSite","@id":"https:\/\/swehospitalsupply.se\/sv\/#website","url":"https:\/\/swehospitalsupply.se\/sv\/","name":"Swedish Hospital Supplies","description":"Produkter f\u00f6r V\u00e5rden, Milit\u00e4ren, Fritid, Polis och R\u00e4ddningstj\u00e4nst","publisher":{"@id":"https:\/\/swehospitalsupply.se\/sv\/#organization"},"potentialAction":[{"@type":"SearchAction","target":{"@type":"EntryPoint","urlTemplate":"https:\/\/swehospitalsupply.se\/sv\/?s={search_term_string}"},"query-input":{"@type":"PropertyValueSpecification","valueRequired":true,"valueName":"search_term_string"}}],"inLanguage":"sv-SE"},{"@type":"Organization","@id":"https:\/\/swehospitalsupply.se\/sv\/#organization","name":"Swedish Hospital Supply","url":"https:\/\/swehospitalsupply.se\/sv\/","logo":{"@type":"ImageObject","inLanguage":"sv-SE","@id":"https:\/\/swehospitalsupply.se\/sv\/#\/schema\/logo\/image\/","url":"https:\/\/swehospitalsupply.se\/wp-content\/uploads\/2020\/10\/SHS-Logo.png","contentUrl":"https:\/\/swehospitalsupply.se\/wp-content\/uploads\/2020\/10\/SHS-Logo.png","width":2720,"height":1223,"caption":"Swedish Hospital Supply"},"image":{"@id":"https:\/\/swehospitalsupply.se\/sv\/#\/schema\/logo\/image\/"},"sameAs":["https:\/\/www.instagram.com\/swedish_hospital_supply_ab\/"]}]}},"_links":{"self":[{"href":"https:\/\/swehospitalsupply.se\/sv\/wp-json\/wp\/v2\/product\/2362","targetHints":{"allow":["GET"]}}],"collection":[{"href":"https:\/\/swehospitalsupply.se\/sv\/wp-json\/wp\/v2\/product"}],"about":[{"href":"https:\/\/swehospitalsupply.se\/sv\/wp-json\/wp\/v2\/types\/product"}],"replies":[{"embeddable":true,"href":"https:\/\/swehospitalsupply.se\/sv\/wp-json\/wp\/v2\/comments?post=2362"}],"wp:featuredmedia":[{"embeddable":true,"href":"https:\/\/swehospitalsupply.se\/sv\/wp-json\/wp\/v2\/media\/2371"}],"wp:attachment":[{"href":"https:\/\/swehospitalsupply.se\/sv\/wp-json\/wp\/v2\/media?parent=2362"}],"wp:term":[{"taxonomy":"product_cat","embeddable":true,"href":"https:\/\/swehospitalsupply.se\/sv\/wp-json\/wp\/v2\/product_cat?post=2362"},{"taxonomy":"product_tag","embeddable":true,"href":"https:\/\/swehospitalsupply.se\/sv\/wp-json\/wp\/v2\/product_tag?post=2362"}],"curies":[{"name":"wp","href":"https:\/\/api.w.org\/{rel}","templated":true}]}}