{"id":2490,"date":"2025-03-10T16:00:13","date_gmt":"2025-03-10T15:00:13","guid":{"rendered":"https:\/\/swehospitalsupply.se\/?post_type=product&#038;p=2490"},"modified":"2025-03-10T16:03:46","modified_gmt":"2025-03-10T15:03:46","slug":"urimeter-500-plus","status":"publish","type":"product","link":"https:\/\/swehospitalsupply.se\/sv\/produkt\/urimeter-500-plus\/","title":{"rendered":"Urimeter, 500 PLUS"},"content":{"rendered":"<p>M\u00e4tsystem Urimeter 500 Plus med n\u00e5l-fri provtagningsport, plastkrok och justerbara remmar f\u00f6r s\u00e4ngfixering<\/p>\n<p>Kapacitet: 500 ml. Graderad skala med intervaller: Kammare 1. 1 ml fr\u00e5n 3-40 ml. Kammare 2. 5 ml fr\u00e5n 40-100 ml. Kammare 3. 10 ml fr\u00e5n 100-500 ml. Uppsamlingsp\u00e5sen rymmer 2000 ml.<\/p>\n<p>&nbsp;<\/p>\n","protected":false},"excerpt":{"rendered":"<p>M\u00e4tsystem Urimeter 500 Plus med n\u00e5l-fri provtagningsport, plastkrok och justerbara remmar f\u00f6r s\u00e4ngfixering<\/p>\n<p>&nbsp;<\/p>\n<p>&nbsp;<\/p>\n","protected":false},"featured_media":2499,"comment_status":"closed","ping_status":"closed","template":"","meta":{"_acf_changed":false,"_monsterinsights_skip_tracking":false,"_monsterinsights_sitenote_active":false,"_monsterinsights_sitenote_note":"","_monsterinsights_sitenote_category":0},"product_cat":[213,216],"product_tag":[],"class_list":{"0":"post-2490","1":"product","2":"type-product","3":"status-publish","4":"has-post-thumbnail","6":"product_cat-inkontinens-urologi","7":"product_cat-urimeter","9":"first","10":"instock","11":"taxable","12":"shipping-taxable","13":"product-type-simple"},"acf":[],"yoast_head":"<!-- This site is optimized with the Yoast SEO plugin v24.1 - https:\/\/yoast.com\/wordpress\/plugins\/seo\/ -->\n<title>Urimeter, 500 PLUS - Swedish Hospital Supplies<\/title>\n<meta name=\"robots\" content=\"index, follow, max-snippet:-1, max-image-preview:large, max-video-preview:-1\" \/>\n<link rel=\"canonical\" href=\"https:\/\/swehospitalsupply.se\/sv\/produkt\/urimeter-500-plus\/\" \/>\n<meta property=\"og:locale\" content=\"sv_SE\" \/>\n<meta property=\"og:type\" content=\"article\" \/>\n<meta property=\"og:title\" content=\"Urimeter, 500 PLUS - Swedish Hospital Supplies\" \/>\n<meta property=\"og:description\" content=\"M\u00e4tsystem Urimeter 500 Plus med n\u00e5l-fri provtagningsport, plastkrok och justerbara remmar f\u00f6r s\u00e4ngfixering  &nbsp;  &nbsp;\" \/>\n<meta property=\"og:url\" content=\"https:\/\/swehospitalsupply.se\/sv\/produkt\/urimeter-500-plus\/\" \/>\n<meta property=\"og:site_name\" content=\"Swedish Hospital Supplies\" \/>\n<meta property=\"article:modified_time\" content=\"2025-03-10T15:03:46+00:00\" \/>\n<meta property=\"og:image\" content=\"https:\/\/swehospitalsupply.se\/wp-content\/uploads\/2025\/03\/Urimeter-500-Plus-iA\u009fnesiz-Klipsli-2-scaled.jpg\" \/>\n\t<meta property=\"og:image:width\" content=\"1759\" \/>\n\t<meta property=\"og:image:height\" content=\"2560\" \/>\n\t<meta property=\"og:image:type\" content=\"image\/jpeg\" \/>\n<meta name=\"twitter:card\" content=\"summary_large_image\" \/>\n<meta name=\"twitter:label1\" content=\"Ber\u00e4knad l\u00e4stid\" \/>\n\t<meta name=\"twitter:data1\" content=\"1 minut\" \/>\n<script type=\"application\/ld+json\" class=\"yoast-schema-graph\">{\"@context\":\"https:\/\/schema.org\",\"@graph\":[{\"@type\":\"WebPage\",\"@id\":\"https:\/\/swehospitalsupply.se\/sv\/produkt\/urimeter-500-plus\/\",\"url\":\"https:\/\/swehospitalsupply.se\/sv\/produkt\/urimeter-500-plus\/\",\"name\":\"Urimeter, 500 PLUS - Swedish Hospital Supplies\",\"isPartOf\":{\"@id\":\"https:\/\/swehospitalsupply.se\/sv\/#website\"},\"primaryImageOfPage\":{\"@id\":\"https:\/\/swehospitalsupply.se\/sv\/produkt\/urimeter-500-plus\/#primaryimage\"},\"image\":{\"@id\":\"https:\/\/swehospitalsupply.se\/sv\/produkt\/urimeter-500-plus\/#primaryimage\"},\"thumbnailUrl\":\"https:\/\/swehospitalsupply.se\/wp-content\/uploads\/2025\/03\/Urimeter-500-Plus-iA\u009fnesiz-Klipsli-2-scaled.jpg\",\"datePublished\":\"2025-03-10T15:00:13+00:00\",\"dateModified\":\"2025-03-10T15:03:46+00:00\",\"breadcrumb\":{\"@id\":\"https:\/\/swehospitalsupply.se\/sv\/produkt\/urimeter-500-plus\/#breadcrumb\"},\"inLanguage\":\"sv-SE\",\"potentialAction\":[{\"@type\":\"ReadAction\",\"target\":[\"https:\/\/swehospitalsupply.se\/sv\/produkt\/urimeter-500-plus\/\"]}]},{\"@type\":\"ImageObject\",\"inLanguage\":\"sv-SE\",\"@id\":\"https:\/\/swehospitalsupply.se\/sv\/produkt\/urimeter-500-plus\/#primaryimage\",\"url\":\"https:\/\/swehospitalsupply.se\/wp-content\/uploads\/2025\/03\/Urimeter-500-Plus-iA\u009fnesiz-Klipsli-2-scaled.jpg\",\"contentUrl\":\"https:\/\/swehospitalsupply.se\/wp-content\/uploads\/2025\/03\/Urimeter-500-Plus-iA\u009fnesiz-Klipsli-2-scaled.jpg\",\"width\":1759,\"height\":2560,\"caption\":\"Urimeter 500 Plus i\u00c4\u009fnesiz Klipsli\"},{\"@type\":\"BreadcrumbList\",\"@id\":\"https:\/\/swehospitalsupply.se\/sv\/produkt\/urimeter-500-plus\/#breadcrumb\",\"itemListElement\":[{\"@type\":\"ListItem\",\"position\":1,\"name\":\"Home\",\"item\":\"https:\/\/swehospitalsupply.se\/sv\/\"},{\"@type\":\"ListItem\",\"position\":2,\"name\":\"Webbutik\",\"item\":\"https:\/\/swehospitalsupply.se\/sv\/butik\/\"},{\"@type\":\"ListItem\",\"position\":3,\"name\":\"Urimeter, 500 PLUS\"}]},{\"@type\":\"WebSite\",\"@id\":\"https:\/\/swehospitalsupply.se\/sv\/#website\",\"url\":\"https:\/\/swehospitalsupply.se\/sv\/\",\"name\":\"Swedish Hospital Supplies\",\"description\":\"Produkter f\u00f6r V\u00e5rden, Milit\u00e4ren, Fritid, Polis och R\u00e4ddningstj\u00e4nst\",\"publisher\":{\"@id\":\"https:\/\/swehospitalsupply.se\/sv\/#organization\"},\"potentialAction\":[{\"@type\":\"SearchAction\",\"target\":{\"@type\":\"EntryPoint\",\"urlTemplate\":\"https:\/\/swehospitalsupply.se\/sv\/?s={search_term_string}\"},\"query-input\":{\"@type\":\"PropertyValueSpecification\",\"valueRequired\":true,\"valueName\":\"search_term_string\"}}],\"inLanguage\":\"sv-SE\"},{\"@type\":\"Organization\",\"@id\":\"https:\/\/swehospitalsupply.se\/sv\/#organization\",\"name\":\"Swedish Hospital Supply\",\"url\":\"https:\/\/swehospitalsupply.se\/sv\/\",\"logo\":{\"@type\":\"ImageObject\",\"inLanguage\":\"sv-SE\",\"@id\":\"https:\/\/swehospitalsupply.se\/sv\/#\/schema\/logo\/image\/\",\"url\":\"https:\/\/swehospitalsupply.se\/wp-content\/uploads\/2020\/10\/SHS-Logo.png\",\"contentUrl\":\"https:\/\/swehospitalsupply.se\/wp-content\/uploads\/2020\/10\/SHS-Logo.png\",\"width\":2720,\"height\":1223,\"caption\":\"Swedish Hospital Supply\"},\"image\":{\"@id\":\"https:\/\/swehospitalsupply.se\/sv\/#\/schema\/logo\/image\/\"},\"sameAs\":[\"https:\/\/www.instagram.com\/swedish_hospital_supply_ab\/\"]}]}<\/script>\n<!-- \/ Yoast SEO plugin. -->","yoast_head_json":{"title":"Urimeter, 500 PLUS - Swedish Hospital Supplies","robots":{"index":"index","follow":"follow","max-snippet":"max-snippet:-1","max-image-preview":"max-image-preview:large","max-video-preview":"max-video-preview:-1"},"canonical":"https:\/\/swehospitalsupply.se\/sv\/produkt\/urimeter-500-plus\/","og_locale":"sv_SE","og_type":"article","og_title":"Urimeter, 500 PLUS - Swedish Hospital Supplies","og_description":"M\u00e4tsystem Urimeter 500 Plus med n\u00e5l-fri provtagningsport, plastkrok och justerbara remmar f\u00f6r s\u00e4ngfixering  &nbsp;  &nbsp;","og_url":"https:\/\/swehospitalsupply.se\/sv\/produkt\/urimeter-500-plus\/","og_site_name":"Swedish Hospital Supplies","article_modified_time":"2025-03-10T15:03:46+00:00","og_image":[{"width":1759,"height":2560,"url":"https:\/\/swehospitalsupply.se\/wp-content\/uploads\/2025\/03\/Urimeter-500-Plus-iA\u009fnesiz-Klipsli-2-scaled.jpg","type":"image\/jpeg"}],"twitter_card":"summary_large_image","twitter_misc":{"Ber\u00e4knad l\u00e4stid":"1 minut"},"schema":{"@context":"https:\/\/schema.org","@graph":[{"@type":"WebPage","@id":"https:\/\/swehospitalsupply.se\/sv\/produkt\/urimeter-500-plus\/","url":"https:\/\/swehospitalsupply.se\/sv\/produkt\/urimeter-500-plus\/","name":"Urimeter, 500 PLUS - Swedish Hospital Supplies","isPartOf":{"@id":"https:\/\/swehospitalsupply.se\/sv\/#website"},"primaryImageOfPage":{"@id":"https:\/\/swehospitalsupply.se\/sv\/produkt\/urimeter-500-plus\/#primaryimage"},"image":{"@id":"https:\/\/swehospitalsupply.se\/sv\/produkt\/urimeter-500-plus\/#primaryimage"},"thumbnailUrl":"https:\/\/swehospitalsupply.se\/wp-content\/uploads\/2025\/03\/Urimeter-500-Plus-iA\u009fnesiz-Klipsli-2-scaled.jpg","datePublished":"2025-03-10T15:00:13+00:00","dateModified":"2025-03-10T15:03:46+00:00","breadcrumb":{"@id":"https:\/\/swehospitalsupply.se\/sv\/produkt\/urimeter-500-plus\/#breadcrumb"},"inLanguage":"sv-SE","potentialAction":[{"@type":"ReadAction","target":["https:\/\/swehospitalsupply.se\/sv\/produkt\/urimeter-500-plus\/"]}]},{"@type":"ImageObject","inLanguage":"sv-SE","@id":"https:\/\/swehospitalsupply.se\/sv\/produkt\/urimeter-500-plus\/#primaryimage","url":"https:\/\/swehospitalsupply.se\/wp-content\/uploads\/2025\/03\/Urimeter-500-Plus-iA\u009fnesiz-Klipsli-2-scaled.jpg","contentUrl":"https:\/\/swehospitalsupply.se\/wp-content\/uploads\/2025\/03\/Urimeter-500-Plus-iA\u009fnesiz-Klipsli-2-scaled.jpg","width":1759,"height":2560,"caption":"Urimeter 500 Plus i\u00c4\u009fnesiz Klipsli"},{"@type":"BreadcrumbList","@id":"https:\/\/swehospitalsupply.se\/sv\/produkt\/urimeter-500-plus\/#breadcrumb","itemListElement":[{"@type":"ListItem","position":1,"name":"Home","item":"https:\/\/swehospitalsupply.se\/sv\/"},{"@type":"ListItem","position":2,"name":"Webbutik","item":"https:\/\/swehospitalsupply.se\/sv\/butik\/"},{"@type":"ListItem","position":3,"name":"Urimeter, 500 PLUS"}]},{"@type":"WebSite","@id":"https:\/\/swehospitalsupply.se\/sv\/#website","url":"https:\/\/swehospitalsupply.se\/sv\/","name":"Swedish Hospital Supplies","description":"Produkter f\u00f6r V\u00e5rden, Milit\u00e4ren, Fritid, Polis och R\u00e4ddningstj\u00e4nst","publisher":{"@id":"https:\/\/swehospitalsupply.se\/sv\/#organization"},"potentialAction":[{"@type":"SearchAction","target":{"@type":"EntryPoint","urlTemplate":"https:\/\/swehospitalsupply.se\/sv\/?s={search_term_string}"},"query-input":{"@type":"PropertyValueSpecification","valueRequired":true,"valueName":"search_term_string"}}],"inLanguage":"sv-SE"},{"@type":"Organization","@id":"https:\/\/swehospitalsupply.se\/sv\/#organization","name":"Swedish Hospital Supply","url":"https:\/\/swehospitalsupply.se\/sv\/","logo":{"@type":"ImageObject","inLanguage":"sv-SE","@id":"https:\/\/swehospitalsupply.se\/sv\/#\/schema\/logo\/image\/","url":"https:\/\/swehospitalsupply.se\/wp-content\/uploads\/2020\/10\/SHS-Logo.png","contentUrl":"https:\/\/swehospitalsupply.se\/wp-content\/uploads\/2020\/10\/SHS-Logo.png","width":2720,"height":1223,"caption":"Swedish Hospital Supply"},"image":{"@id":"https:\/\/swehospitalsupply.se\/sv\/#\/schema\/logo\/image\/"},"sameAs":["https:\/\/www.instagram.com\/swedish_hospital_supply_ab\/"]}]}},"_links":{"self":[{"href":"https:\/\/swehospitalsupply.se\/sv\/wp-json\/wp\/v2\/product\/2490","targetHints":{"allow":["GET"]}}],"collection":[{"href":"https:\/\/swehospitalsupply.se\/sv\/wp-json\/wp\/v2\/product"}],"about":[{"href":"https:\/\/swehospitalsupply.se\/sv\/wp-json\/wp\/v2\/types\/product"}],"replies":[{"embeddable":true,"href":"https:\/\/swehospitalsupply.se\/sv\/wp-json\/wp\/v2\/comments?post=2490"}],"wp:featuredmedia":[{"embeddable":true,"href":"https:\/\/swehospitalsupply.se\/sv\/wp-json\/wp\/v2\/media\/2499"}],"wp:attachment":[{"href":"https:\/\/swehospitalsupply.se\/sv\/wp-json\/wp\/v2\/media?parent=2490"}],"wp:term":[{"taxonomy":"product_cat","embeddable":true,"href":"https:\/\/swehospitalsupply.se\/sv\/wp-json\/wp\/v2\/product_cat?post=2490"},{"taxonomy":"product_tag","embeddable":true,"href":"https:\/\/swehospitalsupply.se\/sv\/wp-json\/wp\/v2\/product_tag?post=2490"}],"curies":[{"name":"wp","href":"https:\/\/api.w.org\/{rel}","templated":true}]}}