{"id":2567,"date":"2025-07-28T10:37:57","date_gmt":"2025-07-28T08:37:57","guid":{"rendered":"https:\/\/swehospitalsupply.se\/?post_type=product&#038;p=2567"},"modified":"2026-03-03T13:34:00","modified_gmt":"2026-03-03T12:34:00","slug":"inkontinens-badklader-skyddsbyxa","status":"publish","type":"product","link":"https:\/\/swehospitalsupply.se\/sv\/produkt\/inkontinens-badklader-skyddsbyxa\/","title":{"rendered":"Inkontinens badkl\u00e4der &#8211; Skyddsbyxa"},"content":{"rendered":"<p>Skyddsbyxan f\u00f6rhindrar att urin och avf\u00f6ring kommer ut i vattnet vid bad. Skyddsbyxan \u00e4r tillverkad av vattent\u00e4tt material och d\u00f6ljs diskret under badkl\u00e4derna. Elastiska band med sn\u00f6rstopp m\u00f6jligg\u00f6r individuell justering i midja och ben.<\/p>\n<p>\u2022 Finns i storlekar f\u00f6r kvinnor, m\u00e4n och barn<\/p>\n<p>\u2022 Individuellt justerbar midjeband och benres\u00e5r kan f\u00e4stas med sn\u00f6rstopp<\/p>\n<p>\u2022 Silikongummi f\u00e4ster ordentligt mot huden och f\u00f6rhindrar att avf\u00f6ring och urin l\u00e4cker ut<\/p>\n<p>\u2022 Kan kombineras med vanliga badkl\u00e4der<\/p>\n","protected":false},"excerpt":{"rendered":"<p>Skyddsbyxa som f\u00f6rhindrar l\u00e4ckage av urin och avf\u00f6ring vid bad.<\/p>\n","protected":false},"featured_media":2576,"comment_status":"closed","ping_status":"closed","template":"","meta":{"_acf_changed":false,"_monsterinsights_skip_tracking":false,"_monsterinsights_sitenote_active":false,"_monsterinsights_sitenote_note":"","_monsterinsights_sitenote_category":0},"product_cat":[213,290],"product_tag":[],"class_list":{"0":"post-2567","1":"product","2":"type-product","3":"status-publish","4":"has-post-thumbnail","6":"product_cat-inkontinens-urologi","7":"product_cat-inkontinensskydd","9":"first","10":"instock","11":"taxable","12":"shipping-taxable","13":"product-type-simple"},"acf":[],"yoast_head":"<!-- This site is optimized with the Yoast SEO plugin v24.1 - https:\/\/yoast.com\/wordpress\/plugins\/seo\/ -->\n<title>Inkontinens badkl\u00e4der - Skyddsbyxa - Swedish Hospital Supplies<\/title>\n<meta name=\"robots\" content=\"index, follow, max-snippet:-1, max-image-preview:large, max-video-preview:-1\" \/>\n<link rel=\"canonical\" href=\"https:\/\/swehospitalsupply.se\/sv\/produkt\/inkontinens-badklader-skyddsbyxa\/\" \/>\n<meta property=\"og:locale\" content=\"sv_SE\" \/>\n<meta property=\"og:type\" content=\"article\" \/>\n<meta property=\"og:title\" content=\"Inkontinens badkl\u00e4der - Skyddsbyxa - Swedish Hospital Supplies\" \/>\n<meta property=\"og:description\" content=\"Skyddsbyxa som f\u00f6rhindrar l\u00e4ckage av urin och avf\u00f6ring vid bad.\" \/>\n<meta property=\"og:url\" content=\"https:\/\/swehospitalsupply.se\/sv\/produkt\/inkontinens-badklader-skyddsbyxa\/\" \/>\n<meta property=\"og:site_name\" content=\"Swedish Hospital Supplies\" \/>\n<meta property=\"article:modified_time\" content=\"2026-03-03T12:34:00+00:00\" \/>\n<meta property=\"og:image\" content=\"https:\/\/swehospitalsupply.se\/wp-content\/uploads\/2025\/07\/Art_1524_1525_1526.jpg\" \/>\n\t<meta property=\"og:image:width\" content=\"1890\" \/>\n\t<meta property=\"og:image:height\" content=\"1258\" \/>\n\t<meta property=\"og:image:type\" content=\"image\/jpeg\" \/>\n<meta name=\"twitter:card\" content=\"summary_large_image\" \/>\n<meta name=\"twitter:label1\" content=\"Ber\u00e4knad l\u00e4stid\" \/>\n\t<meta name=\"twitter:data1\" content=\"1 minut\" \/>\n<script type=\"application\/ld+json\" class=\"yoast-schema-graph\">{\"@context\":\"https:\/\/schema.org\",\"@graph\":[{\"@type\":\"WebPage\",\"@id\":\"https:\/\/swehospitalsupply.se\/sv\/produkt\/inkontinens-badklader-skyddsbyxa\/\",\"url\":\"https:\/\/swehospitalsupply.se\/sv\/produkt\/inkontinens-badklader-skyddsbyxa\/\",\"name\":\"Inkontinens badkl\u00e4der - Skyddsbyxa - Swedish Hospital Supplies\",\"isPartOf\":{\"@id\":\"https:\/\/swehospitalsupply.se\/sv\/#website\"},\"primaryImageOfPage\":{\"@id\":\"https:\/\/swehospitalsupply.se\/sv\/produkt\/inkontinens-badklader-skyddsbyxa\/#primaryimage\"},\"image\":{\"@id\":\"https:\/\/swehospitalsupply.se\/sv\/produkt\/inkontinens-badklader-skyddsbyxa\/#primaryimage\"},\"thumbnailUrl\":\"https:\/\/swehospitalsupply.se\/wp-content\/uploads\/2025\/07\/Art_1524_1525_1526.jpg\",\"datePublished\":\"2025-07-28T08:37:57+00:00\",\"dateModified\":\"2026-03-03T12:34:00+00:00\",\"breadcrumb\":{\"@id\":\"https:\/\/swehospitalsupply.se\/sv\/produkt\/inkontinens-badklader-skyddsbyxa\/#breadcrumb\"},\"inLanguage\":\"sv-SE\",\"potentialAction\":[{\"@type\":\"ReadAction\",\"target\":[\"https:\/\/swehospitalsupply.se\/sv\/produkt\/inkontinens-badklader-skyddsbyxa\/\"]}]},{\"@type\":\"ImageObject\",\"inLanguage\":\"sv-SE\",\"@id\":\"https:\/\/swehospitalsupply.se\/sv\/produkt\/inkontinens-badklader-skyddsbyxa\/#primaryimage\",\"url\":\"https:\/\/swehospitalsupply.se\/wp-content\/uploads\/2025\/07\/Art_1524_1525_1526.jpg\",\"contentUrl\":\"https:\/\/swehospitalsupply.se\/wp-content\/uploads\/2025\/07\/Art_1524_1525_1526.jpg\",\"width\":1890,\"height\":1258,\"caption\":\"Art 1524 1525 1526\"},{\"@type\":\"BreadcrumbList\",\"@id\":\"https:\/\/swehospitalsupply.se\/sv\/produkt\/inkontinens-badklader-skyddsbyxa\/#breadcrumb\",\"itemListElement\":[{\"@type\":\"ListItem\",\"position\":1,\"name\":\"Home\",\"item\":\"https:\/\/swehospitalsupply.se\/sv\/\"},{\"@type\":\"ListItem\",\"position\":2,\"name\":\"Webbutik\",\"item\":\"https:\/\/swehospitalsupply.se\/sv\/butik\/\"},{\"@type\":\"ListItem\",\"position\":3,\"name\":\"Inkontinens badkl\u00e4der &#8211; Skyddsbyxa\"}]},{\"@type\":\"WebSite\",\"@id\":\"https:\/\/swehospitalsupply.se\/sv\/#website\",\"url\":\"https:\/\/swehospitalsupply.se\/sv\/\",\"name\":\"Swedish Hospital Supplies\",\"description\":\"Produkter f\u00f6r V\u00e5rden, Milit\u00e4ren, Fritid, Polis och R\u00e4ddningstj\u00e4nst\",\"publisher\":{\"@id\":\"https:\/\/swehospitalsupply.se\/sv\/#organization\"},\"potentialAction\":[{\"@type\":\"SearchAction\",\"target\":{\"@type\":\"EntryPoint\",\"urlTemplate\":\"https:\/\/swehospitalsupply.se\/sv\/?s={search_term_string}\"},\"query-input\":{\"@type\":\"PropertyValueSpecification\",\"valueRequired\":true,\"valueName\":\"search_term_string\"}}],\"inLanguage\":\"sv-SE\"},{\"@type\":\"Organization\",\"@id\":\"https:\/\/swehospitalsupply.se\/sv\/#organization\",\"name\":\"Swedish Hospital Supply\",\"url\":\"https:\/\/swehospitalsupply.se\/sv\/\",\"logo\":{\"@type\":\"ImageObject\",\"inLanguage\":\"sv-SE\",\"@id\":\"https:\/\/swehospitalsupply.se\/sv\/#\/schema\/logo\/image\/\",\"url\":\"https:\/\/swehospitalsupply.se\/wp-content\/uploads\/2020\/10\/SHS-Logo.png\",\"contentUrl\":\"https:\/\/swehospitalsupply.se\/wp-content\/uploads\/2020\/10\/SHS-Logo.png\",\"width\":2720,\"height\":1223,\"caption\":\"Swedish Hospital Supply\"},\"image\":{\"@id\":\"https:\/\/swehospitalsupply.se\/sv\/#\/schema\/logo\/image\/\"},\"sameAs\":[\"https:\/\/www.instagram.com\/swedish_hospital_supply_ab\/\"]}]}<\/script>\n<!-- \/ Yoast SEO plugin. -->","yoast_head_json":{"title":"Inkontinens badkl\u00e4der - Skyddsbyxa - Swedish Hospital Supplies","robots":{"index":"index","follow":"follow","max-snippet":"max-snippet:-1","max-image-preview":"max-image-preview:large","max-video-preview":"max-video-preview:-1"},"canonical":"https:\/\/swehospitalsupply.se\/sv\/produkt\/inkontinens-badklader-skyddsbyxa\/","og_locale":"sv_SE","og_type":"article","og_title":"Inkontinens badkl\u00e4der - Skyddsbyxa - Swedish Hospital Supplies","og_description":"Skyddsbyxa som f\u00f6rhindrar l\u00e4ckage av urin och avf\u00f6ring vid bad.","og_url":"https:\/\/swehospitalsupply.se\/sv\/produkt\/inkontinens-badklader-skyddsbyxa\/","og_site_name":"Swedish Hospital Supplies","article_modified_time":"2026-03-03T12:34:00+00:00","og_image":[{"width":1890,"height":1258,"url":"https:\/\/swehospitalsupply.se\/wp-content\/uploads\/2025\/07\/Art_1524_1525_1526.jpg","type":"image\/jpeg"}],"twitter_card":"summary_large_image","twitter_misc":{"Ber\u00e4knad l\u00e4stid":"1 minut"},"schema":{"@context":"https:\/\/schema.org","@graph":[{"@type":"WebPage","@id":"https:\/\/swehospitalsupply.se\/sv\/produkt\/inkontinens-badklader-skyddsbyxa\/","url":"https:\/\/swehospitalsupply.se\/sv\/produkt\/inkontinens-badklader-skyddsbyxa\/","name":"Inkontinens badkl\u00e4der - Skyddsbyxa - Swedish Hospital Supplies","isPartOf":{"@id":"https:\/\/swehospitalsupply.se\/sv\/#website"},"primaryImageOfPage":{"@id":"https:\/\/swehospitalsupply.se\/sv\/produkt\/inkontinens-badklader-skyddsbyxa\/#primaryimage"},"image":{"@id":"https:\/\/swehospitalsupply.se\/sv\/produkt\/inkontinens-badklader-skyddsbyxa\/#primaryimage"},"thumbnailUrl":"https:\/\/swehospitalsupply.se\/wp-content\/uploads\/2025\/07\/Art_1524_1525_1526.jpg","datePublished":"2025-07-28T08:37:57+00:00","dateModified":"2026-03-03T12:34:00+00:00","breadcrumb":{"@id":"https:\/\/swehospitalsupply.se\/sv\/produkt\/inkontinens-badklader-skyddsbyxa\/#breadcrumb"},"inLanguage":"sv-SE","potentialAction":[{"@type":"ReadAction","target":["https:\/\/swehospitalsupply.se\/sv\/produkt\/inkontinens-badklader-skyddsbyxa\/"]}]},{"@type":"ImageObject","inLanguage":"sv-SE","@id":"https:\/\/swehospitalsupply.se\/sv\/produkt\/inkontinens-badklader-skyddsbyxa\/#primaryimage","url":"https:\/\/swehospitalsupply.se\/wp-content\/uploads\/2025\/07\/Art_1524_1525_1526.jpg","contentUrl":"https:\/\/swehospitalsupply.se\/wp-content\/uploads\/2025\/07\/Art_1524_1525_1526.jpg","width":1890,"height":1258,"caption":"Art 1524 1525 1526"},{"@type":"BreadcrumbList","@id":"https:\/\/swehospitalsupply.se\/sv\/produkt\/inkontinens-badklader-skyddsbyxa\/#breadcrumb","itemListElement":[{"@type":"ListItem","position":1,"name":"Home","item":"https:\/\/swehospitalsupply.se\/sv\/"},{"@type":"ListItem","position":2,"name":"Webbutik","item":"https:\/\/swehospitalsupply.se\/sv\/butik\/"},{"@type":"ListItem","position":3,"name":"Inkontinens badkl\u00e4der &#8211; Skyddsbyxa"}]},{"@type":"WebSite","@id":"https:\/\/swehospitalsupply.se\/sv\/#website","url":"https:\/\/swehospitalsupply.se\/sv\/","name":"Swedish Hospital Supplies","description":"Produkter f\u00f6r V\u00e5rden, Milit\u00e4ren, Fritid, Polis och R\u00e4ddningstj\u00e4nst","publisher":{"@id":"https:\/\/swehospitalsupply.se\/sv\/#organization"},"potentialAction":[{"@type":"SearchAction","target":{"@type":"EntryPoint","urlTemplate":"https:\/\/swehospitalsupply.se\/sv\/?s={search_term_string}"},"query-input":{"@type":"PropertyValueSpecification","valueRequired":true,"valueName":"search_term_string"}}],"inLanguage":"sv-SE"},{"@type":"Organization","@id":"https:\/\/swehospitalsupply.se\/sv\/#organization","name":"Swedish Hospital Supply","url":"https:\/\/swehospitalsupply.se\/sv\/","logo":{"@type":"ImageObject","inLanguage":"sv-SE","@id":"https:\/\/swehospitalsupply.se\/sv\/#\/schema\/logo\/image\/","url":"https:\/\/swehospitalsupply.se\/wp-content\/uploads\/2020\/10\/SHS-Logo.png","contentUrl":"https:\/\/swehospitalsupply.se\/wp-content\/uploads\/2020\/10\/SHS-Logo.png","width":2720,"height":1223,"caption":"Swedish Hospital Supply"},"image":{"@id":"https:\/\/swehospitalsupply.se\/sv\/#\/schema\/logo\/image\/"},"sameAs":["https:\/\/www.instagram.com\/swedish_hospital_supply_ab\/"]}]}},"_links":{"self":[{"href":"https:\/\/swehospitalsupply.se\/sv\/wp-json\/wp\/v2\/product\/2567","targetHints":{"allow":["GET"]}}],"collection":[{"href":"https:\/\/swehospitalsupply.se\/sv\/wp-json\/wp\/v2\/product"}],"about":[{"href":"https:\/\/swehospitalsupply.se\/sv\/wp-json\/wp\/v2\/types\/product"}],"replies":[{"embeddable":true,"href":"https:\/\/swehospitalsupply.se\/sv\/wp-json\/wp\/v2\/comments?post=2567"}],"wp:featuredmedia":[{"embeddable":true,"href":"https:\/\/swehospitalsupply.se\/sv\/wp-json\/wp\/v2\/media\/2576"}],"wp:attachment":[{"href":"https:\/\/swehospitalsupply.se\/sv\/wp-json\/wp\/v2\/media?parent=2567"}],"wp:term":[{"taxonomy":"product_cat","embeddable":true,"href":"https:\/\/swehospitalsupply.se\/sv\/wp-json\/wp\/v2\/product_cat?post=2567"},{"taxonomy":"product_tag","embeddable":true,"href":"https:\/\/swehospitalsupply.se\/sv\/wp-json\/wp\/v2\/product_tag?post=2567"}],"curies":[{"name":"wp","href":"https:\/\/api.w.org\/{rel}","templated":true}]}}