{"id":2642,"date":"2025-12-08T18:05:02","date_gmt":"2025-12-08T17:05:02","guid":{"rendered":"https:\/\/swehospitalsupply.se\/?post_type=product&#038;p=2642"},"modified":"2025-12-08T18:05:03","modified_gmt":"2025-12-08T17:05:03","slug":"oppen-hoftskyddsbyxa-knappbar","status":"publish","type":"product","link":"https:\/\/swehospitalsupply.se\/sv\/produkt\/oppen-hoftskyddsbyxa-knappbar\/","title":{"rendered":"\u00d6ppen h\u00f6ftskyddsbyxa, kn\u00e4ppbar"},"content":{"rendered":"<p>Kn\u00e4ppbar h\u00f6ftskyddsbyxa f\u00f6r extra enkel p\u00e5tagning.<\/p>\n<p>Med hj\u00e4lp av tryckknappsst\u00e4ngningen kan inkontinensmaterial bytas utan att byxorna beh\u00f6ver tas av \u2013 \u00e4ven p\u00e5 liggande patienter. Byxan \u00e4r dessutom s\u00e4rskilt l\u00e4mpliga f\u00f6r personer med fysiska funktionsneds\u00e4ttningar och erbjuder extra s\u00e4kerhet vid toalettbes\u00f6k: Skyddsunderbyxan beh\u00f6ver inte dras ner och skyddar d\u00e4rmed \u00e4ven om personen tappar balansen och faller n\u00e4r hen tar p\u00e5 sig eller tar av sig underbyxan<\/p>\n<p>\u2022 tack vare ergonomisk, platt form<br \/>\n\u00e4r skydden inte synliga<br \/>\n\u2022 tack vare l\u00e5g totalvikt k\u00e4nns<br \/>\nde knappt<br \/>\n\u2022 kan b\u00e4ras dag och natt, idealiska<br \/>\n\u00e4ven n\u00e4r man ligger ner<br \/>\n\u2022 stor r\u00f6relsefrihet utan tryck och<br \/>\nskavm\u00e4rken<br \/>\n\u2022 effektivt skydd f\u00f6r l\u00e5rbenshalsen<br \/>\ngenom st\u00f6td\u00e4mpning, l\u00e5ngt \u00f6ver<br \/>\nden erforderliga normen<\/p>\n","protected":false},"excerpt":{"rendered":"<p>Kn\u00e4ppbar h\u00f6ftskyddsbyxa f\u00f6r extra enkel p\u00e5tagning<\/p>\n","protected":false},"featured_media":2644,"comment_status":"closed","ping_status":"closed","template":"","meta":{"_acf_changed":false,"_monsterinsights_skip_tracking":false,"_monsterinsights_sitenote_active":false,"_monsterinsights_sitenote_note":"","_monsterinsights_sitenote_category":0},"product_cat":[293,16],"product_tag":[],"class_list":{"0":"post-2642","1":"product","2":"type-product","3":"status-publish","4":"has-post-thumbnail","6":"product_cat-hoftskydd","7":"product_cat-okategoriserad","9":"first","10":"instock","11":"taxable","12":"shipping-taxable","13":"product-type-simple"},"acf":[],"yoast_head":"<!-- This site is optimized with the Yoast SEO plugin v24.1 - https:\/\/yoast.com\/wordpress\/plugins\/seo\/ -->\n<title>\u00d6ppen h\u00f6ftskyddsbyxa, kn\u00e4ppbar - Swedish Hospital Supplies<\/title>\n<meta name=\"robots\" content=\"index, follow, max-snippet:-1, max-image-preview:large, max-video-preview:-1\" \/>\n<link rel=\"canonical\" href=\"https:\/\/swehospitalsupply.se\/sv\/produkt\/oppen-hoftskyddsbyxa-knappbar\/\" \/>\n<meta property=\"og:locale\" content=\"sv_SE\" \/>\n<meta property=\"og:type\" content=\"article\" \/>\n<meta property=\"og:title\" content=\"\u00d6ppen h\u00f6ftskyddsbyxa, kn\u00e4ppbar - Swedish Hospital Supplies\" \/>\n<meta property=\"og:description\" content=\"Kn\u00e4ppbar h\u00f6ftskyddsbyxa f\u00f6r extra enkel p\u00e5tagning\" \/>\n<meta property=\"og:url\" content=\"https:\/\/swehospitalsupply.se\/sv\/produkt\/oppen-hoftskyddsbyxa-knappbar\/\" \/>\n<meta property=\"og:site_name\" content=\"Swedish Hospital Supplies\" \/>\n<meta property=\"article:modified_time\" content=\"2025-12-08T17:05:03+00:00\" \/>\n<meta property=\"og:image\" content=\"https:\/\/swehospitalsupply.se\/wp-content\/uploads\/2025\/12\/Bild-oppen-hoftskyddsbyxa.png\" \/>\n\t<meta property=\"og:image:width\" content=\"1920\" \/>\n\t<meta property=\"og:image:height\" content=\"1920\" \/>\n\t<meta property=\"og:image:type\" content=\"image\/png\" \/>\n<meta name=\"twitter:card\" content=\"summary_large_image\" \/>\n<meta name=\"twitter:label1\" content=\"Ber\u00e4knad l\u00e4stid\" \/>\n\t<meta name=\"twitter:data1\" content=\"1 minut\" \/>\n<script type=\"application\/ld+json\" class=\"yoast-schema-graph\">{\"@context\":\"https:\/\/schema.org\",\"@graph\":[{\"@type\":\"WebPage\",\"@id\":\"https:\/\/swehospitalsupply.se\/sv\/produkt\/oppen-hoftskyddsbyxa-knappbar\/\",\"url\":\"https:\/\/swehospitalsupply.se\/sv\/produkt\/oppen-hoftskyddsbyxa-knappbar\/\",\"name\":\"\u00d6ppen h\u00f6ftskyddsbyxa, kn\u00e4ppbar - Swedish Hospital Supplies\",\"isPartOf\":{\"@id\":\"https:\/\/swehospitalsupply.se\/sv\/#website\"},\"primaryImageOfPage\":{\"@id\":\"https:\/\/swehospitalsupply.se\/sv\/produkt\/oppen-hoftskyddsbyxa-knappbar\/#primaryimage\"},\"image\":{\"@id\":\"https:\/\/swehospitalsupply.se\/sv\/produkt\/oppen-hoftskyddsbyxa-knappbar\/#primaryimage\"},\"thumbnailUrl\":\"https:\/\/swehospitalsupply.se\/wp-content\/uploads\/2025\/12\/Bild-oppen-hoftskyddsbyxa.png\",\"datePublished\":\"2025-12-08T17:05:02+00:00\",\"dateModified\":\"2025-12-08T17:05:03+00:00\",\"breadcrumb\":{\"@id\":\"https:\/\/swehospitalsupply.se\/sv\/produkt\/oppen-hoftskyddsbyxa-knappbar\/#breadcrumb\"},\"inLanguage\":\"sv-SE\",\"potentialAction\":[{\"@type\":\"ReadAction\",\"target\":[\"https:\/\/swehospitalsupply.se\/sv\/produkt\/oppen-hoftskyddsbyxa-knappbar\/\"]}]},{\"@type\":\"ImageObject\",\"inLanguage\":\"sv-SE\",\"@id\":\"https:\/\/swehospitalsupply.se\/sv\/produkt\/oppen-hoftskyddsbyxa-knappbar\/#primaryimage\",\"url\":\"https:\/\/swehospitalsupply.se\/wp-content\/uploads\/2025\/12\/Bild-oppen-hoftskyddsbyxa.png\",\"contentUrl\":\"https:\/\/swehospitalsupply.se\/wp-content\/uploads\/2025\/12\/Bild-oppen-hoftskyddsbyxa.png\",\"width\":1920,\"height\":1920,\"caption\":\"Bild \u00f6ppen h\u00f6ftskyddsbyxa\"},{\"@type\":\"BreadcrumbList\",\"@id\":\"https:\/\/swehospitalsupply.se\/sv\/produkt\/oppen-hoftskyddsbyxa-knappbar\/#breadcrumb\",\"itemListElement\":[{\"@type\":\"ListItem\",\"position\":1,\"name\":\"Home\",\"item\":\"https:\/\/swehospitalsupply.se\/sv\/\"},{\"@type\":\"ListItem\",\"position\":2,\"name\":\"Webbutik\",\"item\":\"https:\/\/swehospitalsupply.se\/sv\/butik\/\"},{\"@type\":\"ListItem\",\"position\":3,\"name\":\"\u00d6ppen h\u00f6ftskyddsbyxa, kn\u00e4ppbar\"}]},{\"@type\":\"WebSite\",\"@id\":\"https:\/\/swehospitalsupply.se\/sv\/#website\",\"url\":\"https:\/\/swehospitalsupply.se\/sv\/\",\"name\":\"Swedish Hospital Supplies\",\"description\":\"Produkter f\u00f6r V\u00e5rden, Milit\u00e4ren, Fritid, Polis och R\u00e4ddningstj\u00e4nst\",\"publisher\":{\"@id\":\"https:\/\/swehospitalsupply.se\/sv\/#organization\"},\"potentialAction\":[{\"@type\":\"SearchAction\",\"target\":{\"@type\":\"EntryPoint\",\"urlTemplate\":\"https:\/\/swehospitalsupply.se\/sv\/?s={search_term_string}\"},\"query-input\":{\"@type\":\"PropertyValueSpecification\",\"valueRequired\":true,\"valueName\":\"search_term_string\"}}],\"inLanguage\":\"sv-SE\"},{\"@type\":\"Organization\",\"@id\":\"https:\/\/swehospitalsupply.se\/sv\/#organization\",\"name\":\"Swedish Hospital Supply\",\"url\":\"https:\/\/swehospitalsupply.se\/sv\/\",\"logo\":{\"@type\":\"ImageObject\",\"inLanguage\":\"sv-SE\",\"@id\":\"https:\/\/swehospitalsupply.se\/sv\/#\/schema\/logo\/image\/\",\"url\":\"https:\/\/swehospitalsupply.se\/wp-content\/uploads\/2020\/10\/SHS-Logo.png\",\"contentUrl\":\"https:\/\/swehospitalsupply.se\/wp-content\/uploads\/2020\/10\/SHS-Logo.png\",\"width\":2720,\"height\":1223,\"caption\":\"Swedish Hospital Supply\"},\"image\":{\"@id\":\"https:\/\/swehospitalsupply.se\/sv\/#\/schema\/logo\/image\/\"},\"sameAs\":[\"https:\/\/www.instagram.com\/swedish_hospital_supply_ab\/\"]}]}<\/script>\n<!-- \/ Yoast SEO plugin. -->","yoast_head_json":{"title":"\u00d6ppen h\u00f6ftskyddsbyxa, kn\u00e4ppbar - Swedish Hospital Supplies","robots":{"index":"index","follow":"follow","max-snippet":"max-snippet:-1","max-image-preview":"max-image-preview:large","max-video-preview":"max-video-preview:-1"},"canonical":"https:\/\/swehospitalsupply.se\/sv\/produkt\/oppen-hoftskyddsbyxa-knappbar\/","og_locale":"sv_SE","og_type":"article","og_title":"\u00d6ppen h\u00f6ftskyddsbyxa, kn\u00e4ppbar - Swedish Hospital Supplies","og_description":"Kn\u00e4ppbar h\u00f6ftskyddsbyxa f\u00f6r extra enkel p\u00e5tagning","og_url":"https:\/\/swehospitalsupply.se\/sv\/produkt\/oppen-hoftskyddsbyxa-knappbar\/","og_site_name":"Swedish Hospital Supplies","article_modified_time":"2025-12-08T17:05:03+00:00","og_image":[{"width":1920,"height":1920,"url":"https:\/\/swehospitalsupply.se\/wp-content\/uploads\/2025\/12\/Bild-oppen-hoftskyddsbyxa.png","type":"image\/png"}],"twitter_card":"summary_large_image","twitter_misc":{"Ber\u00e4knad l\u00e4stid":"1 minut"},"schema":{"@context":"https:\/\/schema.org","@graph":[{"@type":"WebPage","@id":"https:\/\/swehospitalsupply.se\/sv\/produkt\/oppen-hoftskyddsbyxa-knappbar\/","url":"https:\/\/swehospitalsupply.se\/sv\/produkt\/oppen-hoftskyddsbyxa-knappbar\/","name":"\u00d6ppen h\u00f6ftskyddsbyxa, kn\u00e4ppbar - Swedish Hospital Supplies","isPartOf":{"@id":"https:\/\/swehospitalsupply.se\/sv\/#website"},"primaryImageOfPage":{"@id":"https:\/\/swehospitalsupply.se\/sv\/produkt\/oppen-hoftskyddsbyxa-knappbar\/#primaryimage"},"image":{"@id":"https:\/\/swehospitalsupply.se\/sv\/produkt\/oppen-hoftskyddsbyxa-knappbar\/#primaryimage"},"thumbnailUrl":"https:\/\/swehospitalsupply.se\/wp-content\/uploads\/2025\/12\/Bild-oppen-hoftskyddsbyxa.png","datePublished":"2025-12-08T17:05:02+00:00","dateModified":"2025-12-08T17:05:03+00:00","breadcrumb":{"@id":"https:\/\/swehospitalsupply.se\/sv\/produkt\/oppen-hoftskyddsbyxa-knappbar\/#breadcrumb"},"inLanguage":"sv-SE","potentialAction":[{"@type":"ReadAction","target":["https:\/\/swehospitalsupply.se\/sv\/produkt\/oppen-hoftskyddsbyxa-knappbar\/"]}]},{"@type":"ImageObject","inLanguage":"sv-SE","@id":"https:\/\/swehospitalsupply.se\/sv\/produkt\/oppen-hoftskyddsbyxa-knappbar\/#primaryimage","url":"https:\/\/swehospitalsupply.se\/wp-content\/uploads\/2025\/12\/Bild-oppen-hoftskyddsbyxa.png","contentUrl":"https:\/\/swehospitalsupply.se\/wp-content\/uploads\/2025\/12\/Bild-oppen-hoftskyddsbyxa.png","width":1920,"height":1920,"caption":"Bild \u00f6ppen h\u00f6ftskyddsbyxa"},{"@type":"BreadcrumbList","@id":"https:\/\/swehospitalsupply.se\/sv\/produkt\/oppen-hoftskyddsbyxa-knappbar\/#breadcrumb","itemListElement":[{"@type":"ListItem","position":1,"name":"Home","item":"https:\/\/swehospitalsupply.se\/sv\/"},{"@type":"ListItem","position":2,"name":"Webbutik","item":"https:\/\/swehospitalsupply.se\/sv\/butik\/"},{"@type":"ListItem","position":3,"name":"\u00d6ppen h\u00f6ftskyddsbyxa, kn\u00e4ppbar"}]},{"@type":"WebSite","@id":"https:\/\/swehospitalsupply.se\/sv\/#website","url":"https:\/\/swehospitalsupply.se\/sv\/","name":"Swedish Hospital Supplies","description":"Produkter f\u00f6r V\u00e5rden, Milit\u00e4ren, Fritid, Polis och R\u00e4ddningstj\u00e4nst","publisher":{"@id":"https:\/\/swehospitalsupply.se\/sv\/#organization"},"potentialAction":[{"@type":"SearchAction","target":{"@type":"EntryPoint","urlTemplate":"https:\/\/swehospitalsupply.se\/sv\/?s={search_term_string}"},"query-input":{"@type":"PropertyValueSpecification","valueRequired":true,"valueName":"search_term_string"}}],"inLanguage":"sv-SE"},{"@type":"Organization","@id":"https:\/\/swehospitalsupply.se\/sv\/#organization","name":"Swedish Hospital Supply","url":"https:\/\/swehospitalsupply.se\/sv\/","logo":{"@type":"ImageObject","inLanguage":"sv-SE","@id":"https:\/\/swehospitalsupply.se\/sv\/#\/schema\/logo\/image\/","url":"https:\/\/swehospitalsupply.se\/wp-content\/uploads\/2020\/10\/SHS-Logo.png","contentUrl":"https:\/\/swehospitalsupply.se\/wp-content\/uploads\/2020\/10\/SHS-Logo.png","width":2720,"height":1223,"caption":"Swedish Hospital Supply"},"image":{"@id":"https:\/\/swehospitalsupply.se\/sv\/#\/schema\/logo\/image\/"},"sameAs":["https:\/\/www.instagram.com\/swedish_hospital_supply_ab\/"]}]}},"_links":{"self":[{"href":"https:\/\/swehospitalsupply.se\/sv\/wp-json\/wp\/v2\/product\/2642","targetHints":{"allow":["GET"]}}],"collection":[{"href":"https:\/\/swehospitalsupply.se\/sv\/wp-json\/wp\/v2\/product"}],"about":[{"href":"https:\/\/swehospitalsupply.se\/sv\/wp-json\/wp\/v2\/types\/product"}],"replies":[{"embeddable":true,"href":"https:\/\/swehospitalsupply.se\/sv\/wp-json\/wp\/v2\/comments?post=2642"}],"wp:featuredmedia":[{"embeddable":true,"href":"https:\/\/swehospitalsupply.se\/sv\/wp-json\/wp\/v2\/media\/2644"}],"wp:attachment":[{"href":"https:\/\/swehospitalsupply.se\/sv\/wp-json\/wp\/v2\/media?parent=2642"}],"wp:term":[{"taxonomy":"product_cat","embeddable":true,"href":"https:\/\/swehospitalsupply.se\/sv\/wp-json\/wp\/v2\/product_cat?post=2642"},{"taxonomy":"product_tag","embeddable":true,"href":"https:\/\/swehospitalsupply.se\/sv\/wp-json\/wp\/v2\/product_tag?post=2642"}],"curies":[{"name":"wp","href":"https:\/\/api.w.org\/{rel}","templated":true}]}}