{"id":2731,"date":"2026-02-19T11:54:17","date_gmt":"2026-02-19T10:54:17","guid":{"rendered":"https:\/\/swehospitalsupply.se\/?post_type=product&#038;p=2731"},"modified":"2026-03-03T13:33:08","modified_gmt":"2026-03-03T12:33:08","slug":"harex-uretraklamma","status":"publish","type":"product","link":"https:\/\/swehospitalsupply.se\/sv\/produkt\/harex-uretraklamma\/","title":{"rendered":"Harex &#8211; uretrakl\u00e4mma"},"content":{"rendered":"<p>Hj\u00e4lpmedel f\u00f6r kontroll av manlig urininkontinens.<\/p>\n<p>Harex f\u00f6rhindrar och stoppar ofrivilligt urinl\u00e4ckage hos m\u00e4n genom att tryck appliceras p\u00e5 urinr\u00f6ret. Den \u00e4r liten, bekv\u00e4m och fullt justerbar<\/p>\n<p>1. Bekv\u00e4m: Harex \u00e4r utformad s\u00e5 att den kan anv\u00e4ndas i flera timmar \u00e5t g\u00e5ngen.<br \/>\n2. H\u00e5llbar och p\u00e5litlig: tillverkad av h\u00f6gkvalitativa material som garanterar perfekt funktion.<br \/>\n3. L\u00e4tt att anv\u00e4nda: designad f\u00f6r att anv\u00e4ndas utan n\u00e5gon hj\u00e4lp<br \/>\n4. Hygieniskt: h\u00e5ller k\u00f6nsomr\u00e5det torrt och f\u00f6rhindrar lukt och infektioner.<br \/>\n5. L\u00e4tt att reng\u00f6ra: reng\u00f6r med varmt vatten och tv\u00e5l.<br \/>\n6. Till\u00e5ter blodcirkulation: s\u00e4tter inget tryck p\u00e5 sidorna av penis och kan d\u00e4rf\u00f6r anv\u00e4ndas i flera timmar \u00e5t g\u00e5ngen.<\/p>\n","protected":false},"excerpt":{"rendered":"<p>Harex f\u00f6rhindrar och stoppar ofrivilligt urinl\u00e4ckage hos m\u00e4n genom att tryck appliceras p\u00e5 urinr\u00f6ret. Den \u00e4r liten, bekv\u00e4m och fullt justerbar.<\/p>\n","protected":false},"featured_media":2748,"comment_status":"closed","ping_status":"closed","template":"","meta":{"_acf_changed":false,"_monsterinsights_skip_tracking":false,"_monsterinsights_sitenote_active":false,"_monsterinsights_sitenote_note":"","_monsterinsights_sitenote_category":0},"product_cat":[213,290],"product_tag":[],"class_list":{"0":"post-2731","1":"product","2":"type-product","3":"status-publish","4":"has-post-thumbnail","6":"product_cat-inkontinens-urologi","7":"product_cat-inkontinensskydd","9":"first","10":"instock","11":"featured","12":"taxable","13":"shipping-taxable","14":"product-type-simple"},"acf":[],"yoast_head":"<!-- This site is optimized with the Yoast SEO plugin v24.1 - https:\/\/yoast.com\/wordpress\/plugins\/seo\/ -->\n<title>Harex - uretrakl\u00e4mma - Swedish Hospital Supplies<\/title>\n<meta name=\"robots\" content=\"index, follow, max-snippet:-1, max-image-preview:large, max-video-preview:-1\" \/>\n<link rel=\"canonical\" href=\"https:\/\/swehospitalsupply.se\/sv\/produkt\/harex-uretraklamma\/\" \/>\n<meta property=\"og:locale\" content=\"sv_SE\" \/>\n<meta property=\"og:type\" content=\"article\" \/>\n<meta property=\"og:title\" content=\"Harex - uretrakl\u00e4mma - Swedish Hospital Supplies\" \/>\n<meta property=\"og:description\" content=\"Harex f\u00f6rhindrar och stoppar ofrivilligt urinl\u00e4ckage hos m\u00e4n genom att tryck appliceras p\u00e5 urinr\u00f6ret. Den \u00e4r liten, bekv\u00e4m och fullt justerbar.\" \/>\n<meta property=\"og:url\" content=\"https:\/\/swehospitalsupply.se\/sv\/produkt\/harex-uretraklamma\/\" \/>\n<meta property=\"og:site_name\" content=\"Swedish Hospital Supplies\" \/>\n<meta property=\"article:modified_time\" content=\"2026-03-03T12:33:08+00:00\" \/>\n<meta property=\"og:image\" content=\"https:\/\/swehospitalsupply.se\/wp-content\/uploads\/2026\/02\/8_2022_04_20_OK.png\" \/>\n\t<meta property=\"og:image:width\" content=\"1421\" \/>\n\t<meta property=\"og:image:height\" content=\"1279\" \/>\n\t<meta property=\"og:image:type\" content=\"image\/png\" \/>\n<meta name=\"twitter:card\" content=\"summary_large_image\" \/>\n<meta name=\"twitter:label1\" content=\"Ber\u00e4knad l\u00e4stid\" \/>\n\t<meta name=\"twitter:data1\" content=\"1 minut\" \/>\n<script type=\"application\/ld+json\" class=\"yoast-schema-graph\">{\"@context\":\"https:\/\/schema.org\",\"@graph\":[{\"@type\":\"WebPage\",\"@id\":\"https:\/\/swehospitalsupply.se\/sv\/produkt\/harex-uretraklamma\/\",\"url\":\"https:\/\/swehospitalsupply.se\/sv\/produkt\/harex-uretraklamma\/\",\"name\":\"Harex - uretrakl\u00e4mma - Swedish Hospital Supplies\",\"isPartOf\":{\"@id\":\"https:\/\/swehospitalsupply.se\/sv\/#website\"},\"primaryImageOfPage\":{\"@id\":\"https:\/\/swehospitalsupply.se\/sv\/produkt\/harex-uretraklamma\/#primaryimage\"},\"image\":{\"@id\":\"https:\/\/swehospitalsupply.se\/sv\/produkt\/harex-uretraklamma\/#primaryimage\"},\"thumbnailUrl\":\"https:\/\/swehospitalsupply.se\/wp-content\/uploads\/2026\/02\/8_2022_04_20_OK.png\",\"datePublished\":\"2026-02-19T10:54:17+00:00\",\"dateModified\":\"2026-03-03T12:33:08+00:00\",\"breadcrumb\":{\"@id\":\"https:\/\/swehospitalsupply.se\/sv\/produkt\/harex-uretraklamma\/#breadcrumb\"},\"inLanguage\":\"sv-SE\",\"potentialAction\":[{\"@type\":\"ReadAction\",\"target\":[\"https:\/\/swehospitalsupply.se\/sv\/produkt\/harex-uretraklamma\/\"]}]},{\"@type\":\"ImageObject\",\"inLanguage\":\"sv-SE\",\"@id\":\"https:\/\/swehospitalsupply.se\/sv\/produkt\/harex-uretraklamma\/#primaryimage\",\"url\":\"https:\/\/swehospitalsupply.se\/wp-content\/uploads\/2026\/02\/8_2022_04_20_OK.png\",\"contentUrl\":\"https:\/\/swehospitalsupply.se\/wp-content\/uploads\/2026\/02\/8_2022_04_20_OK.png\",\"width\":1421,\"height\":1279,\"caption\":\"8 2022 04 20 OK\"},{\"@type\":\"BreadcrumbList\",\"@id\":\"https:\/\/swehospitalsupply.se\/sv\/produkt\/harex-uretraklamma\/#breadcrumb\",\"itemListElement\":[{\"@type\":\"ListItem\",\"position\":1,\"name\":\"Home\",\"item\":\"https:\/\/swehospitalsupply.se\/sv\/\"},{\"@type\":\"ListItem\",\"position\":2,\"name\":\"Webbutik\",\"item\":\"https:\/\/swehospitalsupply.se\/sv\/butik\/\"},{\"@type\":\"ListItem\",\"position\":3,\"name\":\"Harex &#8211; uretrakl\u00e4mma\"}]},{\"@type\":\"WebSite\",\"@id\":\"https:\/\/swehospitalsupply.se\/sv\/#website\",\"url\":\"https:\/\/swehospitalsupply.se\/sv\/\",\"name\":\"Swedish Hospital Supplies\",\"description\":\"Produkter f\u00f6r V\u00e5rden, Milit\u00e4ren, Fritid, Polis och R\u00e4ddningstj\u00e4nst\",\"publisher\":{\"@id\":\"https:\/\/swehospitalsupply.se\/sv\/#organization\"},\"potentialAction\":[{\"@type\":\"SearchAction\",\"target\":{\"@type\":\"EntryPoint\",\"urlTemplate\":\"https:\/\/swehospitalsupply.se\/sv\/?s={search_term_string}\"},\"query-input\":{\"@type\":\"PropertyValueSpecification\",\"valueRequired\":true,\"valueName\":\"search_term_string\"}}],\"inLanguage\":\"sv-SE\"},{\"@type\":\"Organization\",\"@id\":\"https:\/\/swehospitalsupply.se\/sv\/#organization\",\"name\":\"Swedish Hospital Supply\",\"url\":\"https:\/\/swehospitalsupply.se\/sv\/\",\"logo\":{\"@type\":\"ImageObject\",\"inLanguage\":\"sv-SE\",\"@id\":\"https:\/\/swehospitalsupply.se\/sv\/#\/schema\/logo\/image\/\",\"url\":\"https:\/\/swehospitalsupply.se\/wp-content\/uploads\/2020\/10\/SHS-Logo.png\",\"contentUrl\":\"https:\/\/swehospitalsupply.se\/wp-content\/uploads\/2020\/10\/SHS-Logo.png\",\"width\":2720,\"height\":1223,\"caption\":\"Swedish Hospital Supply\"},\"image\":{\"@id\":\"https:\/\/swehospitalsupply.se\/sv\/#\/schema\/logo\/image\/\"},\"sameAs\":[\"https:\/\/www.instagram.com\/swedish_hospital_supply_ab\/\"]}]}<\/script>\n<!-- \/ Yoast SEO plugin. -->","yoast_head_json":{"title":"Harex - uretrakl\u00e4mma - Swedish Hospital Supplies","robots":{"index":"index","follow":"follow","max-snippet":"max-snippet:-1","max-image-preview":"max-image-preview:large","max-video-preview":"max-video-preview:-1"},"canonical":"https:\/\/swehospitalsupply.se\/sv\/produkt\/harex-uretraklamma\/","og_locale":"sv_SE","og_type":"article","og_title":"Harex - uretrakl\u00e4mma - Swedish Hospital Supplies","og_description":"Harex f\u00f6rhindrar och stoppar ofrivilligt urinl\u00e4ckage hos m\u00e4n genom att tryck appliceras p\u00e5 urinr\u00f6ret. Den \u00e4r liten, bekv\u00e4m och fullt justerbar.","og_url":"https:\/\/swehospitalsupply.se\/sv\/produkt\/harex-uretraklamma\/","og_site_name":"Swedish Hospital Supplies","article_modified_time":"2026-03-03T12:33:08+00:00","og_image":[{"width":1421,"height":1279,"url":"https:\/\/swehospitalsupply.se\/wp-content\/uploads\/2026\/02\/8_2022_04_20_OK.png","type":"image\/png"}],"twitter_card":"summary_large_image","twitter_misc":{"Ber\u00e4knad l\u00e4stid":"1 minut"},"schema":{"@context":"https:\/\/schema.org","@graph":[{"@type":"WebPage","@id":"https:\/\/swehospitalsupply.se\/sv\/produkt\/harex-uretraklamma\/","url":"https:\/\/swehospitalsupply.se\/sv\/produkt\/harex-uretraklamma\/","name":"Harex - uretrakl\u00e4mma - Swedish Hospital Supplies","isPartOf":{"@id":"https:\/\/swehospitalsupply.se\/sv\/#website"},"primaryImageOfPage":{"@id":"https:\/\/swehospitalsupply.se\/sv\/produkt\/harex-uretraklamma\/#primaryimage"},"image":{"@id":"https:\/\/swehospitalsupply.se\/sv\/produkt\/harex-uretraklamma\/#primaryimage"},"thumbnailUrl":"https:\/\/swehospitalsupply.se\/wp-content\/uploads\/2026\/02\/8_2022_04_20_OK.png","datePublished":"2026-02-19T10:54:17+00:00","dateModified":"2026-03-03T12:33:08+00:00","breadcrumb":{"@id":"https:\/\/swehospitalsupply.se\/sv\/produkt\/harex-uretraklamma\/#breadcrumb"},"inLanguage":"sv-SE","potentialAction":[{"@type":"ReadAction","target":["https:\/\/swehospitalsupply.se\/sv\/produkt\/harex-uretraklamma\/"]}]},{"@type":"ImageObject","inLanguage":"sv-SE","@id":"https:\/\/swehospitalsupply.se\/sv\/produkt\/harex-uretraklamma\/#primaryimage","url":"https:\/\/swehospitalsupply.se\/wp-content\/uploads\/2026\/02\/8_2022_04_20_OK.png","contentUrl":"https:\/\/swehospitalsupply.se\/wp-content\/uploads\/2026\/02\/8_2022_04_20_OK.png","width":1421,"height":1279,"caption":"8 2022 04 20 OK"},{"@type":"BreadcrumbList","@id":"https:\/\/swehospitalsupply.se\/sv\/produkt\/harex-uretraklamma\/#breadcrumb","itemListElement":[{"@type":"ListItem","position":1,"name":"Home","item":"https:\/\/swehospitalsupply.se\/sv\/"},{"@type":"ListItem","position":2,"name":"Webbutik","item":"https:\/\/swehospitalsupply.se\/sv\/butik\/"},{"@type":"ListItem","position":3,"name":"Harex &#8211; uretrakl\u00e4mma"}]},{"@type":"WebSite","@id":"https:\/\/swehospitalsupply.se\/sv\/#website","url":"https:\/\/swehospitalsupply.se\/sv\/","name":"Swedish Hospital Supplies","description":"Produkter f\u00f6r V\u00e5rden, Milit\u00e4ren, Fritid, Polis och R\u00e4ddningstj\u00e4nst","publisher":{"@id":"https:\/\/swehospitalsupply.se\/sv\/#organization"},"potentialAction":[{"@type":"SearchAction","target":{"@type":"EntryPoint","urlTemplate":"https:\/\/swehospitalsupply.se\/sv\/?s={search_term_string}"},"query-input":{"@type":"PropertyValueSpecification","valueRequired":true,"valueName":"search_term_string"}}],"inLanguage":"sv-SE"},{"@type":"Organization","@id":"https:\/\/swehospitalsupply.se\/sv\/#organization","name":"Swedish Hospital Supply","url":"https:\/\/swehospitalsupply.se\/sv\/","logo":{"@type":"ImageObject","inLanguage":"sv-SE","@id":"https:\/\/swehospitalsupply.se\/sv\/#\/schema\/logo\/image\/","url":"https:\/\/swehospitalsupply.se\/wp-content\/uploads\/2020\/10\/SHS-Logo.png","contentUrl":"https:\/\/swehospitalsupply.se\/wp-content\/uploads\/2020\/10\/SHS-Logo.png","width":2720,"height":1223,"caption":"Swedish Hospital Supply"},"image":{"@id":"https:\/\/swehospitalsupply.se\/sv\/#\/schema\/logo\/image\/"},"sameAs":["https:\/\/www.instagram.com\/swedish_hospital_supply_ab\/"]}]}},"_links":{"self":[{"href":"https:\/\/swehospitalsupply.se\/sv\/wp-json\/wp\/v2\/product\/2731","targetHints":{"allow":["GET"]}}],"collection":[{"href":"https:\/\/swehospitalsupply.se\/sv\/wp-json\/wp\/v2\/product"}],"about":[{"href":"https:\/\/swehospitalsupply.se\/sv\/wp-json\/wp\/v2\/types\/product"}],"replies":[{"embeddable":true,"href":"https:\/\/swehospitalsupply.se\/sv\/wp-json\/wp\/v2\/comments?post=2731"}],"wp:featuredmedia":[{"embeddable":true,"href":"https:\/\/swehospitalsupply.se\/sv\/wp-json\/wp\/v2\/media\/2748"}],"wp:attachment":[{"href":"https:\/\/swehospitalsupply.se\/sv\/wp-json\/wp\/v2\/media?parent=2731"}],"wp:term":[{"taxonomy":"product_cat","embeddable":true,"href":"https:\/\/swehospitalsupply.se\/sv\/wp-json\/wp\/v2\/product_cat?post=2731"},{"taxonomy":"product_tag","embeddable":true,"href":"https:\/\/swehospitalsupply.se\/sv\/wp-json\/wp\/v2\/product_tag?post=2731"}],"curies":[{"name":"wp","href":"https:\/\/api.w.org\/{rel}","templated":true}]}}